{"id":20669,"date":"2024-10-21T17:31:06","date_gmt":"2024-10-21T15:31:06","guid":{"rendered":"https:\/\/digitaljustice.uwr.edu.pl\/?page_id=20669"},"modified":"2025-07-09T14:26:12","modified_gmt":"2025-07-09T12:26:12","slug":"ewa-gorska","status":"publish","type":"page","link":"https:\/\/digitaljustice.uwr.edu.pl\/en\/core-team\/ewa-gorska\/","title":{"rendered":"Ewa G\u00f3rska"},"content":{"rendered":"\n<div class=\"wp-block-ugb-container ugb-container ugb-8dda971 ugb-container--v2 ugb-container--design-plain ugb-main-block\"><div class=\"ugb-inner-block\"><div class=\"ugb-block-content\"><div class=\"ugb-container__wrapper ugb-8dda971-wrapper\"><div class=\"ugb-container__side\"><div class=\"ugb-container__content-wrapper ugb-8dda971-content-wrapper\">\n<div class=\"wp-block-columns bs-news-page is-layout-flex wp-block-columns-is-layout-flex\">\n<div class=\"wp-block-column bs-kontakt-photo is-layout-flow wp-block-column-is-layout-flow\">\n<figure class=\"wp-block-image size-large\"><img loading=\"lazy\" decoding=\"async\" width=\"1024\" height=\"682\" src=\"https:\/\/digitaljustice.uwr.edu.pl\/wp-content\/uploads\/sites\/21\/2024\/10\/Ewa_wrzesien-2-1024x682.jpg\" alt=\"x\" class=\"wp-image-20675\" srcset=\"https:\/\/digitaljustice.uwr.edu.pl\/wp-content\/uploads\/sites\/21\/2024\/10\/Ewa_wrzesien-2-1024x682.jpg 1024w, https:\/\/digitaljustice.uwr.edu.pl\/wp-content\/uploads\/sites\/21\/2024\/10\/Ewa_wrzesien-2-300x200.jpg 300w, https:\/\/digitaljustice.uwr.edu.pl\/wp-content\/uploads\/sites\/21\/2024\/10\/Ewa_wrzesien-2-768x512.jpg 768w, https:\/\/digitaljustice.uwr.edu.pl\/wp-content\/uploads\/sites\/21\/2024\/10\/Ewa_wrzesien-2-1536x1024.jpg 1536w, https:\/\/digitaljustice.uwr.edu.pl\/wp-content\/uploads\/sites\/21\/2024\/10\/Ewa_wrzesien-2-1320x880.jpg 1320w, https:\/\/digitaljustice.uwr.edu.pl\/wp-content\/uploads\/sites\/21\/2024\/10\/Ewa_wrzesien-2-24x16.jpg 24w, https:\/\/digitaljustice.uwr.edu.pl\/wp-content\/uploads\/sites\/21\/2024\/10\/Ewa_wrzesien-2-36x24.jpg 36w, https:\/\/digitaljustice.uwr.edu.pl\/wp-content\/uploads\/sites\/21\/2024\/10\/Ewa_wrzesien-2-48x32.jpg 48w, https:\/\/digitaljustice.uwr.edu.pl\/wp-content\/uploads\/sites\/21\/2024\/10\/Ewa_wrzesien-2.jpg 2000w\" sizes=\"auto, (max-width: 1024px) 100vw, 1024px\" \/><\/figure>\n<\/div>\n\n\n\n<div class=\"wp-block-column bs-contact-right-column is-layout-flow wp-block-column-is-layout-flow\">\n<div class=\"wp-block-bonasoft-modular-breadcrumbs-block\"><div class=\"bs_add_breadcrumb_trail\"><\/div><\/div>\n\n\n\n<hr class=\"wp-block-separator has-text-color has-black-color has-css-opacity has-black-background-color has-background is-style-wide bs-border-kontakt\"\/>\n\n\n\n<h1 class=\"wp-block-heading bs-naglowek-podstrony\"><strong>Ewa G\u00f3rska<\/strong><\/h1>\n\n\n\n<p>Ewa G\u00f3rska, PhD in Law, is an Assistant Professor at the Digital Justice Center, specialising in empirical research in Law &amp; Society and Law &amp; Culture.<\/p>\n\n\n\n<p>Contact: ewa.gorska@uwr.edu.pl<\/p>\n\n\n\n<p>Ewa holds two master&#8217;s degrees, in Middle Eastern Studies and Law, both from the<a href=\"https:\/\/en.uj.edu.pl\/en_GB\/start\"> Jagiellonian University<\/a>. During her studies, she was awarded her first research grant and served as Principal Investigator on the project &#8220;Biopolitics and Bioethics in Muslim States in the Middle East&#8221; (funded by the Polish Ministry of Higher Education, 2014-2018, under the \u2018Diamond Grant\u2019 programme).<\/p>\n\n\n\n<p>She pursued PhD studies in Sociology and Law at the Jagiellonian University. In 2017, she was awarded the <a href=\"https:\/\/www.sylff.org\/fellows\/ewa-gorska\/\">Ryoichi Sasakawa Young Leaders Fellowship Fund<\/a> (SYLFF) for a research internship at <a href=\"https:\/\/www.bethlehem.edu\/\">Bethlehem University<\/a>, State of Palestine.<\/p>\n\n\n\n<p>Her PhD dissertation, which she defended with distinction in April 2021, focused on contemporary Islamic law in Palestine, Egypt, and Lebanon.<\/p>\n\n\n\n<p>In September 2022, she was a visiting researcher at the <a href=\"https:\/\/www.buffalo.edu\/\">University at Buffalo,<\/a> USA.<\/p>\n\n\n\n<p>Ewa has also contributed to several research projects as an investigator, including &#8220;<a href=\"https:\/\/projekty.ncn.gov.pl\/en\/index.php?projekt_id=481942\">Political Dimension of Violence Against Cities: Urbicide in Palestine \u2014 A Case Study<\/a>&#8221; (funded by the Polish National Science Centre, 2020-2024, University of \u0141\u00f3d\u017a, Principal Investigator: dr hab. <a href=\"https:\/\/www.uni.lodz.pl\/en\/employee\/dorota-golanska\">Dorota Gola\u0144ska<\/a>) and &#8220;<a href=\"https:\/\/www.sgh.waw.pl\/en\/research-projects-and-grants\/empathy-lets-empower-participate-and-teach-each-other-hype-empathy-challenging-discourse-about-islam\">EMPATHY: Let&#8217;s Empower, Participate and Teach Each Other to Hype Empathy. Challenging Discourse about Islam and Muslims in Poland<\/a>&#8221; (funded by the European Commission within the CERV programme, 2022-2023, SGH Warsaw School of Economics, Principal Investigator: prof. Katarzyna G\u00f3rak-Sosnowska).<\/p>\n\n\n\n<p>In 2024, she secured funding for the project &#8220;<a href=\"https:\/\/digitaljustice.uwr.edu.pl\/en\/projects\/judging-islam-analysis-of-european-court-cases-involving-islam-2024-2027\/\">Judging Islam: Analysis of European Court Rulings on Islam<\/a>&#8221; (Polish National Science Centre, 2024-2027).<\/p>\n\n\n\n<p>Her research focuses on injustices in legal systems, particularly bias against Islam and Orientalist discourses in Polish and European law, as well as legal narratives surrounding the Palestine Question. She is also interested in critical legal geography and contemporary legal pluralism in West Asian societies.<\/p>\n\n\n\n<p>Ewa is the author of the book <a href=\"https:\/\/www.researchgate.net\/publication\/351515220_Wspolczesna_dynamika_prawa_muzulmanskiego_wobec_problemow_bioetycznych_Wstep\">Contemporary Dynamics of Islamic Law on Bioethical Issues <\/a>and co-author of <a href=\"https:\/\/www.researchgate.net\/publication\/377466878_Islam_w_polskim_sadzie\">Islam in the Polish Court <\/a>(with <a href=\"https:\/\/ksp.wpia.uj.edu.pl\/anna-juzaszek\">Anna Juzaszek<\/a>). She has also published numerous articles, chapters, and reports.<\/p>\n\n\n\n<p>She has extensive experience in conducting field research and working on development cooperation projects in the West Asia region.<\/p>\n\n\n\n<p>Ewa is a member of the <a href=\"https:\/\/www.lawandsociety.org\/\">Law and Society Association<\/a>, the <a href=\"https:\/\/www.alsa.network\/\">Asian Law and Society Association<\/a>, and the <a href=\"https:\/\/www.ffippeu.com\/\">Educational Network for Human Rights in Palestine and Israel<\/a> (FFIPP).<\/p>\n\n\n\n<p>She regularly collaborates with Polish and international civil society organisations and is a dedicated science communicator. Currently, she runs <a href=\"https:\/\/open.spotify.com\/show\/3wvOmkpc45gdt2nsWUanrp?si=831ebe41dd384fff\">Reorient.pl<\/a>, a podcast focused on cultural studies and law, and has previously hosted and co-produced the <a href=\"https:\/\/open.spotify.com\/show\/0gKfmVgj8NifLIn6b4ExPb?si=91381ee71169421f\">Law of the Future<\/a> podcast.<\/p>\n\n\n\n<p>Personally, she enjoys wild nature, energetic dogs, and English and Scandinavian crime novels and TV series.<\/p>\n\n\n\n<p>ORCID: <a href=\"https:\/\/orcid.org\/0000-0001-9107-5486\">https:\/\/orcid.org\/0000-0001-9107-5486<\/a><\/p>\n<\/div>\n<\/div>\n\n\n\n<div class=\"wp-block-ugb-container ugb-container bs-news-page-under ugb-f8694ce ugb-container--v2 ugb-container--design-plain ugb-main-block\"><div class=\"ugb-inner-block\"><div class=\"ugb-block-content\"><div class=\"ugb-container__wrapper ugb-f8694ce-wrapper\"><div class=\"ugb-container__side\"><div class=\"ugb-container__content-wrapper ugb-f8694ce-content-wrapper\">\n<p><\/p>\n<\/div><\/div><\/div><\/div><\/div><\/div>\n<\/div><\/div><\/div><\/div><\/div><\/div>\n","protected":false},"excerpt":{"rendered":"<p>Ewa G\u00f3rska Ewa G\u00f3rska, PhD in Law, is an Assistant Professor at the Digital Justice Center, specialising in empirical research in Law &amp; Society and Law &amp; Culture. Contact: ewa.gorska@uwr.edu.pl Ewa holds two master&#8217;s degrees, in Middle Eastern Studies and Law, both from the Jagiellonian University. During her studies, she was awarded her first research [&hellip;]<\/p>\n","protected":false},"author":92,"featured_media":0,"parent":14269,"menu_order":5,"comment_status":"closed","ping_status":"closed","template":"","meta":{"_acf_changed":false,"inline_featured_image":false,"site-sidebar-layout":"default","site-content-layout":"","ast-site-content-layout":"default","site-content-style":"default","site-sidebar-style":"default","ast-global-header-display":"","ast-banner-title-visibility":"","ast-main-header-display":"","ast-hfb-above-header-display":"","ast-hfb-below-header-display":"","ast-hfb-mobile-header-display":"","site-post-title":"","ast-breadcrumbs-content":"","ast-featured-img":"","footer-sml-layout":"","ast-disable-related-posts":"","theme-transparent-header-meta":"","adv-header-id-meta":"","stick-header-meta":"","header-above-stick-meta":"","header-main-stick-meta":"","header-below-stick-meta":"","astra-migrate-meta-layouts":"set","ast-page-background-enabled":"default","ast-page-background-meta":{"desktop":{"background-color":"","background-image":"","background-repeat":"repeat","background-position":"center center","background-size":"auto","background-attachment":"scroll","background-type":"","background-media":"","overlay-type":"","overlay-color":"","overlay-opacity":"","overlay-gradient":""},"tablet":{"background-color":"","background-image":"","background-repeat":"repeat","background-position":"center center","background-size":"auto","background-attachment":"scroll","background-type":"","background-media":"","overlay-type":"","overlay-color":"","overlay-opacity":"","overlay-gradient":""},"mobile":{"background-color":"","background-image":"","background-repeat":"repeat","background-position":"center center","background-size":"auto","background-attachment":"scroll","background-type":"","background-media":"","overlay-type":"","overlay-color":"","overlay-opacity":"","overlay-gradient":""}},"ast-content-background-meta":{"desktop":{"background-color":"var(--ast-global-color-5)","background-image":"","background-repeat":"repeat","background-position":"center center","background-size":"auto","background-attachment":"scroll","background-type":"","background-media":"","overlay-type":"","overlay-color":"","overlay-opacity":"","overlay-gradient":""},"tablet":{"background-color":"var(--ast-global-color-5)","background-image":"","background-repeat":"repeat","background-position":"center center","background-size":"auto","background-attachment":"scroll","background-type":"","background-media":"","overlay-type":"","overlay-color":"","overlay-opacity":"","overlay-gradient":""},"mobile":{"background-color":"var(--ast-global-color-5)","background-image":"","background-repeat":"repeat","background-position":"center center","background-size":"auto","background-attachment":"scroll","background-type":"","background-media":"","overlay-type":"","overlay-color":"","overlay-opacity":"","overlay-gradient":""}},"footnotes":""},"categories":[],"tags":[],"class_list":["post-20669","page","type-page","status-publish","hentry"],"featured_image_urls_v2":{"full":"","thumbnail":"","medium":"","medium_large":"","large":"","1536x1536":"","2048x2048":"","menu-24x24":"","menu-36x36":"","menu-48x48":""},"post_excerpt_stackable_v2":"<p>Ewa G\u00f3rska Ewa G\u00f3rska, PhD in Law, is an Assistant Professor at the Digital Justice Center, specialising in empirical research in Law &amp; Society and Law &amp; Culture. Contact: ewa.gorska@uwr.edu.pl Ewa holds two master&#8217;s degrees, in Middle Eastern Studies and Law, both from the Jagiellonian University. During her studies, she was awarded her first research grant and served as Principal Investigator on the project &#8220;Biopolitics and Bioethics in Muslim States in the Middle East&#8221; (funded by the Polish Ministry of Higher Education, 2014-2018, under the \u2018Diamond Grant\u2019 programme). She pursued PhD studies in Sociology and Law at the Jagiellonian University.&hellip;<\/p>\n","category_list_v2":"Uncategorized","author_info_v2":{"name":"kamil.sobanski@uwr.edu.pl","url":"https:\/\/digitaljustice.uwr.edu.pl\/en\/author\/kamil-sobanskiuwr-edu-pl\/"},"comments_num_v2":"0 comments","acf":[],"yoast_head":"<!-- This site is optimized with the Yoast SEO plugin v27.1.1 - https:\/\/yoast.com\/product\/yoast-seo-wordpress\/ -->\n<title>Ewa G\u00f3rska - Digital Justice Center<\/title>\n<meta name=\"description\" content=\"The Digital Justice Center was established as part of the \u201cExcellence Initiative \u2013 Research University\u201d program at the University of Wroclaw which is one of ten Research Universities in Poland.\" \/>\n<meta name=\"robots\" content=\"index, follow, max-snippet:-1, max-image-preview:large, max-video-preview:-1\" \/>\n<link rel=\"canonical\" href=\"https:\/\/digitaljustice.uwr.edu.pl\/en\/core-team\/ewa-gorska\/\" \/>\n<meta property=\"og:locale\" content=\"en_US\" \/>\n<meta property=\"og:type\" content=\"article\" \/>\n<meta property=\"og:title\" content=\"Ewa G\u00f3rska - Digital Justice Center\" \/>\n<meta property=\"og:description\" content=\"The Digital Justice Center was established as part of the \u201cExcellence Initiative \u2013 Research University\u201d program at the University of Wroclaw which is one of ten Research Universities in Poland.\" \/>\n<meta property=\"og:url\" content=\"https:\/\/digitaljustice.uwr.edu.pl\/en\/core-team\/ewa-gorska\/\" \/>\n<meta property=\"og:site_name\" content=\"Digital Justice Center\" \/>\n<meta property=\"article:modified_time\" content=\"2025-07-09T12:26:12+00:00\" \/>\n<meta property=\"og:image\" content=\"https:\/\/digitaljustice.uwr.edu.pl\/wp-content\/uploads\/sites\/21\/2024\/10\/Ewa_wrzesien-2.jpg\" \/>\n\t<meta property=\"og:image:width\" content=\"2000\" \/>\n\t<meta property=\"og:image:height\" content=\"1333\" \/>\n\t<meta property=\"og:image:type\" content=\"image\/jpeg\" \/>\n<meta name=\"twitter:card\" content=\"summary_large_image\" \/>\n<meta name=\"twitter:label1\" content=\"Est. reading time\" \/>\n\t<meta name=\"twitter:data1\" content=\"3 minutes\" \/>\n<script type=\"application\/ld+json\" class=\"yoast-schema-graph\">{\"@context\":\"https:\/\/schema.org\",\"@graph\":[{\"@type\":\"WebPage\",\"@id\":\"https:\/\/digitaljustice.uwr.edu.pl\/en\/core-team\/ewa-gorska\/\",\"url\":\"https:\/\/digitaljustice.uwr.edu.pl\/en\/core-team\/ewa-gorska\/\",\"name\":\"Ewa G\u00f3rska - Digital Justice Center\",\"isPartOf\":{\"@id\":\"https:\/\/digitaljustice.uwr.edu.pl\/en\/#website\"},\"primaryImageOfPage\":{\"@id\":\"https:\/\/digitaljustice.uwr.edu.pl\/en\/core-team\/ewa-gorska\/#primaryimage\"},\"image\":{\"@id\":\"https:\/\/digitaljustice.uwr.edu.pl\/en\/core-team\/ewa-gorska\/#primaryimage\"},\"thumbnailUrl\":\"https:\/\/digitaljustice.uwr.edu.pl\/wp-content\/uploads\/sites\/21\/2024\/10\/Ewa_wrzesien-2-1024x682.jpg\",\"datePublished\":\"2024-10-21T15:31:06+00:00\",\"dateModified\":\"2025-07-09T12:26:12+00:00\",\"description\":\"The Digital Justice Center was established as part of the \u201cExcellence Initiative \u2013 Research University\u201d program at the University of Wroclaw which is one of ten Research Universities in Poland.\",\"breadcrumb\":{\"@id\":\"https:\/\/digitaljustice.uwr.edu.pl\/en\/core-team\/ewa-gorska\/#breadcrumb\"},\"inLanguage\":\"en-US\",\"potentialAction\":[{\"@type\":\"ReadAction\",\"target\":[\"https:\/\/digitaljustice.uwr.edu.pl\/en\/core-team\/ewa-gorska\/\"]}]},{\"@type\":\"ImageObject\",\"inLanguage\":\"en-US\",\"@id\":\"https:\/\/digitaljustice.uwr.edu.pl\/en\/core-team\/ewa-gorska\/#primaryimage\",\"url\":\"https:\/\/digitaljustice.uwr.edu.pl\/wp-content\/uploads\/sites\/21\/2024\/10\/Ewa_wrzesien-2-1024x682.jpg\",\"contentUrl\":\"https:\/\/digitaljustice.uwr.edu.pl\/wp-content\/uploads\/sites\/21\/2024\/10\/Ewa_wrzesien-2-1024x682.jpg\"},{\"@type\":\"BreadcrumbList\",\"@id\":\"https:\/\/digitaljustice.uwr.edu.pl\/en\/core-team\/ewa-gorska\/#breadcrumb\",\"itemListElement\":[{\"@type\":\"ListItem\",\"position\":1,\"name\":\"Main Page\",\"item\":\"https:\/\/digitaljustice.uwr.edu.pl\/en\/\"},{\"@type\":\"ListItem\",\"position\":2,\"name\":\"Core Team\",\"item\":\"https:\/\/digitaljustice.uwr.edu.pl\/en\/core-team\/\"},{\"@type\":\"ListItem\",\"position\":3,\"name\":\"Ewa G\u00f3rska\"}]},{\"@type\":\"WebSite\",\"@id\":\"https:\/\/digitaljustice.uwr.edu.pl\/en\/#website\",\"url\":\"https:\/\/digitaljustice.uwr.edu.pl\/en\/\",\"name\":\"Digital Justice Center\",\"description\":\"Kolejna witryna sieci \u201eUWR Witryny\u201d\",\"publisher\":{\"@id\":\"https:\/\/digitaljustice.uwr.edu.pl\/en\/#organization\"},\"potentialAction\":[{\"@type\":\"SearchAction\",\"target\":{\"@type\":\"EntryPoint\",\"urlTemplate\":\"https:\/\/digitaljustice.uwr.edu.pl\/en\/?s={search_term_string}\"},\"query-input\":{\"@type\":\"PropertyValueSpecification\",\"valueRequired\":true,\"valueName\":\"search_term_string\"}}],\"inLanguage\":\"en-US\"},{\"@type\":\"Organization\",\"@id\":\"https:\/\/digitaljustice.uwr.edu.pl\/en\/#organization\",\"name\":\"Digital Justice Center\",\"url\":\"https:\/\/digitaljustice.uwr.edu.pl\/en\/\",\"logo\":{\"@type\":\"ImageObject\",\"inLanguage\":\"en-US\",\"@id\":\"https:\/\/digitaljustice.uwr.edu.pl\/en\/#\/schema\/logo\/image\/\",\"url\":\"https:\/\/digitaljustice.uwr.edu.pl\/wp-content\/uploads\/sites\/21\/2025\/10\/UWr-logotyp-2025.png\",\"contentUrl\":\"https:\/\/digitaljustice.uwr.edu.pl\/wp-content\/uploads\/sites\/21\/2025\/10\/UWr-logotyp-2025.png\",\"width\":764,\"height\":269,\"caption\":\"Digital Justice Center\"},\"image\":{\"@id\":\"https:\/\/digitaljustice.uwr.edu.pl\/en\/#\/schema\/logo\/image\/\"}}]}<\/script>\n<!-- \/ Yoast SEO plugin. -->","yoast_head_json":{"title":"Ewa G\u00f3rska - Digital Justice Center","description":"The Digital Justice Center was established as part of the \u201cExcellence Initiative \u2013 Research University\u201d program at the University of Wroclaw which is one of ten Research Universities in Poland.","robots":{"index":"index","follow":"follow","max-snippet":"max-snippet:-1","max-image-preview":"max-image-preview:large","max-video-preview":"max-video-preview:-1"},"canonical":"https:\/\/digitaljustice.uwr.edu.pl\/en\/core-team\/ewa-gorska\/","og_locale":"en_US","og_type":"article","og_title":"Ewa G\u00f3rska - Digital Justice Center","og_description":"The Digital Justice Center was established as part of the \u201cExcellence Initiative \u2013 Research University\u201d program at the University of Wroclaw which is one of ten Research Universities in Poland.","og_url":"https:\/\/digitaljustice.uwr.edu.pl\/en\/core-team\/ewa-gorska\/","og_site_name":"Digital Justice Center","article_modified_time":"2025-07-09T12:26:12+00:00","og_image":[{"width":2000,"height":1333,"url":"https:\/\/digitaljustice.uwr.edu.pl\/wp-content\/uploads\/sites\/21\/2024\/10\/Ewa_wrzesien-2.jpg","type":"image\/jpeg"}],"twitter_card":"summary_large_image","twitter_misc":{"Est. reading time":"3 minutes"},"schema":{"@context":"https:\/\/schema.org","@graph":[{"@type":"WebPage","@id":"https:\/\/digitaljustice.uwr.edu.pl\/en\/core-team\/ewa-gorska\/","url":"https:\/\/digitaljustice.uwr.edu.pl\/en\/core-team\/ewa-gorska\/","name":"Ewa G\u00f3rska - Digital Justice Center","isPartOf":{"@id":"https:\/\/digitaljustice.uwr.edu.pl\/en\/#website"},"primaryImageOfPage":{"@id":"https:\/\/digitaljustice.uwr.edu.pl\/en\/core-team\/ewa-gorska\/#primaryimage"},"image":{"@id":"https:\/\/digitaljustice.uwr.edu.pl\/en\/core-team\/ewa-gorska\/#primaryimage"},"thumbnailUrl":"https:\/\/digitaljustice.uwr.edu.pl\/wp-content\/uploads\/sites\/21\/2024\/10\/Ewa_wrzesien-2-1024x682.jpg","datePublished":"2024-10-21T15:31:06+00:00","dateModified":"2025-07-09T12:26:12+00:00","description":"The Digital Justice Center was established as part of the \u201cExcellence Initiative \u2013 Research University\u201d program at the University of Wroclaw which is one of ten Research Universities in Poland.","breadcrumb":{"@id":"https:\/\/digitaljustice.uwr.edu.pl\/en\/core-team\/ewa-gorska\/#breadcrumb"},"inLanguage":"en-US","potentialAction":[{"@type":"ReadAction","target":["https:\/\/digitaljustice.uwr.edu.pl\/en\/core-team\/ewa-gorska\/"]}]},{"@type":"ImageObject","inLanguage":"en-US","@id":"https:\/\/digitaljustice.uwr.edu.pl\/en\/core-team\/ewa-gorska\/#primaryimage","url":"https:\/\/digitaljustice.uwr.edu.pl\/wp-content\/uploads\/sites\/21\/2024\/10\/Ewa_wrzesien-2-1024x682.jpg","contentUrl":"https:\/\/digitaljustice.uwr.edu.pl\/wp-content\/uploads\/sites\/21\/2024\/10\/Ewa_wrzesien-2-1024x682.jpg"},{"@type":"BreadcrumbList","@id":"https:\/\/digitaljustice.uwr.edu.pl\/en\/core-team\/ewa-gorska\/#breadcrumb","itemListElement":[{"@type":"ListItem","position":1,"name":"Main Page","item":"https:\/\/digitaljustice.uwr.edu.pl\/en\/"},{"@type":"ListItem","position":2,"name":"Core Team","item":"https:\/\/digitaljustice.uwr.edu.pl\/en\/core-team\/"},{"@type":"ListItem","position":3,"name":"Ewa G\u00f3rska"}]},{"@type":"WebSite","@id":"https:\/\/digitaljustice.uwr.edu.pl\/en\/#website","url":"https:\/\/digitaljustice.uwr.edu.pl\/en\/","name":"Digital Justice Center","description":"Kolejna witryna sieci \u201eUWR Witryny\u201d","publisher":{"@id":"https:\/\/digitaljustice.uwr.edu.pl\/en\/#organization"},"potentialAction":[{"@type":"SearchAction","target":{"@type":"EntryPoint","urlTemplate":"https:\/\/digitaljustice.uwr.edu.pl\/en\/?s={search_term_string}"},"query-input":{"@type":"PropertyValueSpecification","valueRequired":true,"valueName":"search_term_string"}}],"inLanguage":"en-US"},{"@type":"Organization","@id":"https:\/\/digitaljustice.uwr.edu.pl\/en\/#organization","name":"Digital Justice Center","url":"https:\/\/digitaljustice.uwr.edu.pl\/en\/","logo":{"@type":"ImageObject","inLanguage":"en-US","@id":"https:\/\/digitaljustice.uwr.edu.pl\/en\/#\/schema\/logo\/image\/","url":"https:\/\/digitaljustice.uwr.edu.pl\/wp-content\/uploads\/sites\/21\/2025\/10\/UWr-logotyp-2025.png","contentUrl":"https:\/\/digitaljustice.uwr.edu.pl\/wp-content\/uploads\/sites\/21\/2025\/10\/UWr-logotyp-2025.png","width":764,"height":269,"caption":"Digital Justice Center"},"image":{"@id":"https:\/\/digitaljustice.uwr.edu.pl\/en\/#\/schema\/logo\/image\/"}}]}},"publishpress_future_action":{"enabled":false,"date":"2026-05-09 03:31:53","action":"change-status","newStatus":"draft","terms":[],"taxonomy":"category","extraData":[]},"publishpress_future_workflow_manual_trigger":{"enabledWorkflows":[]},"_links":{"self":[{"href":"https:\/\/digitaljustice.uwr.edu.pl\/en\/wp-json\/wp\/v2\/pages\/20669\/"}],"collection":[{"href":"https:\/\/digitaljustice.uwr.edu.pl\/en\/wp-json\/wp\/v2\/pages\/"}],"about":[{"href":"https:\/\/digitaljustice.uwr.edu.pl\/en\/wp-json\/wp\/v2\/types\/page\/"}],"author":[{"embeddable":true,"href":"https:\/\/digitaljustice.uwr.edu.pl\/en\/wp-json\/wp\/v2\/users\/92\/"}],"replies":[{"embeddable":true,"href":"https:\/\/digitaljustice.uwr.edu.pl\/en\/wp-json\/wp\/v2\/comments\/?post=20669"}],"version-history":[{"count":5,"href":"https:\/\/digitaljustice.uwr.edu.pl\/en\/wp-json\/wp\/v2\/pages\/20669\/revisions\/"}],"predecessor-version":[{"id":22447,"href":"https:\/\/digitaljustice.uwr.edu.pl\/en\/wp-json\/wp\/v2\/pages\/20669\/revisions\/22447\/"}],"up":[{"embeddable":true,"href":"https:\/\/digitaljustice.uwr.edu.pl\/en\/wp-json\/wp\/v2\/pages\/14269\/"}],"wp:attachment":[{"href":"https:\/\/digitaljustice.uwr.edu.pl\/en\/wp-json\/wp\/v2\/media\/?parent=20669"}],"wp:term":[{"taxonomy":"category","embeddable":true,"href":"https:\/\/digitaljustice.uwr.edu.pl\/en\/wp-json\/wp\/v2\/categories\/?post=20669"},{"taxonomy":"post_tag","embeddable":true,"href":"https:\/\/digitaljustice.uwr.edu.pl\/en\/wp-json\/wp\/v2\/tags\/?post=20669"}],"curies":[{"name":"wp","href":"https:\/\/api.w.org\/{rel}","templated":true}]}}