{"id":20516,"date":"2024-10-01T21:33:27","date_gmt":"2024-10-01T19:33:27","guid":{"rendered":"https:\/\/digitaljustice.uwr.edu.pl\/?page_id=20516"},"modified":"2025-09-30T21:06:43","modified_gmt":"2025-09-30T19:06:43","slug":"katarzyna-goclik","status":"publish","type":"page","link":"https:\/\/digitaljustice.uwr.edu.pl\/en\/phd-candidates\/katarzyna-goclik\/","title":{"rendered":"Katarzyna Goclik"},"content":{"rendered":"\n<div class=\"wp-block-ugb-container ugb-container ugb-8dda971 ugb-container--v2 ugb-container--design-plain ugb-main-block\"><div class=\"ugb-inner-block\"><div class=\"ugb-block-content\"><div class=\"ugb-container__wrapper ugb-8dda971-wrapper\"><div class=\"ugb-container__side\"><div class=\"ugb-container__content-wrapper ugb-8dda971-content-wrapper\">\n<div class=\"wp-block-columns bs-news-page is-layout-flex wp-block-columns-is-layout-flex\">\n<div class=\"wp-block-column bs-kontakt-photo is-layout-flow wp-block-column-is-layout-flow\">\n<figure class=\"wp-block-image size-large\"><img loading=\"lazy\" decoding=\"async\" width=\"924\" height=\"1024\" src=\"https:\/\/digitaljustice.uwr.edu.pl\/wp-content\/uploads\/sites\/21\/2024\/10\/Katarzyna-Goclik-zdjecie-924x1024.jpg\" alt=\"x\" class=\"wp-image-20519\" srcset=\"https:\/\/digitaljustice.uwr.edu.pl\/wp-content\/uploads\/sites\/21\/2024\/10\/Katarzyna-Goclik-zdjecie-924x1024.jpg 924w, https:\/\/digitaljustice.uwr.edu.pl\/wp-content\/uploads\/sites\/21\/2024\/10\/Katarzyna-Goclik-zdjecie-271x300.jpg 271w, https:\/\/digitaljustice.uwr.edu.pl\/wp-content\/uploads\/sites\/21\/2024\/10\/Katarzyna-Goclik-zdjecie-768x852.jpg 768w, https:\/\/digitaljustice.uwr.edu.pl\/wp-content\/uploads\/sites\/21\/2024\/10\/Katarzyna-Goclik-zdjecie-1385x1536.jpg 1385w, https:\/\/digitaljustice.uwr.edu.pl\/wp-content\/uploads\/sites\/21\/2024\/10\/Katarzyna-Goclik-zdjecie-1320x1464.jpg 1320w, https:\/\/digitaljustice.uwr.edu.pl\/wp-content\/uploads\/sites\/21\/2024\/10\/Katarzyna-Goclik-zdjecie-22x24.jpg 22w, https:\/\/digitaljustice.uwr.edu.pl\/wp-content\/uploads\/sites\/21\/2024\/10\/Katarzyna-Goclik-zdjecie-32x36.jpg 32w, https:\/\/digitaljustice.uwr.edu.pl\/wp-content\/uploads\/sites\/21\/2024\/10\/Katarzyna-Goclik-zdjecie-43x48.jpg 43w, https:\/\/digitaljustice.uwr.edu.pl\/wp-content\/uploads\/sites\/21\/2024\/10\/Katarzyna-Goclik-zdjecie.jpg 1847w\" sizes=\"auto, (max-width: 924px) 100vw, 924px\" \/><\/figure>\n<\/div>\n\n\n\n<div class=\"wp-block-column bs-contact-right-column is-layout-flow wp-block-column-is-layout-flow\">\n<div class=\"wp-block-bonasoft-modular-breadcrumbs-block\"><div class=\"bs_add_breadcrumb_trail\"><\/div><\/div>\n\n\n\n<hr class=\"wp-block-separator has-text-color has-black-color has-css-opacity has-black-background-color has-background is-style-wide bs-border-kontakt\"\/>\n\n\n\n<h1 class=\"wp-block-heading bs-naglowek-podstrony\"><strong>Katarzyna Goclik<\/strong><\/h1>\n\n\n\n<p>Katarzyna Goclik is a PhD student at the <a href=\"https:\/\/digitaljustice.uwr.edu.pl\/\">Digital Justice Center<\/a> (<a href=\"https:\/\/prawo.uni.wroc.pl\/taxonomy\/term\/118\">Chair of Criminal Procedure<\/a>). Her research fields are focused on international criminal law, public international law and domestic criminal law both substantive and procedural.<\/p>\n\n\n\n<p>Katarzyna received her master\u2019s degree in law from the <a href=\"https:\/\/uwr.edu.pl\/en\/\">University of Wroc\u0142aw<\/a>. She wrote her master\u2019s thesis at the <a href=\"https:\/\/prawo.uni.wroc.pl\/taxonomy\/term\/120\">Chair of Substantive Criminal Law<\/a>. Her paper considered the methods of case selection and, more specifically, whether social harmfulness should be a part of the dogmatic structure of crime.<\/p>\n\n\n\n<p>During her studies she was the president of <a href=\"https:\/\/www.facebook.com\/profile.php?id=100063541029564\">Scientific Circle of Criminal Procedure<\/a>, a vice president of <a href=\"https:\/\/www.facebook.com\/SKNPMiE\/\">Scientific Circle of International and European Law<\/a> and a member of University Legal Clinic. Katarzyna is also a recipient of numerous distinctions and scientific awards, including several scholarships of the Rector of the University of Wroc\u0142aw for the best students. She gained her practical experience by working as a paralegal in a law firm where she focused on criminal cases, as well as through being a trainee in the Criminal Division of the District Court in Wroc\u0142aw.<\/p>\n\n\n\n<p>Katarzyna gained her international experience by participating in a one-semester Erasmus+ program at the <a href=\"https:\/\/www.elte.hu\/en\/\">E\u00f6tv\u00f6s Lor\u00e1nd University<\/a> (Hungary). She has also participated in EDELNet&nbsp; summer school of Public International Law which took place in Bonn. Katarzyna took part in several national and international moot court competitions such as <a href=\"https:\/\/iccmoot.com\/\">IBA ICC Moot Court Competition<\/a>, <a href=\"https:\/\/elsa.org.pl\/konkursy-elsa\/helga-pedersen-moot-court-competition\">Helga Pedersen Moot Court Competition<\/a> or Local Moot Court on Public International Law organized by ELSA Wroc\u0142aw at which her team was awarded the first prize.<\/p>\n\n\n\n<p>She has actively participated in numerous scientific conferences by delivering papers on cybercrimes, proceedings before the International Criminal Court and the dogmatic structure of crime. She is also the author of several publications on criminal law.<\/p>\n\n\n\n<p>Besides law, Katarzyna enjoys learning foreign languages, travelling, and going to yoga classes.<\/p>\n<\/div>\n<\/div>\n\n\n\n<div class=\"wp-block-ugb-container ugb-container bs-news-page-under ugb-f8694ce ugb-container--v2 ugb-container--design-plain ugb-main-block\"><div class=\"ugb-inner-block\"><div class=\"ugb-block-content\"><div class=\"ugb-container__wrapper ugb-f8694ce-wrapper\"><div class=\"ugb-container__side\"><div class=\"ugb-container__content-wrapper ugb-f8694ce-content-wrapper\">\n<p><\/p>\n<\/div><\/div><\/div><\/div><\/div><\/div>\n<\/div><\/div><\/div><\/div><\/div><\/div>\n","protected":false},"excerpt":{"rendered":"<p>Katarzyna Goclik Katarzyna Goclik is a PhD student at the Digital Justice Center (Chair of Criminal Procedure). Her research fields are focused on international criminal law, public international law and domestic criminal law both substantive and procedural. Katarzyna received her master\u2019s degree in law from the University of Wroc\u0142aw. She wrote her master\u2019s thesis at [&hellip;]<\/p>\n","protected":false},"author":92,"featured_media":0,"parent":21982,"menu_order":2,"comment_status":"closed","ping_status":"closed","template":"","meta":{"_acf_changed":false,"inline_featured_image":false,"site-sidebar-layout":"default","site-content-layout":"","ast-site-content-layout":"default","site-content-style":"default","site-sidebar-style":"default","ast-global-header-display":"","ast-banner-title-visibility":"","ast-main-header-display":"","ast-hfb-above-header-display":"","ast-hfb-below-header-display":"","ast-hfb-mobile-header-display":"","site-post-title":"","ast-breadcrumbs-content":"","ast-featured-img":"","footer-sml-layout":"","ast-disable-related-posts":"","theme-transparent-header-meta":"","adv-header-id-meta":"","stick-header-meta":"","header-above-stick-meta":"","header-main-stick-meta":"","header-below-stick-meta":"","astra-migrate-meta-layouts":"set","ast-page-background-enabled":"default","ast-page-background-meta":{"desktop":{"background-color":"","background-image":"","background-repeat":"repeat","background-position":"center center","background-size":"auto","background-attachment":"scroll","background-type":"","background-media":"","overlay-type":"","overlay-color":"","overlay-opacity":"","overlay-gradient":""},"tablet":{"background-color":"","background-image":"","background-repeat":"repeat","background-position":"center center","background-size":"auto","background-attachment":"scroll","background-type":"","background-media":"","overlay-type":"","overlay-color":"","overlay-opacity":"","overlay-gradient":""},"mobile":{"background-color":"","background-image":"","background-repeat":"repeat","background-position":"center center","background-size":"auto","background-attachment":"scroll","background-type":"","background-media":"","overlay-type":"","overlay-color":"","overlay-opacity":"","overlay-gradient":""}},"ast-content-background-meta":{"desktop":{"background-color":"var(--ast-global-color-5)","background-image":"","background-repeat":"repeat","background-position":"center center","background-size":"auto","background-attachment":"scroll","background-type":"","background-media":"","overlay-type":"","overlay-color":"","overlay-opacity":"","overlay-gradient":""},"tablet":{"background-color":"var(--ast-global-color-5)","background-image":"","background-repeat":"repeat","background-position":"center center","background-size":"auto","background-attachment":"scroll","background-type":"","background-media":"","overlay-type":"","overlay-color":"","overlay-opacity":"","overlay-gradient":""},"mobile":{"background-color":"var(--ast-global-color-5)","background-image":"","background-repeat":"repeat","background-position":"center center","background-size":"auto","background-attachment":"scroll","background-type":"","background-media":"","overlay-type":"","overlay-color":"","overlay-opacity":"","overlay-gradient":""}},"footnotes":""},"categories":[],"tags":[],"class_list":["post-20516","page","type-page","status-publish","hentry"],"featured_image_urls_v2":{"full":"","thumbnail":"","medium":"","medium_large":"","large":"","1536x1536":"","2048x2048":"","menu-24x24":"","menu-36x36":"","menu-48x48":""},"post_excerpt_stackable_v2":"<p>Katarzyna Goclik Katarzyna Goclik is a PhD student at the Digital Justice Center (Chair of Criminal Procedure). Her research fields are focused on international criminal law, public international law and domestic criminal law both substantive and procedural. Katarzyna received her master\u2019s degree in law from the University of Wroc\u0142aw. She wrote her master\u2019s thesis at the Chair of Substantive Criminal Law. Her paper considered the methods of case selection and, more specifically, whether social harmfulness should be a part of the dogmatic structure of crime. During her studies she was the president of Scientific Circle of Criminal Procedure, a vice&hellip;<\/p>\n","category_list_v2":"Uncategorized","author_info_v2":{"name":"kamil.sobanski@uwr.edu.pl","url":"https:\/\/digitaljustice.uwr.edu.pl\/en\/author\/kamil-sobanskiuwr-edu-pl\/"},"comments_num_v2":"0 comments","acf":[],"yoast_head":"<!-- This site is optimized with the Yoast SEO plugin v27.1.1 - https:\/\/yoast.com\/product\/yoast-seo-wordpress\/ -->\n<title>Katarzyna Goclik - Digital Justice Center<\/title>\n<meta name=\"description\" content=\"The Digital Justice Center was established as part of the \u201cExcellence Initiative \u2013 Research University\u201d program at the University of Wroclaw which is one of ten Research Universities in Poland.\" \/>\n<meta name=\"robots\" content=\"index, follow, max-snippet:-1, max-image-preview:large, max-video-preview:-1\" \/>\n<link rel=\"canonical\" href=\"https:\/\/digitaljustice.uwr.edu.pl\/en\/phd-candidates\/katarzyna-goclik\/\" \/>\n<meta property=\"og:locale\" content=\"en_US\" \/>\n<meta property=\"og:type\" content=\"article\" \/>\n<meta property=\"og:title\" content=\"Katarzyna Goclik - Digital Justice Center\" \/>\n<meta property=\"og:description\" content=\"The Digital Justice Center was established as part of the \u201cExcellence Initiative \u2013 Research University\u201d program at the University of Wroclaw which is one of ten Research Universities in Poland.\" \/>\n<meta property=\"og:url\" content=\"https:\/\/digitaljustice.uwr.edu.pl\/en\/phd-candidates\/katarzyna-goclik\/\" \/>\n<meta property=\"og:site_name\" content=\"Digital Justice Center\" \/>\n<meta property=\"article:modified_time\" content=\"2025-09-30T19:06:43+00:00\" \/>\n<meta property=\"og:image\" content=\"https:\/\/digitaljustice.uwr.edu.pl\/wp-content\/uploads\/sites\/21\/2024\/10\/Katarzyna-Goclik-zdjecie.jpg\" \/>\n\t<meta property=\"og:image:width\" content=\"1847\" \/>\n\t<meta property=\"og:image:height\" content=\"2048\" \/>\n\t<meta property=\"og:image:type\" content=\"image\/jpeg\" \/>\n<meta name=\"twitter:card\" content=\"summary_large_image\" \/>\n<meta name=\"twitter:label1\" content=\"Est. reading time\" \/>\n\t<meta name=\"twitter:data1\" content=\"2 minutes\" \/>\n<script type=\"application\/ld+json\" class=\"yoast-schema-graph\">{\"@context\":\"https:\/\/schema.org\",\"@graph\":[{\"@type\":\"WebPage\",\"@id\":\"https:\/\/digitaljustice.uwr.edu.pl\/en\/phd-candidates\/katarzyna-goclik\/\",\"url\":\"https:\/\/digitaljustice.uwr.edu.pl\/en\/phd-candidates\/katarzyna-goclik\/\",\"name\":\"Katarzyna Goclik - Digital Justice Center\",\"isPartOf\":{\"@id\":\"https:\/\/digitaljustice.uwr.edu.pl\/en\/#website\"},\"primaryImageOfPage\":{\"@id\":\"https:\/\/digitaljustice.uwr.edu.pl\/en\/phd-candidates\/katarzyna-goclik\/#primaryimage\"},\"image\":{\"@id\":\"https:\/\/digitaljustice.uwr.edu.pl\/en\/phd-candidates\/katarzyna-goclik\/#primaryimage\"},\"thumbnailUrl\":\"https:\/\/digitaljustice.uwr.edu.pl\/wp-content\/uploads\/sites\/21\/2024\/10\/Katarzyna-Goclik-zdjecie-924x1024.jpg\",\"datePublished\":\"2024-10-01T19:33:27+00:00\",\"dateModified\":\"2025-09-30T19:06:43+00:00\",\"description\":\"The Digital Justice Center was established as part of the \u201cExcellence Initiative \u2013 Research University\u201d program at the University of Wroclaw which is one of ten Research Universities in Poland.\",\"breadcrumb\":{\"@id\":\"https:\/\/digitaljustice.uwr.edu.pl\/en\/phd-candidates\/katarzyna-goclik\/#breadcrumb\"},\"inLanguage\":\"en-US\",\"potentialAction\":[{\"@type\":\"ReadAction\",\"target\":[\"https:\/\/digitaljustice.uwr.edu.pl\/en\/phd-candidates\/katarzyna-goclik\/\"]}]},{\"@type\":\"ImageObject\",\"inLanguage\":\"en-US\",\"@id\":\"https:\/\/digitaljustice.uwr.edu.pl\/en\/phd-candidates\/katarzyna-goclik\/#primaryimage\",\"url\":\"https:\/\/digitaljustice.uwr.edu.pl\/wp-content\/uploads\/sites\/21\/2024\/10\/Katarzyna-Goclik-zdjecie-924x1024.jpg\",\"contentUrl\":\"https:\/\/digitaljustice.uwr.edu.pl\/wp-content\/uploads\/sites\/21\/2024\/10\/Katarzyna-Goclik-zdjecie-924x1024.jpg\"},{\"@type\":\"BreadcrumbList\",\"@id\":\"https:\/\/digitaljustice.uwr.edu.pl\/en\/phd-candidates\/katarzyna-goclik\/#breadcrumb\",\"itemListElement\":[{\"@type\":\"ListItem\",\"position\":1,\"name\":\"Main Page\",\"item\":\"https:\/\/digitaljustice.uwr.edu.pl\/en\/\"},{\"@type\":\"ListItem\",\"position\":2,\"name\":\"PhD Candidates\",\"item\":\"https:\/\/digitaljustice.uwr.edu.pl\/en\/phd-candidates\/\"},{\"@type\":\"ListItem\",\"position\":3,\"name\":\"Katarzyna Goclik\"}]},{\"@type\":\"WebSite\",\"@id\":\"https:\/\/digitaljustice.uwr.edu.pl\/en\/#website\",\"url\":\"https:\/\/digitaljustice.uwr.edu.pl\/en\/\",\"name\":\"Digital Justice Center\",\"description\":\"Kolejna witryna sieci \u201eUWR Witryny\u201d\",\"publisher\":{\"@id\":\"https:\/\/digitaljustice.uwr.edu.pl\/en\/#organization\"},\"potentialAction\":[{\"@type\":\"SearchAction\",\"target\":{\"@type\":\"EntryPoint\",\"urlTemplate\":\"https:\/\/digitaljustice.uwr.edu.pl\/en\/?s={search_term_string}\"},\"query-input\":{\"@type\":\"PropertyValueSpecification\",\"valueRequired\":true,\"valueName\":\"search_term_string\"}}],\"inLanguage\":\"en-US\"},{\"@type\":\"Organization\",\"@id\":\"https:\/\/digitaljustice.uwr.edu.pl\/en\/#organization\",\"name\":\"Digital Justice Center\",\"url\":\"https:\/\/digitaljustice.uwr.edu.pl\/en\/\",\"logo\":{\"@type\":\"ImageObject\",\"inLanguage\":\"en-US\",\"@id\":\"https:\/\/digitaljustice.uwr.edu.pl\/en\/#\/schema\/logo\/image\/\",\"url\":\"https:\/\/digitaljustice.uwr.edu.pl\/wp-content\/uploads\/sites\/21\/2025\/10\/UWr-logotyp-2025.png\",\"contentUrl\":\"https:\/\/digitaljustice.uwr.edu.pl\/wp-content\/uploads\/sites\/21\/2025\/10\/UWr-logotyp-2025.png\",\"width\":764,\"height\":269,\"caption\":\"Digital Justice Center\"},\"image\":{\"@id\":\"https:\/\/digitaljustice.uwr.edu.pl\/en\/#\/schema\/logo\/image\/\"}}]}<\/script>\n<!-- \/ Yoast SEO plugin. -->","yoast_head_json":{"title":"Katarzyna Goclik - Digital Justice Center","description":"The Digital Justice Center was established as part of the \u201cExcellence Initiative \u2013 Research University\u201d program at the University of Wroclaw which is one of ten Research Universities in Poland.","robots":{"index":"index","follow":"follow","max-snippet":"max-snippet:-1","max-image-preview":"max-image-preview:large","max-video-preview":"max-video-preview:-1"},"canonical":"https:\/\/digitaljustice.uwr.edu.pl\/en\/phd-candidates\/katarzyna-goclik\/","og_locale":"en_US","og_type":"article","og_title":"Katarzyna Goclik - Digital Justice Center","og_description":"The Digital Justice Center was established as part of the \u201cExcellence Initiative \u2013 Research University\u201d program at the University of Wroclaw which is one of ten Research Universities in Poland.","og_url":"https:\/\/digitaljustice.uwr.edu.pl\/en\/phd-candidates\/katarzyna-goclik\/","og_site_name":"Digital Justice Center","article_modified_time":"2025-09-30T19:06:43+00:00","og_image":[{"width":1847,"height":2048,"url":"https:\/\/digitaljustice.uwr.edu.pl\/wp-content\/uploads\/sites\/21\/2024\/10\/Katarzyna-Goclik-zdjecie.jpg","type":"image\/jpeg"}],"twitter_card":"summary_large_image","twitter_misc":{"Est. reading time":"2 minutes"},"schema":{"@context":"https:\/\/schema.org","@graph":[{"@type":"WebPage","@id":"https:\/\/digitaljustice.uwr.edu.pl\/en\/phd-candidates\/katarzyna-goclik\/","url":"https:\/\/digitaljustice.uwr.edu.pl\/en\/phd-candidates\/katarzyna-goclik\/","name":"Katarzyna Goclik - Digital Justice Center","isPartOf":{"@id":"https:\/\/digitaljustice.uwr.edu.pl\/en\/#website"},"primaryImageOfPage":{"@id":"https:\/\/digitaljustice.uwr.edu.pl\/en\/phd-candidates\/katarzyna-goclik\/#primaryimage"},"image":{"@id":"https:\/\/digitaljustice.uwr.edu.pl\/en\/phd-candidates\/katarzyna-goclik\/#primaryimage"},"thumbnailUrl":"https:\/\/digitaljustice.uwr.edu.pl\/wp-content\/uploads\/sites\/21\/2024\/10\/Katarzyna-Goclik-zdjecie-924x1024.jpg","datePublished":"2024-10-01T19:33:27+00:00","dateModified":"2025-09-30T19:06:43+00:00","description":"The Digital Justice Center was established as part of the \u201cExcellence Initiative \u2013 Research University\u201d program at the University of Wroclaw which is one of ten Research Universities in Poland.","breadcrumb":{"@id":"https:\/\/digitaljustice.uwr.edu.pl\/en\/phd-candidates\/katarzyna-goclik\/#breadcrumb"},"inLanguage":"en-US","potentialAction":[{"@type":"ReadAction","target":["https:\/\/digitaljustice.uwr.edu.pl\/en\/phd-candidates\/katarzyna-goclik\/"]}]},{"@type":"ImageObject","inLanguage":"en-US","@id":"https:\/\/digitaljustice.uwr.edu.pl\/en\/phd-candidates\/katarzyna-goclik\/#primaryimage","url":"https:\/\/digitaljustice.uwr.edu.pl\/wp-content\/uploads\/sites\/21\/2024\/10\/Katarzyna-Goclik-zdjecie-924x1024.jpg","contentUrl":"https:\/\/digitaljustice.uwr.edu.pl\/wp-content\/uploads\/sites\/21\/2024\/10\/Katarzyna-Goclik-zdjecie-924x1024.jpg"},{"@type":"BreadcrumbList","@id":"https:\/\/digitaljustice.uwr.edu.pl\/en\/phd-candidates\/katarzyna-goclik\/#breadcrumb","itemListElement":[{"@type":"ListItem","position":1,"name":"Main Page","item":"https:\/\/digitaljustice.uwr.edu.pl\/en\/"},{"@type":"ListItem","position":2,"name":"PhD Candidates","item":"https:\/\/digitaljustice.uwr.edu.pl\/en\/phd-candidates\/"},{"@type":"ListItem","position":3,"name":"Katarzyna Goclik"}]},{"@type":"WebSite","@id":"https:\/\/digitaljustice.uwr.edu.pl\/en\/#website","url":"https:\/\/digitaljustice.uwr.edu.pl\/en\/","name":"Digital Justice Center","description":"Kolejna witryna sieci \u201eUWR Witryny\u201d","publisher":{"@id":"https:\/\/digitaljustice.uwr.edu.pl\/en\/#organization"},"potentialAction":[{"@type":"SearchAction","target":{"@type":"EntryPoint","urlTemplate":"https:\/\/digitaljustice.uwr.edu.pl\/en\/?s={search_term_string}"},"query-input":{"@type":"PropertyValueSpecification","valueRequired":true,"valueName":"search_term_string"}}],"inLanguage":"en-US"},{"@type":"Organization","@id":"https:\/\/digitaljustice.uwr.edu.pl\/en\/#organization","name":"Digital Justice Center","url":"https:\/\/digitaljustice.uwr.edu.pl\/en\/","logo":{"@type":"ImageObject","inLanguage":"en-US","@id":"https:\/\/digitaljustice.uwr.edu.pl\/en\/#\/schema\/logo\/image\/","url":"https:\/\/digitaljustice.uwr.edu.pl\/wp-content\/uploads\/sites\/21\/2025\/10\/UWr-logotyp-2025.png","contentUrl":"https:\/\/digitaljustice.uwr.edu.pl\/wp-content\/uploads\/sites\/21\/2025\/10\/UWr-logotyp-2025.png","width":764,"height":269,"caption":"Digital Justice Center"},"image":{"@id":"https:\/\/digitaljustice.uwr.edu.pl\/en\/#\/schema\/logo\/image\/"}}]}},"publishpress_future_action":{"enabled":false,"date":"2026-05-09 04:48:22","action":"change-status","newStatus":"draft","terms":[],"taxonomy":"category","extraData":[]},"publishpress_future_workflow_manual_trigger":{"enabledWorkflows":[]},"_links":{"self":[{"href":"https:\/\/digitaljustice.uwr.edu.pl\/en\/wp-json\/wp\/v2\/pages\/20516\/"}],"collection":[{"href":"https:\/\/digitaljustice.uwr.edu.pl\/en\/wp-json\/wp\/v2\/pages\/"}],"about":[{"href":"https:\/\/digitaljustice.uwr.edu.pl\/en\/wp-json\/wp\/v2\/types\/page\/"}],"author":[{"embeddable":true,"href":"https:\/\/digitaljustice.uwr.edu.pl\/en\/wp-json\/wp\/v2\/users\/92\/"}],"replies":[{"embeddable":true,"href":"https:\/\/digitaljustice.uwr.edu.pl\/en\/wp-json\/wp\/v2\/comments\/?post=20516"}],"version-history":[{"count":1,"href":"https:\/\/digitaljustice.uwr.edu.pl\/en\/wp-json\/wp\/v2\/pages\/20516\/revisions\/"}],"predecessor-version":[{"id":20522,"href":"https:\/\/digitaljustice.uwr.edu.pl\/en\/wp-json\/wp\/v2\/pages\/20516\/revisions\/20522\/"}],"up":[{"embeddable":true,"href":"https:\/\/digitaljustice.uwr.edu.pl\/en\/wp-json\/wp\/v2\/pages\/21982\/"}],"wp:attachment":[{"href":"https:\/\/digitaljustice.uwr.edu.pl\/en\/wp-json\/wp\/v2\/media\/?parent=20516"}],"wp:term":[{"taxonomy":"category","embeddable":true,"href":"https:\/\/digitaljustice.uwr.edu.pl\/en\/wp-json\/wp\/v2\/categories\/?post=20516"},{"taxonomy":"post_tag","embeddable":true,"href":"https:\/\/digitaljustice.uwr.edu.pl\/en\/wp-json\/wp\/v2\/tags\/?post=20516"}],"curies":[{"name":"wp","href":"https:\/\/api.w.org\/{rel}","templated":true}]}}