{"id":19692,"date":"2024-02-28T20:01:48","date_gmt":"2024-02-28T19:01:48","guid":{"rendered":"https:\/\/digitaljustice.uwr.edu.pl\/?page_id=19692"},"modified":"2024-02-28T20:01:54","modified_gmt":"2024-02-28T19:01:54","slug":"nowe-technologie-we-wspolpracy-miedzynarodowej-w-sprawach-karnych","status":"publish","type":"page","link":"https:\/\/digitaljustice.uwr.edu.pl\/en\/seminars\/nowe-technologie-we-wspolpracy-miedzynarodowej-w-sprawach-karnych\/","title":{"rendered":"Nowe technologie we wsp\u00f3\u0142pracy mi\u0119dzynarodowej w sprawach karnych"},"content":{"rendered":"\n<div class=\"wp-block-ugb-container ugb-container ugb-8dda971 ugb-container--v2 ugb-container--design-plain ugb-main-block\"><div class=\"ugb-inner-block\"><div class=\"ugb-block-content\"><div class=\"ugb-container__wrapper ugb-8dda971-wrapper\"><div class=\"ugb-container__side\"><div class=\"ugb-container__content-wrapper ugb-8dda971-content-wrapper\">\n<div class=\"wp-block-columns bs-news-page is-layout-flex wp-block-columns-is-layout-flex\">\n<div class=\"wp-block-column bs-kontakt-photo is-layout-flow wp-block-column-is-layout-flow\">\n<figure class=\"wp-block-image size-large\"><img loading=\"lazy\" decoding=\"async\" width=\"1024\" height=\"576\" src=\"https:\/\/digitaljustice.uwr.edu.pl\/wp-content\/uploads\/sites\/21\/2024\/02\/419227825_390242203502285_6959545093611761966_n-1024x576.jpg\" alt=\"x\" class=\"wp-image-19698\" srcset=\"https:\/\/digitaljustice.uwr.edu.pl\/wp-content\/uploads\/sites\/21\/2024\/02\/419227825_390242203502285_6959545093611761966_n-1024x576.jpg 1024w, https:\/\/digitaljustice.uwr.edu.pl\/wp-content\/uploads\/sites\/21\/2024\/02\/419227825_390242203502285_6959545093611761966_n-300x169.jpg 300w, https:\/\/digitaljustice.uwr.edu.pl\/wp-content\/uploads\/sites\/21\/2024\/02\/419227825_390242203502285_6959545093611761966_n-768x432.jpg 768w, https:\/\/digitaljustice.uwr.edu.pl\/wp-content\/uploads\/sites\/21\/2024\/02\/419227825_390242203502285_6959545093611761966_n-1536x864.jpg 1536w, https:\/\/digitaljustice.uwr.edu.pl\/wp-content\/uploads\/sites\/21\/2024\/02\/419227825_390242203502285_6959545093611761966_n-24x14.jpg 24w, https:\/\/digitaljustice.uwr.edu.pl\/wp-content\/uploads\/sites\/21\/2024\/02\/419227825_390242203502285_6959545093611761966_n-36x20.jpg 36w, https:\/\/digitaljustice.uwr.edu.pl\/wp-content\/uploads\/sites\/21\/2024\/02\/419227825_390242203502285_6959545093611761966_n-48x27.jpg 48w, https:\/\/digitaljustice.uwr.edu.pl\/wp-content\/uploads\/sites\/21\/2024\/02\/419227825_390242203502285_6959545093611761966_n-1320x743.jpg 1320w, https:\/\/digitaljustice.uwr.edu.pl\/wp-content\/uploads\/sites\/21\/2024\/02\/419227825_390242203502285_6959545093611761966_n.jpg 1920w\" sizes=\"auto, (max-width: 1024px) 100vw, 1024px\" \/><\/figure>\n<\/div>\n\n\n\n<div class=\"wp-block-column bs-contact-right-column is-layout-flow wp-block-column-is-layout-flow\">\n<div class=\"wp-block-bonasoft-modular-breadcrumbs-block\"><div class=\"bs_add_breadcrumb_trail\"><\/div><\/div>\n\n\n\n<hr class=\"wp-block-separator has-text-color has-black-color has-css-opacity has-black-background-color has-background is-style-wide bs-border-kontakt\"\/>\n\n\n\n<h1 class=\"wp-block-heading bs-naglowek-podstrony\"><strong><strong>January 29th &#8211; <\/strong>Nowe technologie we wsp\u00f3\u0142pracy mi\u0119dzynarodowej w sprawach karnych<\/strong><\/h1>\n\n\n\n<p><img loading=\"lazy\" decoding=\"async\" height=\"16\" width=\"16\" src=\"https:\/\/static.xx.fbcdn.net\/images\/emoji.php\/v9\/td5\/2\/16\/1f916.png\" alt=\"?\"> The Public Prosecutor&#8217;s Office plays an important role in international cooperation in criminal matters, where recent years have seen dynamic changes linked to technological advances. Technological developments have resulted in significant modifications, particularly in the exchange of information and evidence between member states in the European Union and around the world. These changes, while obvious and necessary for the functioning of the justice system, pose significant challenges for the prosecution service.<\/p>\n\n\n\n<p><img loading=\"lazy\" decoding=\"async\" height=\"16\" width=\"16\" src=\"https:\/\/static.xx.fbcdn.net\/images\/emoji.php\/v9\/ta\/2\/16\/1f575.png\" alt=\"?\ufe0f\"> Agnieszka K\u0119pka, is a prosecutor at the District Public Prosecutor&#8217;s Office in Lublin. Since 2008, she has been a contact point of the European Judicial Network, and since 2011 she has been dealing with the so-called foreign legal transactions. Recently, she has been appointed to be a trainer for the eEDES system, i.e., a platform for the exchange of evidence and requests for legal assistance (European Investigation Order). She is also a spokeswoman for the Regional Prosecutor&#8217;s Office in Lublin.<\/p>\n<\/div>\n<\/div>\n\n\n\n<div class=\"wp-block-ugb-container ugb-container bs-news-page-under ugb-f8694ce ugb-container--v2 ugb-container--design-plain ugb-main-block\"><div class=\"ugb-inner-block\"><div class=\"ugb-block-content\"><div class=\"ugb-container__wrapper ugb-f8694ce-wrapper\"><div class=\"ugb-container__side\"><div class=\"ugb-container__content-wrapper ugb-f8694ce-content-wrapper\">\n<p><\/p>\n<\/div><\/div><\/div><\/div><\/div><\/div>\n<\/div><\/div><\/div><\/div><\/div><\/div>\n","protected":false},"excerpt":{"rendered":"<p>January 29th &#8211; Nowe technologie we wsp\u00f3\u0142pracy mi\u0119dzynarodowej w sprawach karnych The Public Prosecutor&#8217;s Office plays an important role in international cooperation in criminal matters, where recent years have seen dynamic changes linked to technological advances. Technological developments have resulted in significant modifications, particularly in the exchange of information and evidence between member states in [&hellip;]<\/p>\n","protected":false},"author":92,"featured_media":0,"parent":12795,"menu_order":-2,"comment_status":"closed","ping_status":"closed","template":"","meta":{"_acf_changed":false,"inline_featured_image":false,"site-sidebar-layout":"default","site-content-layout":"","ast-site-content-layout":"default","site-content-style":"default","site-sidebar-style":"default","ast-global-header-display":"","ast-banner-title-visibility":"","ast-main-header-display":"","ast-hfb-above-header-display":"","ast-hfb-below-header-display":"","ast-hfb-mobile-header-display":"","site-post-title":"","ast-breadcrumbs-content":"","ast-featured-img":"","footer-sml-layout":"","ast-disable-related-posts":"","theme-transparent-header-meta":"","adv-header-id-meta":"","stick-header-meta":"","header-above-stick-meta":"","header-main-stick-meta":"","header-below-stick-meta":"","astra-migrate-meta-layouts":"set","ast-page-background-enabled":"default","ast-page-background-meta":{"desktop":{"background-color":"","background-image":"","background-repeat":"repeat","background-position":"center center","background-size":"auto","background-attachment":"scroll","background-type":"","background-media":"","overlay-type":"","overlay-color":"","overlay-opacity":"","overlay-gradient":""},"tablet":{"background-color":"","background-image":"","background-repeat":"repeat","background-position":"center center","background-size":"auto","background-attachment":"scroll","background-type":"","background-media":"","overlay-type":"","overlay-color":"","overlay-opacity":"","overlay-gradient":""},"mobile":{"background-color":"","background-image":"","background-repeat":"repeat","background-position":"center center","background-size":"auto","background-attachment":"scroll","background-type":"","background-media":"","overlay-type":"","overlay-color":"","overlay-opacity":"","overlay-gradient":""}},"ast-content-background-meta":{"desktop":{"background-color":"var(--ast-global-color-5)","background-image":"","background-repeat":"repeat","background-position":"center center","background-size":"auto","background-attachment":"scroll","background-type":"","background-media":"","overlay-type":"","overlay-color":"","overlay-opacity":"","overlay-gradient":""},"tablet":{"background-color":"var(--ast-global-color-5)","background-image":"","background-repeat":"repeat","background-position":"center center","background-size":"auto","background-attachment":"scroll","background-type":"","background-media":"","overlay-type":"","overlay-color":"","overlay-opacity":"","overlay-gradient":""},"mobile":{"background-color":"var(--ast-global-color-5)","background-image":"","background-repeat":"repeat","background-position":"center center","background-size":"auto","background-attachment":"scroll","background-type":"","background-media":"","overlay-type":"","overlay-color":"","overlay-opacity":"","overlay-gradient":""}},"footnotes":""},"categories":[],"tags":[],"class_list":["post-19692","page","type-page","status-publish","hentry"],"featured_image_urls_v2":{"full":"","thumbnail":"","medium":"","medium_large":"","large":"","1536x1536":"","2048x2048":"","menu-24x24":"","menu-36x36":"","menu-48x48":""},"post_excerpt_stackable_v2":"<p>January 29th &#8211; Nowe technologie we wsp\u00f3\u0142pracy mi\u0119dzynarodowej w sprawach karnych The Public Prosecutor&#8217;s Office plays an important role in international cooperation in criminal matters, where recent years have seen dynamic changes linked to technological advances. Technological developments have resulted in significant modifications, particularly in the exchange of information and evidence between member states in the European Union and around the world. These changes, while obvious and necessary for the functioning of the justice system, pose significant challenges for the prosecution service. Agnieszka K\u0119pka, is a prosecutor at the District Public Prosecutor&#8217;s Office in Lublin. Since 2008, she has been&hellip;<\/p>\n","category_list_v2":"Uncategorized","author_info_v2":{"name":"kamil.sobanski@uwr.edu.pl","url":"https:\/\/digitaljustice.uwr.edu.pl\/en\/author\/kamil-sobanskiuwr-edu-pl\/"},"comments_num_v2":"0 comments","acf":[],"yoast_head":"<!-- This site is optimized with the Yoast SEO plugin v27.1.1 - https:\/\/yoast.com\/product\/yoast-seo-wordpress\/ -->\n<title>Nowe technologie we wsp\u00f3\u0142pracy mi\u0119dzynarodowej w sprawach karnych - Digital Justice Center<\/title>\n<meta name=\"description\" content=\"The Digital Justice Center was established as part of the \u201cExcellence Initiative \u2013 Research University\u201d program at the University of Wroclaw which is one of ten Research Universities in Poland.\" \/>\n<meta name=\"robots\" content=\"index, follow, max-snippet:-1, max-image-preview:large, max-video-preview:-1\" \/>\n<link rel=\"canonical\" href=\"https:\/\/digitaljustice.uwr.edu.pl\/en\/seminars\/nowe-technologie-we-wspolpracy-miedzynarodowej-w-sprawach-karnych\/\" \/>\n<meta property=\"og:locale\" content=\"en_US\" \/>\n<meta property=\"og:type\" content=\"article\" \/>\n<meta property=\"og:title\" content=\"Nowe technologie we wsp\u00f3\u0142pracy mi\u0119dzynarodowej w sprawach karnych - Digital Justice Center\" \/>\n<meta property=\"og:description\" content=\"The Digital Justice Center was established as part of the \u201cExcellence Initiative \u2013 Research University\u201d program at the University of Wroclaw which is one of ten Research Universities in Poland.\" \/>\n<meta property=\"og:url\" content=\"https:\/\/digitaljustice.uwr.edu.pl\/en\/seminars\/nowe-technologie-we-wspolpracy-miedzynarodowej-w-sprawach-karnych\/\" \/>\n<meta property=\"og:site_name\" content=\"Digital Justice Center\" \/>\n<meta property=\"article:modified_time\" content=\"2024-02-28T19:01:54+00:00\" \/>\n<meta property=\"og:image\" content=\"https:\/\/digitaljustice.uwr.edu.pl\/wp-content\/uploads\/sites\/21\/2024\/02\/419227825_390242203502285_6959545093611761966_n-1024x576.jpg\" \/>\n<meta name=\"twitter:card\" content=\"summary_large_image\" \/>\n<meta name=\"twitter:label1\" content=\"Est. reading time\" \/>\n\t<meta name=\"twitter:data1\" content=\"2 minutes\" \/>\n<script type=\"application\/ld+json\" class=\"yoast-schema-graph\">{\"@context\":\"https:\/\/schema.org\",\"@graph\":[{\"@type\":\"WebPage\",\"@id\":\"https:\/\/digitaljustice.uwr.edu.pl\/en\/seminars\/nowe-technologie-we-wspolpracy-miedzynarodowej-w-sprawach-karnych\/\",\"url\":\"https:\/\/digitaljustice.uwr.edu.pl\/en\/seminars\/nowe-technologie-we-wspolpracy-miedzynarodowej-w-sprawach-karnych\/\",\"name\":\"Nowe technologie we wsp\u00f3\u0142pracy mi\u0119dzynarodowej w sprawach karnych - Digital Justice Center\",\"isPartOf\":{\"@id\":\"https:\/\/digitaljustice.uwr.edu.pl\/en\/#website\"},\"primaryImageOfPage\":{\"@id\":\"https:\/\/digitaljustice.uwr.edu.pl\/en\/seminars\/nowe-technologie-we-wspolpracy-miedzynarodowej-w-sprawach-karnych\/#primaryimage\"},\"image\":{\"@id\":\"https:\/\/digitaljustice.uwr.edu.pl\/en\/seminars\/nowe-technologie-we-wspolpracy-miedzynarodowej-w-sprawach-karnych\/#primaryimage\"},\"thumbnailUrl\":\"https:\/\/digitaljustice.uwr.edu.pl\/wp-content\/uploads\/sites\/21\/2024\/02\/419227825_390242203502285_6959545093611761966_n-1024x576.jpg\",\"datePublished\":\"2024-02-28T19:01:48+00:00\",\"dateModified\":\"2024-02-28T19:01:54+00:00\",\"description\":\"The Digital Justice Center was established as part of the \u201cExcellence Initiative \u2013 Research University\u201d program at the University of Wroclaw which is one of ten Research Universities in Poland.\",\"breadcrumb\":{\"@id\":\"https:\/\/digitaljustice.uwr.edu.pl\/en\/seminars\/nowe-technologie-we-wspolpracy-miedzynarodowej-w-sprawach-karnych\/#breadcrumb\"},\"inLanguage\":\"en-US\",\"potentialAction\":[{\"@type\":\"ReadAction\",\"target\":[\"https:\/\/digitaljustice.uwr.edu.pl\/en\/seminars\/nowe-technologie-we-wspolpracy-miedzynarodowej-w-sprawach-karnych\/\"]}]},{\"@type\":\"ImageObject\",\"inLanguage\":\"en-US\",\"@id\":\"https:\/\/digitaljustice.uwr.edu.pl\/en\/seminars\/nowe-technologie-we-wspolpracy-miedzynarodowej-w-sprawach-karnych\/#primaryimage\",\"url\":\"https:\/\/digitaljustice.uwr.edu.pl\/wp-content\/uploads\/sites\/21\/2024\/02\/419227825_390242203502285_6959545093611761966_n-1024x576.jpg\",\"contentUrl\":\"https:\/\/digitaljustice.uwr.edu.pl\/wp-content\/uploads\/sites\/21\/2024\/02\/419227825_390242203502285_6959545093611761966_n-1024x576.jpg\"},{\"@type\":\"BreadcrumbList\",\"@id\":\"https:\/\/digitaljustice.uwr.edu.pl\/en\/seminars\/nowe-technologie-we-wspolpracy-miedzynarodowej-w-sprawach-karnych\/#breadcrumb\",\"itemListElement\":[{\"@type\":\"ListItem\",\"position\":1,\"name\":\"Main Page\",\"item\":\"https:\/\/digitaljustice.uwr.edu.pl\/en\/\"},{\"@type\":\"ListItem\",\"position\":2,\"name\":\"Seminars\",\"item\":\"https:\/\/digitaljustice.uwr.edu.pl\/en\/seminars\/\"},{\"@type\":\"ListItem\",\"position\":3,\"name\":\"Nowe technologie we wsp\u00f3\u0142pracy mi\u0119dzynarodowej w sprawach karnych\"}]},{\"@type\":\"WebSite\",\"@id\":\"https:\/\/digitaljustice.uwr.edu.pl\/en\/#website\",\"url\":\"https:\/\/digitaljustice.uwr.edu.pl\/en\/\",\"name\":\"Digital Justice Center\",\"description\":\"Kolejna witryna sieci \u201eUWR Witryny\u201d\",\"publisher\":{\"@id\":\"https:\/\/digitaljustice.uwr.edu.pl\/en\/#organization\"},\"potentialAction\":[{\"@type\":\"SearchAction\",\"target\":{\"@type\":\"EntryPoint\",\"urlTemplate\":\"https:\/\/digitaljustice.uwr.edu.pl\/en\/?s={search_term_string}\"},\"query-input\":{\"@type\":\"PropertyValueSpecification\",\"valueRequired\":true,\"valueName\":\"search_term_string\"}}],\"inLanguage\":\"en-US\"},{\"@type\":\"Organization\",\"@id\":\"https:\/\/digitaljustice.uwr.edu.pl\/en\/#organization\",\"name\":\"Digital Justice Center\",\"url\":\"https:\/\/digitaljustice.uwr.edu.pl\/en\/\",\"logo\":{\"@type\":\"ImageObject\",\"inLanguage\":\"en-US\",\"@id\":\"https:\/\/digitaljustice.uwr.edu.pl\/en\/#\/schema\/logo\/image\/\",\"url\":\"https:\/\/digitaljustice.uwr.edu.pl\/wp-content\/uploads\/sites\/21\/2025\/10\/UWr-logotyp-2025.png\",\"contentUrl\":\"https:\/\/digitaljustice.uwr.edu.pl\/wp-content\/uploads\/sites\/21\/2025\/10\/UWr-logotyp-2025.png\",\"width\":764,\"height\":269,\"caption\":\"Digital Justice Center\"},\"image\":{\"@id\":\"https:\/\/digitaljustice.uwr.edu.pl\/en\/#\/schema\/logo\/image\/\"}}]}<\/script>\n<!-- \/ Yoast SEO plugin. -->","yoast_head_json":{"title":"Nowe technologie we wsp\u00f3\u0142pracy mi\u0119dzynarodowej w sprawach karnych - Digital Justice Center","description":"The Digital Justice Center was established as part of the \u201cExcellence Initiative \u2013 Research University\u201d program at the University of Wroclaw which is one of ten Research Universities in Poland.","robots":{"index":"index","follow":"follow","max-snippet":"max-snippet:-1","max-image-preview":"max-image-preview:large","max-video-preview":"max-video-preview:-1"},"canonical":"https:\/\/digitaljustice.uwr.edu.pl\/en\/seminars\/nowe-technologie-we-wspolpracy-miedzynarodowej-w-sprawach-karnych\/","og_locale":"en_US","og_type":"article","og_title":"Nowe technologie we wsp\u00f3\u0142pracy mi\u0119dzynarodowej w sprawach karnych - Digital Justice Center","og_description":"The Digital Justice Center was established as part of the \u201cExcellence Initiative \u2013 Research University\u201d program at the University of Wroclaw which is one of ten Research Universities in Poland.","og_url":"https:\/\/digitaljustice.uwr.edu.pl\/en\/seminars\/nowe-technologie-we-wspolpracy-miedzynarodowej-w-sprawach-karnych\/","og_site_name":"Digital Justice Center","article_modified_time":"2024-02-28T19:01:54+00:00","og_image":[{"url":"https:\/\/digitaljustice.uwr.edu.pl\/wp-content\/uploads\/sites\/21\/2024\/02\/419227825_390242203502285_6959545093611761966_n-1024x576.jpg","type":"","width":"","height":""}],"twitter_card":"summary_large_image","twitter_misc":{"Est. reading time":"2 minutes"},"schema":{"@context":"https:\/\/schema.org","@graph":[{"@type":"WebPage","@id":"https:\/\/digitaljustice.uwr.edu.pl\/en\/seminars\/nowe-technologie-we-wspolpracy-miedzynarodowej-w-sprawach-karnych\/","url":"https:\/\/digitaljustice.uwr.edu.pl\/en\/seminars\/nowe-technologie-we-wspolpracy-miedzynarodowej-w-sprawach-karnych\/","name":"Nowe technologie we wsp\u00f3\u0142pracy mi\u0119dzynarodowej w sprawach karnych - Digital Justice Center","isPartOf":{"@id":"https:\/\/digitaljustice.uwr.edu.pl\/en\/#website"},"primaryImageOfPage":{"@id":"https:\/\/digitaljustice.uwr.edu.pl\/en\/seminars\/nowe-technologie-we-wspolpracy-miedzynarodowej-w-sprawach-karnych\/#primaryimage"},"image":{"@id":"https:\/\/digitaljustice.uwr.edu.pl\/en\/seminars\/nowe-technologie-we-wspolpracy-miedzynarodowej-w-sprawach-karnych\/#primaryimage"},"thumbnailUrl":"https:\/\/digitaljustice.uwr.edu.pl\/wp-content\/uploads\/sites\/21\/2024\/02\/419227825_390242203502285_6959545093611761966_n-1024x576.jpg","datePublished":"2024-02-28T19:01:48+00:00","dateModified":"2024-02-28T19:01:54+00:00","description":"The Digital Justice Center was established as part of the \u201cExcellence Initiative \u2013 Research University\u201d program at the University of Wroclaw which is one of ten Research Universities in Poland.","breadcrumb":{"@id":"https:\/\/digitaljustice.uwr.edu.pl\/en\/seminars\/nowe-technologie-we-wspolpracy-miedzynarodowej-w-sprawach-karnych\/#breadcrumb"},"inLanguage":"en-US","potentialAction":[{"@type":"ReadAction","target":["https:\/\/digitaljustice.uwr.edu.pl\/en\/seminars\/nowe-technologie-we-wspolpracy-miedzynarodowej-w-sprawach-karnych\/"]}]},{"@type":"ImageObject","inLanguage":"en-US","@id":"https:\/\/digitaljustice.uwr.edu.pl\/en\/seminars\/nowe-technologie-we-wspolpracy-miedzynarodowej-w-sprawach-karnych\/#primaryimage","url":"https:\/\/digitaljustice.uwr.edu.pl\/wp-content\/uploads\/sites\/21\/2024\/02\/419227825_390242203502285_6959545093611761966_n-1024x576.jpg","contentUrl":"https:\/\/digitaljustice.uwr.edu.pl\/wp-content\/uploads\/sites\/21\/2024\/02\/419227825_390242203502285_6959545093611761966_n-1024x576.jpg"},{"@type":"BreadcrumbList","@id":"https:\/\/digitaljustice.uwr.edu.pl\/en\/seminars\/nowe-technologie-we-wspolpracy-miedzynarodowej-w-sprawach-karnych\/#breadcrumb","itemListElement":[{"@type":"ListItem","position":1,"name":"Main Page","item":"https:\/\/digitaljustice.uwr.edu.pl\/en\/"},{"@type":"ListItem","position":2,"name":"Seminars","item":"https:\/\/digitaljustice.uwr.edu.pl\/en\/seminars\/"},{"@type":"ListItem","position":3,"name":"Nowe technologie we wsp\u00f3\u0142pracy mi\u0119dzynarodowej w sprawach karnych"}]},{"@type":"WebSite","@id":"https:\/\/digitaljustice.uwr.edu.pl\/en\/#website","url":"https:\/\/digitaljustice.uwr.edu.pl\/en\/","name":"Digital Justice Center","description":"Kolejna witryna sieci \u201eUWR Witryny\u201d","publisher":{"@id":"https:\/\/digitaljustice.uwr.edu.pl\/en\/#organization"},"potentialAction":[{"@type":"SearchAction","target":{"@type":"EntryPoint","urlTemplate":"https:\/\/digitaljustice.uwr.edu.pl\/en\/?s={search_term_string}"},"query-input":{"@type":"PropertyValueSpecification","valueRequired":true,"valueName":"search_term_string"}}],"inLanguage":"en-US"},{"@type":"Organization","@id":"https:\/\/digitaljustice.uwr.edu.pl\/en\/#organization","name":"Digital Justice Center","url":"https:\/\/digitaljustice.uwr.edu.pl\/en\/","logo":{"@type":"ImageObject","inLanguage":"en-US","@id":"https:\/\/digitaljustice.uwr.edu.pl\/en\/#\/schema\/logo\/image\/","url":"https:\/\/digitaljustice.uwr.edu.pl\/wp-content\/uploads\/sites\/21\/2025\/10\/UWr-logotyp-2025.png","contentUrl":"https:\/\/digitaljustice.uwr.edu.pl\/wp-content\/uploads\/sites\/21\/2025\/10\/UWr-logotyp-2025.png","width":764,"height":269,"caption":"Digital Justice Center"},"image":{"@id":"https:\/\/digitaljustice.uwr.edu.pl\/en\/#\/schema\/logo\/image\/"}}]}},"publishpress_future_action":{"enabled":false,"date":"2026-05-09 08:02:23","action":"change-status","newStatus":"draft","terms":[],"taxonomy":"category","extraData":[]},"publishpress_future_workflow_manual_trigger":{"enabledWorkflows":[]},"_links":{"self":[{"href":"https:\/\/digitaljustice.uwr.edu.pl\/en\/wp-json\/wp\/v2\/pages\/19692\/"}],"collection":[{"href":"https:\/\/digitaljustice.uwr.edu.pl\/en\/wp-json\/wp\/v2\/pages\/"}],"about":[{"href":"https:\/\/digitaljustice.uwr.edu.pl\/en\/wp-json\/wp\/v2\/types\/page\/"}],"author":[{"embeddable":true,"href":"https:\/\/digitaljustice.uwr.edu.pl\/en\/wp-json\/wp\/v2\/users\/92\/"}],"replies":[{"embeddable":true,"href":"https:\/\/digitaljustice.uwr.edu.pl\/en\/wp-json\/wp\/v2\/comments\/?post=19692"}],"version-history":[{"count":1,"href":"https:\/\/digitaljustice.uwr.edu.pl\/en\/wp-json\/wp\/v2\/pages\/19692\/revisions\/"}],"predecessor-version":[{"id":19701,"href":"https:\/\/digitaljustice.uwr.edu.pl\/en\/wp-json\/wp\/v2\/pages\/19692\/revisions\/19701\/"}],"up":[{"embeddable":true,"href":"https:\/\/digitaljustice.uwr.edu.pl\/en\/wp-json\/wp\/v2\/pages\/12795\/"}],"wp:attachment":[{"href":"https:\/\/digitaljustice.uwr.edu.pl\/en\/wp-json\/wp\/v2\/media\/?parent=19692"}],"wp:term":[{"taxonomy":"category","embeddable":true,"href":"https:\/\/digitaljustice.uwr.edu.pl\/en\/wp-json\/wp\/v2\/categories\/?post=19692"},{"taxonomy":"post_tag","embeddable":true,"href":"https:\/\/digitaljustice.uwr.edu.pl\/en\/wp-json\/wp\/v2\/tags\/?post=19692"}],"curies":[{"name":"wp","href":"https:\/\/api.w.org\/{rel}","templated":true}]}}