{"id":17895,"date":"2023-03-29T12:52:01","date_gmt":"2023-03-29T10:52:01","guid":{"rendered":"https:\/\/digitaljustice.uwr.edu.pl\/?page_id=17895"},"modified":"2023-03-29T12:52:57","modified_gmt":"2023-03-29T10:52:57","slug":"wrongful-deprivation-of-liberty","status":"publish","type":"page","link":"https:\/\/digitaljustice.uwr.edu.pl\/en\/conferences\/wrongful-deprivation-of-liberty\/","title":{"rendered":"Wrongful Deprivation of Liberty"},"content":{"rendered":"\n<div class=\"wp-block-ugb-container ugb-container ugb-8dda971 ugb-container--v2 ugb-container--design-plain ugb-main-block\"><div class=\"ugb-inner-block\"><div class=\"ugb-block-content\"><div class=\"ugb-container__wrapper ugb-8dda971-wrapper\"><div class=\"ugb-container__side\"><div class=\"ugb-container__content-wrapper ugb-8dda971-content-wrapper\">\n<div class=\"wp-block-columns bs-news-page is-layout-flex wp-block-columns-is-layout-flex\">\n<div class=\"wp-block-column bs-kontakt-photo is-layout-flow wp-block-column-is-layout-flow\">\n<figure class=\"wp-block-image size-large\"><img loading=\"lazy\" decoding=\"async\" width=\"1024\" height=\"682\" src=\"https:\/\/digitaljustice.uwr.edu.pl\/wp-content\/uploads\/sites\/21\/2023\/03\/thumbnail_3-1024x682.jpg\" alt=\"x\" class=\"wp-image-17853\" srcset=\"https:\/\/digitaljustice.uwr.edu.pl\/wp-content\/uploads\/sites\/21\/2023\/03\/thumbnail_3-1024x682.jpg 1024w, https:\/\/digitaljustice.uwr.edu.pl\/wp-content\/uploads\/sites\/21\/2023\/03\/thumbnail_3-300x200.jpg 300w, https:\/\/digitaljustice.uwr.edu.pl\/wp-content\/uploads\/sites\/21\/2023\/03\/thumbnail_3-768x512.jpg 768w, https:\/\/digitaljustice.uwr.edu.pl\/wp-content\/uploads\/sites\/21\/2023\/03\/thumbnail_3-24x16.jpg 24w, https:\/\/digitaljustice.uwr.edu.pl\/wp-content\/uploads\/sites\/21\/2023\/03\/thumbnail_3-36x24.jpg 36w, https:\/\/digitaljustice.uwr.edu.pl\/wp-content\/uploads\/sites\/21\/2023\/03\/thumbnail_3-48x32.jpg 48w, https:\/\/digitaljustice.uwr.edu.pl\/wp-content\/uploads\/sites\/21\/2023\/03\/thumbnail_3.jpg 1280w\" sizes=\"auto, (max-width: 1024px) 100vw, 1024px\" \/><\/figure>\n<\/div>\n\n\n\n<div class=\"wp-block-column bs-contact-right-column is-layout-flow wp-block-column-is-layout-flow\">\n<div class=\"wp-block-bonasoft-modular-breadcrumbs-block\"><div class=\"bs_add_breadcrumb_trail\"><\/div><\/div>\n\n\n\n<hr class=\"wp-block-separator has-text-color has-background has-black-background-color has-black-color is-style-wide bs-border-kontakt\"\/>\n\n\n\n<h1 class=\"wp-block-heading\"><strong><strong>\u2018Wrongful Deprivation of Liberty\u2019<\/strong><\/strong><\/h1>\n\n\n\n<p>On March 22, 2023 Digital Justice Center together with <a href=\"https:\/\/www.ora-warszawa.com.pl\/the-warsaw-bar-association\/\">Okr\u0119gowa Rada Adwokacka w Warszawie<\/a>, <a href=\"https:\/\/hfhr.pl\/en\/\">Helsi\u0144ska Fundacja Praw Cz\u0142owieka<\/a> and <a href=\"https:\/\/stowarzyszenieholda.pl\/\">Stowarzyszenie im. Prof. Zbigniewa Ho\u0142dy<\/a> organized a round table \u2018Wrongful Deprivation of Liberty\u2019. The event was hosted by the Warsaw Bar Association and gathered academics and practitioners \u2013 attorneys, judges, prosecutors.<\/p>\n\n\n\n<p>The aim of the meeting was to exchange views on how cases of wrongful deprivation of liberty can be prevented and if they occur how they should be compensated. The round table\u2019s discussion was divided into three parts. The first one was aiming at answering the question of how to effectively identify wrongful convictions, including the need to establish an independent institution to review possible distortions of justice. The second part of the discussion was focused on the desired amendments in the area of criminal law and procedure necessary to avoid wrongful deprivation of liberty. The last part of the meeting dealt with the issue of granting fair compensation. A member of the Digital Justice Center team <a href=\"https:\/\/digitaljustice.uwr.edu.pl\/en\/core-team\/wojciech-jasinski\/\">Wojciech Jasi\u0144ski<\/a> together with <a href=\"https:\/\/ipsir.uw.edu.pl\/o-instytucie\/katedry-i-zaklady\/katedra-kryminologii-i-polityki-kryminalnej\/lukasz-chojniak\/\">\u0141ukasz Chojniak<\/a> \u2013 attorney at law in Warsaw and assistant professor at the <a href=\"https:\/\/en.uw.edu.pl\/\">University of Warsaw<\/a> \u2013 made an introduction to discussion during the second part of the round table.<\/p>\n<\/div>\n<\/div>\n\n\n\n<div class=\"wp-block-ugb-container ugb-container bs-news-page-under ugb-f8694ce ugb-container--v2 ugb-container--design-plain ugb-main-block\"><div class=\"ugb-inner-block\"><div class=\"ugb-block-content\"><div class=\"ugb-container__wrapper ugb-f8694ce-wrapper\"><div class=\"ugb-container__side\"><div class=\"ugb-container__content-wrapper ugb-f8694ce-content-wrapper\">\n<p><br><\/p>\n<\/div><\/div><\/div><\/div><\/div><\/div>\n\n\n\n<figure class=\"wp-block-gallery has-nested-images columns-default is-cropped wp-block-gallery-2 is-layout-flex wp-block-gallery-is-layout-flex\">\n<figure class=\"wp-block-image size-large\"><img loading=\"lazy\" decoding=\"async\" width=\"1280\" height=\"853\" data-id=\"17847\" src=\"https:\/\/digitaljustice.uwr.edu.pl\/wp-content\/uploads\/sites\/21\/2023\/03\/thumbnail_2-1.jpg\" alt=\"x\" class=\"wp-image-17847\" srcset=\"https:\/\/digitaljustice.uwr.edu.pl\/wp-content\/uploads\/sites\/21\/2023\/03\/thumbnail_2-1.jpg 1280w, https:\/\/digitaljustice.uwr.edu.pl\/wp-content\/uploads\/sites\/21\/2023\/03\/thumbnail_2-1-300x200.jpg 300w, https:\/\/digitaljustice.uwr.edu.pl\/wp-content\/uploads\/sites\/21\/2023\/03\/thumbnail_2-1-1024x682.jpg 1024w, https:\/\/digitaljustice.uwr.edu.pl\/wp-content\/uploads\/sites\/21\/2023\/03\/thumbnail_2-1-768x512.jpg 768w, https:\/\/digitaljustice.uwr.edu.pl\/wp-content\/uploads\/sites\/21\/2023\/03\/thumbnail_2-1-24x16.jpg 24w, https:\/\/digitaljustice.uwr.edu.pl\/wp-content\/uploads\/sites\/21\/2023\/03\/thumbnail_2-1-36x24.jpg 36w, https:\/\/digitaljustice.uwr.edu.pl\/wp-content\/uploads\/sites\/21\/2023\/03\/thumbnail_2-1-48x32.jpg 48w\" sizes=\"auto, (max-width: 1280px) 100vw, 1280px\" \/><\/figure>\n\n\n\n<figure class=\"wp-block-image size-large\"><img loading=\"lazy\" decoding=\"async\" width=\"1280\" height=\"853\" data-id=\"17859\" src=\"https:\/\/digitaljustice.uwr.edu.pl\/wp-content\/uploads\/sites\/21\/2023\/03\/thumbnail_4-1.jpg\" alt=\"x\" class=\"wp-image-17859\" srcset=\"https:\/\/digitaljustice.uwr.edu.pl\/wp-content\/uploads\/sites\/21\/2023\/03\/thumbnail_4-1.jpg 1280w, https:\/\/digitaljustice.uwr.edu.pl\/wp-content\/uploads\/sites\/21\/2023\/03\/thumbnail_4-1-300x200.jpg 300w, https:\/\/digitaljustice.uwr.edu.pl\/wp-content\/uploads\/sites\/21\/2023\/03\/thumbnail_4-1-1024x682.jpg 1024w, https:\/\/digitaljustice.uwr.edu.pl\/wp-content\/uploads\/sites\/21\/2023\/03\/thumbnail_4-1-768x512.jpg 768w, https:\/\/digitaljustice.uwr.edu.pl\/wp-content\/uploads\/sites\/21\/2023\/03\/thumbnail_4-1-24x16.jpg 24w, https:\/\/digitaljustice.uwr.edu.pl\/wp-content\/uploads\/sites\/21\/2023\/03\/thumbnail_4-1-36x24.jpg 36w, https:\/\/digitaljustice.uwr.edu.pl\/wp-content\/uploads\/sites\/21\/2023\/03\/thumbnail_4-1-48x32.jpg 48w\" sizes=\"auto, (max-width: 1280px) 100vw, 1280px\" \/><\/figure>\n\n\n\n<figure class=\"wp-block-image size-large\"><img loading=\"lazy\" decoding=\"async\" width=\"1280\" height=\"853\" data-id=\"17904\" src=\"https:\/\/digitaljustice.uwr.edu.pl\/wp-content\/uploads\/sites\/21\/2023\/03\/thumbnail_5-2.jpg\" alt=\"x\" class=\"wp-image-17904\" srcset=\"https:\/\/digitaljustice.uwr.edu.pl\/wp-content\/uploads\/sites\/21\/2023\/03\/thumbnail_5-2.jpg 1280w, https:\/\/digitaljustice.uwr.edu.pl\/wp-content\/uploads\/sites\/21\/2023\/03\/thumbnail_5-2-300x200.jpg 300w, https:\/\/digitaljustice.uwr.edu.pl\/wp-content\/uploads\/sites\/21\/2023\/03\/thumbnail_5-2-1024x682.jpg 1024w, https:\/\/digitaljustice.uwr.edu.pl\/wp-content\/uploads\/sites\/21\/2023\/03\/thumbnail_5-2-768x512.jpg 768w, https:\/\/digitaljustice.uwr.edu.pl\/wp-content\/uploads\/sites\/21\/2023\/03\/thumbnail_5-2-24x16.jpg 24w, https:\/\/digitaljustice.uwr.edu.pl\/wp-content\/uploads\/sites\/21\/2023\/03\/thumbnail_5-2-36x24.jpg 36w, https:\/\/digitaljustice.uwr.edu.pl\/wp-content\/uploads\/sites\/21\/2023\/03\/thumbnail_5-2-48x32.jpg 48w\" sizes=\"auto, (max-width: 1280px) 100vw, 1280px\" \/><\/figure>\n<\/figure>\n<\/div><\/div><\/div><\/div><\/div><\/div>\n\n\n\n<figure class=\"wp-block-image size-large\"><img loading=\"lazy\" decoding=\"async\" width=\"1024\" height=\"724\" src=\"https:\/\/digitaljustice.uwr.edu.pl\/wp-content\/uploads\/sites\/21\/2023\/03\/thumbnail_1-3-1024x724.jpg\" alt=\"x\" class=\"wp-image-17910\" srcset=\"https:\/\/digitaljustice.uwr.edu.pl\/wp-content\/uploads\/sites\/21\/2023\/03\/thumbnail_1-3-1024x724.jpg 1024w, https:\/\/digitaljustice.uwr.edu.pl\/wp-content\/uploads\/sites\/21\/2023\/03\/thumbnail_1-3-300x212.jpg 300w, https:\/\/digitaljustice.uwr.edu.pl\/wp-content\/uploads\/sites\/21\/2023\/03\/thumbnail_1-3-768x543.jpg 768w, https:\/\/digitaljustice.uwr.edu.pl\/wp-content\/uploads\/sites\/21\/2023\/03\/thumbnail_1-3-24x17.jpg 24w, https:\/\/digitaljustice.uwr.edu.pl\/wp-content\/uploads\/sites\/21\/2023\/03\/thumbnail_1-3-36x25.jpg 36w, https:\/\/digitaljustice.uwr.edu.pl\/wp-content\/uploads\/sites\/21\/2023\/03\/thumbnail_1-3-48x34.jpg 48w, https:\/\/digitaljustice.uwr.edu.pl\/wp-content\/uploads\/sites\/21\/2023\/03\/thumbnail_1-3.jpg 1280w\" sizes=\"auto, (max-width: 1024px) 100vw, 1024px\" \/><\/figure>\n","protected":false},"excerpt":{"rendered":"<p>\u2018Wrongful Deprivation of Liberty\u2019 On March 22, 2023 Digital Justice Center together with Okr\u0119gowa Rada Adwokacka w Warszawie, Helsi\u0144ska Fundacja Praw Cz\u0142owieka and Stowarzyszenie im. Prof. Zbigniewa Ho\u0142dy organized a round table \u2018Wrongful Deprivation of Liberty\u2019. The event was hosted by the Warsaw Bar Association and gathered academics and practitioners \u2013 attorneys, judges, prosecutors. The [&hellip;]<\/p>\n","protected":false},"author":92,"featured_media":0,"parent":12789,"menu_order":1,"comment_status":"closed","ping_status":"closed","template":"","meta":{"_acf_changed":false,"inline_featured_image":false,"site-sidebar-layout":"default","site-content-layout":"","ast-site-content-layout":"default","site-content-style":"default","site-sidebar-style":"default","ast-global-header-display":"","ast-banner-title-visibility":"","ast-main-header-display":"","ast-hfb-above-header-display":"","ast-hfb-below-header-display":"","ast-hfb-mobile-header-display":"","site-post-title":"","ast-breadcrumbs-content":"","ast-featured-img":"","footer-sml-layout":"","ast-disable-related-posts":"","theme-transparent-header-meta":"","adv-header-id-meta":"","stick-header-meta":"","header-above-stick-meta":"","header-main-stick-meta":"","header-below-stick-meta":"","astra-migrate-meta-layouts":"default","ast-page-background-enabled":"default","ast-page-background-meta":{"desktop":{"background-color":"","background-image":"","background-repeat":"repeat","background-position":"center center","background-size":"auto","background-attachment":"scroll","background-type":"","background-media":"","overlay-type":"","overlay-color":"","overlay-opacity":"","overlay-gradient":""},"tablet":{"background-color":"","background-image":"","background-repeat":"repeat","background-position":"center center","background-size":"auto","background-attachment":"scroll","background-type":"","background-media":"","overlay-type":"","overlay-color":"","overlay-opacity":"","overlay-gradient":""},"mobile":{"background-color":"","background-image":"","background-repeat":"repeat","background-position":"center center","background-size":"auto","background-attachment":"scroll","background-type":"","background-media":"","overlay-type":"","overlay-color":"","overlay-opacity":"","overlay-gradient":""}},"ast-content-background-meta":{"desktop":{"background-color":"var(--ast-global-color-5)","background-image":"","background-repeat":"repeat","background-position":"center center","background-size":"auto","background-attachment":"scroll","background-type":"","background-media":"","overlay-type":"","overlay-color":"","overlay-opacity":"","overlay-gradient":""},"tablet":{"background-color":"var(--ast-global-color-5)","background-image":"","background-repeat":"repeat","background-position":"center center","background-size":"auto","background-attachment":"scroll","background-type":"","background-media":"","overlay-type":"","overlay-color":"","overlay-opacity":"","overlay-gradient":""},"mobile":{"background-color":"var(--ast-global-color-5)","background-image":"","background-repeat":"repeat","background-position":"center center","background-size":"auto","background-attachment":"scroll","background-type":"","background-media":"","overlay-type":"","overlay-color":"","overlay-opacity":"","overlay-gradient":""}},"footnotes":""},"categories":[],"tags":[],"class_list":["post-17895","page","type-page","status-publish","hentry"],"featured_image_urls_v2":{"full":"","thumbnail":"","medium":"","medium_large":"","large":"","1536x1536":"","2048x2048":"","menu-24x24":"","menu-36x36":"","menu-48x48":""},"post_excerpt_stackable_v2":"<p>\u2018Wrongful Deprivation of Liberty\u2019 On March 22, 2023 Digital Justice Center together with Okr\u0119gowa Rada Adwokacka w Warszawie, Helsi\u0144ska Fundacja Praw Cz\u0142owieka and Stowarzyszenie im. Prof. Zbigniewa Ho\u0142dy organized a round table \u2018Wrongful Deprivation of Liberty\u2019. The event was hosted by the Warsaw Bar Association and gathered academics and practitioners \u2013 attorneys, judges, prosecutors. The aim of the meeting was to exchange views on how cases of wrongful deprivation of liberty can be prevented and if they occur how they should be compensated. The round table\u2019s discussion was divided into three parts. The first one was aiming at answering the&hellip;<\/p>\n","category_list_v2":"Uncategorized","author_info_v2":{"name":"kamil.sobanski@uwr.edu.pl","url":"https:\/\/digitaljustice.uwr.edu.pl\/en\/author\/kamil-sobanskiuwr-edu-pl\/"},"comments_num_v2":"0 comments","acf":[],"yoast_head":"<!-- This site is optimized with the Yoast SEO plugin v27.1.1 - https:\/\/yoast.com\/product\/yoast-seo-wordpress\/ -->\n<title>Wrongful Deprivation of Liberty - Digital Justice Center<\/title>\n<meta name=\"description\" content=\"The Digital Justice Center was established as part of the \u201cExcellence Initiative \u2013 Research University\u201d program at the University of Wroclaw which is one of ten Research Universities in Poland.\" \/>\n<meta name=\"robots\" content=\"index, follow, max-snippet:-1, max-image-preview:large, max-video-preview:-1\" \/>\n<link rel=\"canonical\" href=\"https:\/\/digitaljustice.uwr.edu.pl\/en\/conferences\/wrongful-deprivation-of-liberty\/\" \/>\n<meta property=\"og:locale\" content=\"en_US\" \/>\n<meta property=\"og:type\" content=\"article\" \/>\n<meta property=\"og:title\" content=\"Wrongful Deprivation of Liberty - Digital Justice Center\" \/>\n<meta property=\"og:description\" content=\"The Digital Justice Center was established as part of the \u201cExcellence Initiative \u2013 Research University\u201d program at the University of Wroclaw which is one of ten Research Universities in Poland.\" \/>\n<meta property=\"og:url\" content=\"https:\/\/digitaljustice.uwr.edu.pl\/en\/conferences\/wrongful-deprivation-of-liberty\/\" \/>\n<meta property=\"og:site_name\" content=\"Digital Justice Center\" \/>\n<meta property=\"article:modified_time\" content=\"2023-03-29T10:52:57+00:00\" \/>\n<meta property=\"og:image\" content=\"https:\/\/digitaljustice.uwr.edu.pl\/wp-content\/uploads\/sites\/21\/2023\/03\/thumbnail_3-1024x682.jpg\" \/>\n<meta name=\"twitter:card\" content=\"summary_large_image\" \/>\n<meta name=\"twitter:label1\" content=\"Est. reading time\" \/>\n\t<meta name=\"twitter:data1\" content=\"2 minutes\" \/>\n<script type=\"application\/ld+json\" class=\"yoast-schema-graph\">{\"@context\":\"https:\/\/schema.org\",\"@graph\":[{\"@type\":\"WebPage\",\"@id\":\"https:\/\/digitaljustice.uwr.edu.pl\/en\/conferences\/wrongful-deprivation-of-liberty\/\",\"url\":\"https:\/\/digitaljustice.uwr.edu.pl\/en\/conferences\/wrongful-deprivation-of-liberty\/\",\"name\":\"Wrongful Deprivation of Liberty - Digital Justice Center\",\"isPartOf\":{\"@id\":\"https:\/\/digitaljustice.uwr.edu.pl\/en\/#website\"},\"primaryImageOfPage\":{\"@id\":\"https:\/\/digitaljustice.uwr.edu.pl\/en\/conferences\/wrongful-deprivation-of-liberty\/#primaryimage\"},\"image\":{\"@id\":\"https:\/\/digitaljustice.uwr.edu.pl\/en\/conferences\/wrongful-deprivation-of-liberty\/#primaryimage\"},\"thumbnailUrl\":\"https:\/\/digitaljustice.uwr.edu.pl\/wp-content\/uploads\/sites\/21\/2023\/03\/thumbnail_3-1024x682.jpg\",\"datePublished\":\"2023-03-29T10:52:01+00:00\",\"dateModified\":\"2023-03-29T10:52:57+00:00\",\"description\":\"The Digital Justice Center was established as part of the \u201cExcellence Initiative \u2013 Research University\u201d program at the University of Wroclaw which is one of ten Research Universities in Poland.\",\"breadcrumb\":{\"@id\":\"https:\/\/digitaljustice.uwr.edu.pl\/en\/conferences\/wrongful-deprivation-of-liberty\/#breadcrumb\"},\"inLanguage\":\"en-US\",\"potentialAction\":[{\"@type\":\"ReadAction\",\"target\":[\"https:\/\/digitaljustice.uwr.edu.pl\/en\/conferences\/wrongful-deprivation-of-liberty\/\"]}]},{\"@type\":\"ImageObject\",\"inLanguage\":\"en-US\",\"@id\":\"https:\/\/digitaljustice.uwr.edu.pl\/en\/conferences\/wrongful-deprivation-of-liberty\/#primaryimage\",\"url\":\"https:\/\/digitaljustice.uwr.edu.pl\/wp-content\/uploads\/sites\/21\/2023\/03\/thumbnail_3-1024x682.jpg\",\"contentUrl\":\"https:\/\/digitaljustice.uwr.edu.pl\/wp-content\/uploads\/sites\/21\/2023\/03\/thumbnail_3-1024x682.jpg\"},{\"@type\":\"BreadcrumbList\",\"@id\":\"https:\/\/digitaljustice.uwr.edu.pl\/en\/conferences\/wrongful-deprivation-of-liberty\/#breadcrumb\",\"itemListElement\":[{\"@type\":\"ListItem\",\"position\":1,\"name\":\"Main Page\",\"item\":\"https:\/\/digitaljustice.uwr.edu.pl\/en\/\"},{\"@type\":\"ListItem\",\"position\":2,\"name\":\"Conferences\",\"item\":\"https:\/\/digitaljustice.uwr.edu.pl\/en\/conferences\/\"},{\"@type\":\"ListItem\",\"position\":3,\"name\":\"Wrongful Deprivation of Liberty\"}]},{\"@type\":\"WebSite\",\"@id\":\"https:\/\/digitaljustice.uwr.edu.pl\/en\/#website\",\"url\":\"https:\/\/digitaljustice.uwr.edu.pl\/en\/\",\"name\":\"Digital Justice Center\",\"description\":\"Kolejna witryna sieci \u201eUWR Witryny\u201d\",\"publisher\":{\"@id\":\"https:\/\/digitaljustice.uwr.edu.pl\/en\/#organization\"},\"potentialAction\":[{\"@type\":\"SearchAction\",\"target\":{\"@type\":\"EntryPoint\",\"urlTemplate\":\"https:\/\/digitaljustice.uwr.edu.pl\/en\/?s={search_term_string}\"},\"query-input\":{\"@type\":\"PropertyValueSpecification\",\"valueRequired\":true,\"valueName\":\"search_term_string\"}}],\"inLanguage\":\"en-US\"},{\"@type\":\"Organization\",\"@id\":\"https:\/\/digitaljustice.uwr.edu.pl\/en\/#organization\",\"name\":\"Digital Justice Center\",\"url\":\"https:\/\/digitaljustice.uwr.edu.pl\/en\/\",\"logo\":{\"@type\":\"ImageObject\",\"inLanguage\":\"en-US\",\"@id\":\"https:\/\/digitaljustice.uwr.edu.pl\/en\/#\/schema\/logo\/image\/\",\"url\":\"https:\/\/digitaljustice.uwr.edu.pl\/wp-content\/uploads\/sites\/21\/2025\/10\/UWr-logotyp-2025.png\",\"contentUrl\":\"https:\/\/digitaljustice.uwr.edu.pl\/wp-content\/uploads\/sites\/21\/2025\/10\/UWr-logotyp-2025.png\",\"width\":764,\"height\":269,\"caption\":\"Digital Justice Center\"},\"image\":{\"@id\":\"https:\/\/digitaljustice.uwr.edu.pl\/en\/#\/schema\/logo\/image\/\"}}]}<\/script>\n<!-- \/ Yoast SEO plugin. -->","yoast_head_json":{"title":"Wrongful Deprivation of Liberty - Digital Justice Center","description":"The Digital Justice Center was established as part of the \u201cExcellence Initiative \u2013 Research University\u201d program at the University of Wroclaw which is one of ten Research Universities in Poland.","robots":{"index":"index","follow":"follow","max-snippet":"max-snippet:-1","max-image-preview":"max-image-preview:large","max-video-preview":"max-video-preview:-1"},"canonical":"https:\/\/digitaljustice.uwr.edu.pl\/en\/conferences\/wrongful-deprivation-of-liberty\/","og_locale":"en_US","og_type":"article","og_title":"Wrongful Deprivation of Liberty - Digital Justice Center","og_description":"The Digital Justice Center was established as part of the \u201cExcellence Initiative \u2013 Research University\u201d program at the University of Wroclaw which is one of ten Research Universities in Poland.","og_url":"https:\/\/digitaljustice.uwr.edu.pl\/en\/conferences\/wrongful-deprivation-of-liberty\/","og_site_name":"Digital Justice Center","article_modified_time":"2023-03-29T10:52:57+00:00","og_image":[{"url":"https:\/\/digitaljustice.uwr.edu.pl\/wp-content\/uploads\/sites\/21\/2023\/03\/thumbnail_3-1024x682.jpg","type":"","width":"","height":""}],"twitter_card":"summary_large_image","twitter_misc":{"Est. reading time":"2 minutes"},"schema":{"@context":"https:\/\/schema.org","@graph":[{"@type":"WebPage","@id":"https:\/\/digitaljustice.uwr.edu.pl\/en\/conferences\/wrongful-deprivation-of-liberty\/","url":"https:\/\/digitaljustice.uwr.edu.pl\/en\/conferences\/wrongful-deprivation-of-liberty\/","name":"Wrongful Deprivation of Liberty - Digital Justice Center","isPartOf":{"@id":"https:\/\/digitaljustice.uwr.edu.pl\/en\/#website"},"primaryImageOfPage":{"@id":"https:\/\/digitaljustice.uwr.edu.pl\/en\/conferences\/wrongful-deprivation-of-liberty\/#primaryimage"},"image":{"@id":"https:\/\/digitaljustice.uwr.edu.pl\/en\/conferences\/wrongful-deprivation-of-liberty\/#primaryimage"},"thumbnailUrl":"https:\/\/digitaljustice.uwr.edu.pl\/wp-content\/uploads\/sites\/21\/2023\/03\/thumbnail_3-1024x682.jpg","datePublished":"2023-03-29T10:52:01+00:00","dateModified":"2023-03-29T10:52:57+00:00","description":"The Digital Justice Center was established as part of the \u201cExcellence Initiative \u2013 Research University\u201d program at the University of Wroclaw which is one of ten Research Universities in Poland.","breadcrumb":{"@id":"https:\/\/digitaljustice.uwr.edu.pl\/en\/conferences\/wrongful-deprivation-of-liberty\/#breadcrumb"},"inLanguage":"en-US","potentialAction":[{"@type":"ReadAction","target":["https:\/\/digitaljustice.uwr.edu.pl\/en\/conferences\/wrongful-deprivation-of-liberty\/"]}]},{"@type":"ImageObject","inLanguage":"en-US","@id":"https:\/\/digitaljustice.uwr.edu.pl\/en\/conferences\/wrongful-deprivation-of-liberty\/#primaryimage","url":"https:\/\/digitaljustice.uwr.edu.pl\/wp-content\/uploads\/sites\/21\/2023\/03\/thumbnail_3-1024x682.jpg","contentUrl":"https:\/\/digitaljustice.uwr.edu.pl\/wp-content\/uploads\/sites\/21\/2023\/03\/thumbnail_3-1024x682.jpg"},{"@type":"BreadcrumbList","@id":"https:\/\/digitaljustice.uwr.edu.pl\/en\/conferences\/wrongful-deprivation-of-liberty\/#breadcrumb","itemListElement":[{"@type":"ListItem","position":1,"name":"Main Page","item":"https:\/\/digitaljustice.uwr.edu.pl\/en\/"},{"@type":"ListItem","position":2,"name":"Conferences","item":"https:\/\/digitaljustice.uwr.edu.pl\/en\/conferences\/"},{"@type":"ListItem","position":3,"name":"Wrongful Deprivation of Liberty"}]},{"@type":"WebSite","@id":"https:\/\/digitaljustice.uwr.edu.pl\/en\/#website","url":"https:\/\/digitaljustice.uwr.edu.pl\/en\/","name":"Digital Justice Center","description":"Kolejna witryna sieci \u201eUWR Witryny\u201d","publisher":{"@id":"https:\/\/digitaljustice.uwr.edu.pl\/en\/#organization"},"potentialAction":[{"@type":"SearchAction","target":{"@type":"EntryPoint","urlTemplate":"https:\/\/digitaljustice.uwr.edu.pl\/en\/?s={search_term_string}"},"query-input":{"@type":"PropertyValueSpecification","valueRequired":true,"valueName":"search_term_string"}}],"inLanguage":"en-US"},{"@type":"Organization","@id":"https:\/\/digitaljustice.uwr.edu.pl\/en\/#organization","name":"Digital Justice Center","url":"https:\/\/digitaljustice.uwr.edu.pl\/en\/","logo":{"@type":"ImageObject","inLanguage":"en-US","@id":"https:\/\/digitaljustice.uwr.edu.pl\/en\/#\/schema\/logo\/image\/","url":"https:\/\/digitaljustice.uwr.edu.pl\/wp-content\/uploads\/sites\/21\/2025\/10\/UWr-logotyp-2025.png","contentUrl":"https:\/\/digitaljustice.uwr.edu.pl\/wp-content\/uploads\/sites\/21\/2025\/10\/UWr-logotyp-2025.png","width":764,"height":269,"caption":"Digital Justice Center"},"image":{"@id":"https:\/\/digitaljustice.uwr.edu.pl\/en\/#\/schema\/logo\/image\/"}}]}},"publishpress_future_action":{"enabled":false,"date":"2026-04-17 07:54:34","action":"change-status","newStatus":"draft","terms":[],"taxonomy":"category","extraData":[]},"publishpress_future_workflow_manual_trigger":{"enabledWorkflows":[]},"_links":{"self":[{"href":"https:\/\/digitaljustice.uwr.edu.pl\/en\/wp-json\/wp\/v2\/pages\/17895\/"}],"collection":[{"href":"https:\/\/digitaljustice.uwr.edu.pl\/en\/wp-json\/wp\/v2\/pages\/"}],"about":[{"href":"https:\/\/digitaljustice.uwr.edu.pl\/en\/wp-json\/wp\/v2\/types\/page\/"}],"author":[{"embeddable":true,"href":"https:\/\/digitaljustice.uwr.edu.pl\/en\/wp-json\/wp\/v2\/users\/92\/"}],"replies":[{"embeddable":true,"href":"https:\/\/digitaljustice.uwr.edu.pl\/en\/wp-json\/wp\/v2\/comments\/?post=17895"}],"version-history":[{"count":2,"href":"https:\/\/digitaljustice.uwr.edu.pl\/en\/wp-json\/wp\/v2\/pages\/17895\/revisions\/"}],"predecessor-version":[{"id":17919,"href":"https:\/\/digitaljustice.uwr.edu.pl\/en\/wp-json\/wp\/v2\/pages\/17895\/revisions\/17919\/"}],"up":[{"embeddable":true,"href":"https:\/\/digitaljustice.uwr.edu.pl\/en\/wp-json\/wp\/v2\/pages\/12789\/"}],"wp:attachment":[{"href":"https:\/\/digitaljustice.uwr.edu.pl\/en\/wp-json\/wp\/v2\/media\/?parent=17895"}],"wp:term":[{"taxonomy":"category","embeddable":true,"href":"https:\/\/digitaljustice.uwr.edu.pl\/en\/wp-json\/wp\/v2\/categories\/?post=17895"},{"taxonomy":"post_tag","embeddable":true,"href":"https:\/\/digitaljustice.uwr.edu.pl\/en\/wp-json\/wp\/v2\/tags\/?post=17895"}],"curies":[{"name":"wp","href":"https:\/\/api.w.org\/{rel}","templated":true}]}}