{"id":17820,"date":"2023-03-24T13:05:32","date_gmt":"2023-03-24T12:05:32","guid":{"rendered":"https:\/\/digitaljustice.uwr.edu.pl\/?page_id=17820"},"modified":"2023-03-29T12:11:12","modified_gmt":"2023-03-29T10:11:12","slug":"agnieszka-frackowiak-adamska","status":"publish","type":"page","link":"https:\/\/digitaljustice.uwr.edu.pl\/en\/associated-researchers\/agnieszka-frackowiak-adamska\/","title":{"rendered":"Agnieszka Fr\u0105ckowiak-Adamska"},"content":{"rendered":"\n<div class=\"wp-block-ugb-container ugb-container ugb-8dda971 ugb-container--v2 ugb-container--design-plain ugb-main-block\"><div class=\"ugb-inner-block\"><div class=\"ugb-block-content\"><div class=\"ugb-container__wrapper ugb-8dda971-wrapper\"><div class=\"ugb-container__side\"><div class=\"ugb-container__content-wrapper ugb-8dda971-content-wrapper\">\n<div class=\"wp-block-columns bs-news-page is-layout-flex wp-block-columns-is-layout-flex\">\n<div class=\"wp-block-column bs-kontakt-photo is-layout-flow wp-block-column-is-layout-flow\">\n<figure class=\"wp-block-image size-full\"><img loading=\"lazy\" decoding=\"async\" width=\"622\" height=\"783\" src=\"https:\/\/digitaljustice.uwr.edu.pl\/wp-content\/uploads\/sites\/21\/2023\/03\/Bez-tytulu.png\" alt=\"x\" class=\"wp-image-17877\" srcset=\"https:\/\/digitaljustice.uwr.edu.pl\/wp-content\/uploads\/sites\/21\/2023\/03\/Bez-tytulu.png 622w, https:\/\/digitaljustice.uwr.edu.pl\/wp-content\/uploads\/sites\/21\/2023\/03\/Bez-tytulu-238x300.png 238w, https:\/\/digitaljustice.uwr.edu.pl\/wp-content\/uploads\/sites\/21\/2023\/03\/Bez-tytulu-19x24.png 19w, https:\/\/digitaljustice.uwr.edu.pl\/wp-content\/uploads\/sites\/21\/2023\/03\/Bez-tytulu-29x36.png 29w, https:\/\/digitaljustice.uwr.edu.pl\/wp-content\/uploads\/sites\/21\/2023\/03\/Bez-tytulu-38x48.png 38w\" sizes=\"auto, (max-width: 622px) 100vw, 622px\" \/><\/figure>\n<\/div>\n\n\n\n<div class=\"wp-block-column bs-contact-right-column is-layout-flow wp-block-column-is-layout-flow\">\n<div class=\"wp-block-bonasoft-modular-breadcrumbs-block\"><div class=\"bs_add_breadcrumb_trail\"><\/div><\/div>\n\n\n\n<hr class=\"wp-block-separator has-text-color has-background has-black-background-color has-black-color is-style-wide bs-border-kontakt\"\/>\n\n\n\n<h1 class=\"bs-naglowek-podstrony wp-block-heading\"><strong>Agnieszka Fr\u0105ckowiak-Adamska<\/strong><\/h1>\n\n\n\n<p>Agnieszka Fr\u0105ckowiak-Adamska is a University professor at the Department of International and European Law at the University of Wroc\u0142aw. Author of publications in leading Polish and European legal journals on European Judicial Area (civil and criminal), EU Citizenship, Internal Market and the role of national judges in the application of the EU law.&nbsp;&nbsp;<\/p>\n\n\n\n<p>Founding member and since 2022 vice-president of <a href=\"https:\/\/eapil.org\/\">the European Association of Private International Law (EAPIL)<\/a>. &nbsp;<\/p>\n\n\n\n<p>Leader of Polish scientific teams in three research projects co-financed by the European Commission (DG Justice): <a href=\"https:\/\/w3.abdn.ac.uk\/clsm\/eupillar\/#\/home\">EUPILLAR<\/a>, <a href=\"https:\/\/www.euprisoners.eu\/\">TRANSFER OF PRISONERS<\/a> and <a href=\"https:\/\/ic2be.uantwerpen.be\/#\/home\">IC2BE<\/a> and a national expert in <a href=\"https:\/\/www.amicable-eu.org\/\">AMICABLE<\/a> and <a href=\"https:\/\/digitaljustice.uwr.edu.pl\/en\/projects\/facilex-2022\/\">FACILEX<\/a> projects. Member of the European Commission\u2019s Expert Group on the revision of the <a href=\"https:\/\/eur-lex.europa.eu\/legal-content\/EN\/TXT\/?uri=celex%3A32003R2201\">Brussels IIa (2201\/2003) Regulation<\/a>, expert in the Asser Institute\u2019s study for the European Parliament on <a href=\"https:\/\/www.asser.nl\/projects-legal-advice\/projects\/?rId=85\">A European Framework for Private International Law: Current Gaps and Future Perspectives<\/a>. \u00a0<\/p>\n\n\n\n<p>In 2022 she won the Wolters Kluwer PRIZE for the most useful law book for the practice of justice in 2020 in Poland (for a book co-authored with P. Ba\u0144czyk <a href=\"https:\/\/www.profinfo.pl\/sklep\/formulowanie-pytan-prejudycjalnych-do-trybunalu-sprawiedliwosci-unii-europejskiej-praktyczny-przewodnik,132217.html\">\u201cFormu\u0142owanie pyta\u0144 prejudycjalnych do Trybuna\u0142u Sprawiedliwo\u015bci Unii Europejskiej: praktyczny przewodnik\u201d<\/a> (<em>Formulating questions for a preliminary ruling to the Court of Justice of the European Union: a practical guide<\/em>), Wolters Kluwer 2020, 267 pages).&nbsp;<\/p>\n<\/div>\n<\/div>\n\n\n\n<div class=\"wp-block-ugb-container ugb-container bs-news-page-under ugb-f8694ce ugb-container--v2 ugb-container--design-plain ugb-main-block\"><div class=\"ugb-inner-block\"><div class=\"ugb-block-content\"><div class=\"ugb-container__wrapper ugb-f8694ce-wrapper\"><div class=\"ugb-container__side\"><div class=\"ugb-container__content-wrapper ugb-f8694ce-content-wrapper\">\n<p><br><\/p>\n<\/div><\/div><\/div><\/div><\/div><\/div>\n<\/div><\/div><\/div><\/div><\/div><\/div>\n","protected":false},"excerpt":{"rendered":"<p>Agnieszka Fr\u0105ckowiak-Adamska Agnieszka Fr\u0105ckowiak-Adamska is a University professor at the Department of International and European Law at the University of Wroc\u0142aw. Author of publications in leading Polish and European legal journals on European Judicial Area (civil and criminal), EU Citizenship, Internal Market and the role of national judges in the application of the EU law.&nbsp;&nbsp; [&hellip;]<\/p>\n","protected":false},"author":92,"featured_media":0,"parent":16614,"menu_order":5,"comment_status":"closed","ping_status":"closed","template":"","meta":{"_acf_changed":false,"inline_featured_image":false,"site-sidebar-layout":"default","site-content-layout":"","ast-site-content-layout":"default","site-content-style":"default","site-sidebar-style":"default","ast-global-header-display":"","ast-banner-title-visibility":"","ast-main-header-display":"","ast-hfb-above-header-display":"","ast-hfb-below-header-display":"","ast-hfb-mobile-header-display":"","site-post-title":"","ast-breadcrumbs-content":"","ast-featured-img":"","footer-sml-layout":"","ast-disable-related-posts":"","theme-transparent-header-meta":"","adv-header-id-meta":"","stick-header-meta":"","header-above-stick-meta":"","header-main-stick-meta":"","header-below-stick-meta":"","astra-migrate-meta-layouts":"default","ast-page-background-enabled":"default","ast-page-background-meta":{"desktop":{"background-color":"","background-image":"","background-repeat":"repeat","background-position":"center center","background-size":"auto","background-attachment":"scroll","background-type":"","background-media":"","overlay-type":"","overlay-color":"","overlay-opacity":"","overlay-gradient":""},"tablet":{"background-color":"","background-image":"","background-repeat":"repeat","background-position":"center center","background-size":"auto","background-attachment":"scroll","background-type":"","background-media":"","overlay-type":"","overlay-color":"","overlay-opacity":"","overlay-gradient":""},"mobile":{"background-color":"","background-image":"","background-repeat":"repeat","background-position":"center center","background-size":"auto","background-attachment":"scroll","background-type":"","background-media":"","overlay-type":"","overlay-color":"","overlay-opacity":"","overlay-gradient":""}},"ast-content-background-meta":{"desktop":{"background-color":"var(--ast-global-color-5)","background-image":"","background-repeat":"repeat","background-position":"center center","background-size":"auto","background-attachment":"scroll","background-type":"","background-media":"","overlay-type":"","overlay-color":"","overlay-opacity":"","overlay-gradient":""},"tablet":{"background-color":"var(--ast-global-color-5)","background-image":"","background-repeat":"repeat","background-position":"center center","background-size":"auto","background-attachment":"scroll","background-type":"","background-media":"","overlay-type":"","overlay-color":"","overlay-opacity":"","overlay-gradient":""},"mobile":{"background-color":"var(--ast-global-color-5)","background-image":"","background-repeat":"repeat","background-position":"center center","background-size":"auto","background-attachment":"scroll","background-type":"","background-media":"","overlay-type":"","overlay-color":"","overlay-opacity":"","overlay-gradient":""}},"footnotes":""},"categories":[],"tags":[],"class_list":["post-17820","page","type-page","status-publish","hentry"],"featured_image_urls_v2":{"full":"","thumbnail":"","medium":"","medium_large":"","large":"","1536x1536":"","2048x2048":"","menu-24x24":"","menu-36x36":"","menu-48x48":""},"post_excerpt_stackable_v2":"<p>Agnieszka Fr\u0105ckowiak-Adamska Agnieszka Fr\u0105ckowiak-Adamska is a University professor at the Department of International and European Law at the University of Wroc\u0142aw. Author of publications in leading Polish and European legal journals on European Judicial Area (civil and criminal), EU Citizenship, Internal Market and the role of national judges in the application of the EU law.&nbsp;&nbsp; Founding member and since 2022 vice-president of the European Association of Private International Law (EAPIL). &nbsp; Leader of Polish scientific teams in three research projects co-financed by the European Commission (DG Justice): EUPILLAR, TRANSFER OF PRISONERS and IC2BE and a national expert in AMICABLE and&hellip;<\/p>\n","category_list_v2":"Uncategorized","author_info_v2":{"name":"kamil.sobanski@uwr.edu.pl","url":"https:\/\/digitaljustice.uwr.edu.pl\/en\/author\/kamil-sobanskiuwr-edu-pl\/"},"comments_num_v2":"0 comments","acf":[],"yoast_head":"<!-- This site is optimized with the Yoast SEO plugin v27.1.1 - https:\/\/yoast.com\/product\/yoast-seo-wordpress\/ -->\n<title>Agnieszka Fr\u0105ckowiak-Adamska - Digital Justice Center<\/title>\n<meta name=\"description\" content=\"The Digital Justice Center was established as part of the \u201cExcellence Initiative \u2013 Research University\u201d program at the University of Wroclaw which is one of ten Research Universities in Poland.\" \/>\n<meta name=\"robots\" content=\"index, follow, max-snippet:-1, max-image-preview:large, max-video-preview:-1\" \/>\n<link rel=\"canonical\" href=\"https:\/\/digitaljustice.uwr.edu.pl\/en\/associated-researchers\/agnieszka-frackowiak-adamska\/\" \/>\n<meta property=\"og:locale\" content=\"en_US\" \/>\n<meta property=\"og:type\" content=\"article\" \/>\n<meta property=\"og:title\" content=\"Agnieszka Fr\u0105ckowiak-Adamska - Digital Justice Center\" \/>\n<meta property=\"og:description\" content=\"The Digital Justice Center was established as part of the \u201cExcellence Initiative \u2013 Research University\u201d program at the University of Wroclaw which is one of ten Research Universities in Poland.\" \/>\n<meta property=\"og:url\" content=\"https:\/\/digitaljustice.uwr.edu.pl\/en\/associated-researchers\/agnieszka-frackowiak-adamska\/\" \/>\n<meta property=\"og:site_name\" content=\"Digital Justice Center\" \/>\n<meta property=\"article:modified_time\" content=\"2023-03-29T10:11:12+00:00\" \/>\n<meta property=\"og:image\" content=\"https:\/\/digitaljustice.uwr.edu.pl\/wp-content\/uploads\/sites\/21\/2023\/03\/Bez-tytulu.png\" \/>\n<meta name=\"twitter:card\" content=\"summary_large_image\" \/>\n<meta name=\"twitter:label1\" content=\"Est. reading time\" \/>\n\t<meta name=\"twitter:data1\" content=\"2 minutes\" \/>\n<script type=\"application\/ld+json\" class=\"yoast-schema-graph\">{\"@context\":\"https:\/\/schema.org\",\"@graph\":[{\"@type\":\"WebPage\",\"@id\":\"https:\/\/digitaljustice.uwr.edu.pl\/en\/associated-researchers\/agnieszka-frackowiak-adamska\/\",\"url\":\"https:\/\/digitaljustice.uwr.edu.pl\/en\/associated-researchers\/agnieszka-frackowiak-adamska\/\",\"name\":\"Agnieszka Fr\u0105ckowiak-Adamska - Digital Justice Center\",\"isPartOf\":{\"@id\":\"https:\/\/digitaljustice.uwr.edu.pl\/en\/#website\"},\"primaryImageOfPage\":{\"@id\":\"https:\/\/digitaljustice.uwr.edu.pl\/en\/associated-researchers\/agnieszka-frackowiak-adamska\/#primaryimage\"},\"image\":{\"@id\":\"https:\/\/digitaljustice.uwr.edu.pl\/en\/associated-researchers\/agnieszka-frackowiak-adamska\/#primaryimage\"},\"thumbnailUrl\":\"https:\/\/digitaljustice.uwr.edu.pl\/wp-content\/uploads\/sites\/21\/2023\/03\/Bez-tytulu.png\",\"datePublished\":\"2023-03-24T12:05:32+00:00\",\"dateModified\":\"2023-03-29T10:11:12+00:00\",\"description\":\"The Digital Justice Center was established as part of the \u201cExcellence Initiative \u2013 Research University\u201d program at the University of Wroclaw which is one of ten Research Universities in Poland.\",\"breadcrumb\":{\"@id\":\"https:\/\/digitaljustice.uwr.edu.pl\/en\/associated-researchers\/agnieszka-frackowiak-adamska\/#breadcrumb\"},\"inLanguage\":\"en-US\",\"potentialAction\":[{\"@type\":\"ReadAction\",\"target\":[\"https:\/\/digitaljustice.uwr.edu.pl\/en\/associated-researchers\/agnieszka-frackowiak-adamska\/\"]}]},{\"@type\":\"ImageObject\",\"inLanguage\":\"en-US\",\"@id\":\"https:\/\/digitaljustice.uwr.edu.pl\/en\/associated-researchers\/agnieszka-frackowiak-adamska\/#primaryimage\",\"url\":\"https:\/\/digitaljustice.uwr.edu.pl\/wp-content\/uploads\/sites\/21\/2023\/03\/Bez-tytulu.png\",\"contentUrl\":\"https:\/\/digitaljustice.uwr.edu.pl\/wp-content\/uploads\/sites\/21\/2023\/03\/Bez-tytulu.png\"},{\"@type\":\"BreadcrumbList\",\"@id\":\"https:\/\/digitaljustice.uwr.edu.pl\/en\/associated-researchers\/agnieszka-frackowiak-adamska\/#breadcrumb\",\"itemListElement\":[{\"@type\":\"ListItem\",\"position\":1,\"name\":\"Main Page\",\"item\":\"https:\/\/digitaljustice.uwr.edu.pl\/en\/\"},{\"@type\":\"ListItem\",\"position\":2,\"name\":\"Associated Researchers\",\"item\":\"https:\/\/digitaljustice.uwr.edu.pl\/en\/associated-researchers\/\"},{\"@type\":\"ListItem\",\"position\":3,\"name\":\"Agnieszka Fr\u0105ckowiak-Adamska\"}]},{\"@type\":\"WebSite\",\"@id\":\"https:\/\/digitaljustice.uwr.edu.pl\/en\/#website\",\"url\":\"https:\/\/digitaljustice.uwr.edu.pl\/en\/\",\"name\":\"Digital Justice Center\",\"description\":\"Kolejna witryna sieci \u201eUWR Witryny\u201d\",\"publisher\":{\"@id\":\"https:\/\/digitaljustice.uwr.edu.pl\/en\/#organization\"},\"potentialAction\":[{\"@type\":\"SearchAction\",\"target\":{\"@type\":\"EntryPoint\",\"urlTemplate\":\"https:\/\/digitaljustice.uwr.edu.pl\/en\/?s={search_term_string}\"},\"query-input\":{\"@type\":\"PropertyValueSpecification\",\"valueRequired\":true,\"valueName\":\"search_term_string\"}}],\"inLanguage\":\"en-US\"},{\"@type\":\"Organization\",\"@id\":\"https:\/\/digitaljustice.uwr.edu.pl\/en\/#organization\",\"name\":\"Digital Justice Center\",\"url\":\"https:\/\/digitaljustice.uwr.edu.pl\/en\/\",\"logo\":{\"@type\":\"ImageObject\",\"inLanguage\":\"en-US\",\"@id\":\"https:\/\/digitaljustice.uwr.edu.pl\/en\/#\/schema\/logo\/image\/\",\"url\":\"https:\/\/digitaljustice.uwr.edu.pl\/wp-content\/uploads\/sites\/21\/2025\/10\/UWr-logotyp-2025.png\",\"contentUrl\":\"https:\/\/digitaljustice.uwr.edu.pl\/wp-content\/uploads\/sites\/21\/2025\/10\/UWr-logotyp-2025.png\",\"width\":764,\"height\":269,\"caption\":\"Digital Justice Center\"},\"image\":{\"@id\":\"https:\/\/digitaljustice.uwr.edu.pl\/en\/#\/schema\/logo\/image\/\"}}]}<\/script>\n<!-- \/ Yoast SEO plugin. -->","yoast_head_json":{"title":"Agnieszka Fr\u0105ckowiak-Adamska - Digital Justice Center","description":"The Digital Justice Center was established as part of the \u201cExcellence Initiative \u2013 Research University\u201d program at the University of Wroclaw which is one of ten Research Universities in Poland.","robots":{"index":"index","follow":"follow","max-snippet":"max-snippet:-1","max-image-preview":"max-image-preview:large","max-video-preview":"max-video-preview:-1"},"canonical":"https:\/\/digitaljustice.uwr.edu.pl\/en\/associated-researchers\/agnieszka-frackowiak-adamska\/","og_locale":"en_US","og_type":"article","og_title":"Agnieszka Fr\u0105ckowiak-Adamska - Digital Justice Center","og_description":"The Digital Justice Center was established as part of the \u201cExcellence Initiative \u2013 Research University\u201d program at the University of Wroclaw which is one of ten Research Universities in Poland.","og_url":"https:\/\/digitaljustice.uwr.edu.pl\/en\/associated-researchers\/agnieszka-frackowiak-adamska\/","og_site_name":"Digital Justice Center","article_modified_time":"2023-03-29T10:11:12+00:00","og_image":[{"url":"https:\/\/digitaljustice.uwr.edu.pl\/wp-content\/uploads\/sites\/21\/2023\/03\/Bez-tytulu.png","type":"","width":"","height":""}],"twitter_card":"summary_large_image","twitter_misc":{"Est. reading time":"2 minutes"},"schema":{"@context":"https:\/\/schema.org","@graph":[{"@type":"WebPage","@id":"https:\/\/digitaljustice.uwr.edu.pl\/en\/associated-researchers\/agnieszka-frackowiak-adamska\/","url":"https:\/\/digitaljustice.uwr.edu.pl\/en\/associated-researchers\/agnieszka-frackowiak-adamska\/","name":"Agnieszka Fr\u0105ckowiak-Adamska - Digital Justice Center","isPartOf":{"@id":"https:\/\/digitaljustice.uwr.edu.pl\/en\/#website"},"primaryImageOfPage":{"@id":"https:\/\/digitaljustice.uwr.edu.pl\/en\/associated-researchers\/agnieszka-frackowiak-adamska\/#primaryimage"},"image":{"@id":"https:\/\/digitaljustice.uwr.edu.pl\/en\/associated-researchers\/agnieszka-frackowiak-adamska\/#primaryimage"},"thumbnailUrl":"https:\/\/digitaljustice.uwr.edu.pl\/wp-content\/uploads\/sites\/21\/2023\/03\/Bez-tytulu.png","datePublished":"2023-03-24T12:05:32+00:00","dateModified":"2023-03-29T10:11:12+00:00","description":"The Digital Justice Center was established as part of the \u201cExcellence Initiative \u2013 Research University\u201d program at the University of Wroclaw which is one of ten Research Universities in Poland.","breadcrumb":{"@id":"https:\/\/digitaljustice.uwr.edu.pl\/en\/associated-researchers\/agnieszka-frackowiak-adamska\/#breadcrumb"},"inLanguage":"en-US","potentialAction":[{"@type":"ReadAction","target":["https:\/\/digitaljustice.uwr.edu.pl\/en\/associated-researchers\/agnieszka-frackowiak-adamska\/"]}]},{"@type":"ImageObject","inLanguage":"en-US","@id":"https:\/\/digitaljustice.uwr.edu.pl\/en\/associated-researchers\/agnieszka-frackowiak-adamska\/#primaryimage","url":"https:\/\/digitaljustice.uwr.edu.pl\/wp-content\/uploads\/sites\/21\/2023\/03\/Bez-tytulu.png","contentUrl":"https:\/\/digitaljustice.uwr.edu.pl\/wp-content\/uploads\/sites\/21\/2023\/03\/Bez-tytulu.png"},{"@type":"BreadcrumbList","@id":"https:\/\/digitaljustice.uwr.edu.pl\/en\/associated-researchers\/agnieszka-frackowiak-adamska\/#breadcrumb","itemListElement":[{"@type":"ListItem","position":1,"name":"Main Page","item":"https:\/\/digitaljustice.uwr.edu.pl\/en\/"},{"@type":"ListItem","position":2,"name":"Associated Researchers","item":"https:\/\/digitaljustice.uwr.edu.pl\/en\/associated-researchers\/"},{"@type":"ListItem","position":3,"name":"Agnieszka Fr\u0105ckowiak-Adamska"}]},{"@type":"WebSite","@id":"https:\/\/digitaljustice.uwr.edu.pl\/en\/#website","url":"https:\/\/digitaljustice.uwr.edu.pl\/en\/","name":"Digital Justice Center","description":"Kolejna witryna sieci \u201eUWR Witryny\u201d","publisher":{"@id":"https:\/\/digitaljustice.uwr.edu.pl\/en\/#organization"},"potentialAction":[{"@type":"SearchAction","target":{"@type":"EntryPoint","urlTemplate":"https:\/\/digitaljustice.uwr.edu.pl\/en\/?s={search_term_string}"},"query-input":{"@type":"PropertyValueSpecification","valueRequired":true,"valueName":"search_term_string"}}],"inLanguage":"en-US"},{"@type":"Organization","@id":"https:\/\/digitaljustice.uwr.edu.pl\/en\/#organization","name":"Digital Justice Center","url":"https:\/\/digitaljustice.uwr.edu.pl\/en\/","logo":{"@type":"ImageObject","inLanguage":"en-US","@id":"https:\/\/digitaljustice.uwr.edu.pl\/en\/#\/schema\/logo\/image\/","url":"https:\/\/digitaljustice.uwr.edu.pl\/wp-content\/uploads\/sites\/21\/2025\/10\/UWr-logotyp-2025.png","contentUrl":"https:\/\/digitaljustice.uwr.edu.pl\/wp-content\/uploads\/sites\/21\/2025\/10\/UWr-logotyp-2025.png","width":764,"height":269,"caption":"Digital Justice Center"},"image":{"@id":"https:\/\/digitaljustice.uwr.edu.pl\/en\/#\/schema\/logo\/image\/"}}]}},"publishpress_future_action":{"enabled":false,"date":"2026-04-11 22:45:07","action":"change-status","newStatus":"draft","terms":[],"taxonomy":"category","extraData":[]},"publishpress_future_workflow_manual_trigger":{"enabledWorkflows":[]},"_links":{"self":[{"href":"https:\/\/digitaljustice.uwr.edu.pl\/en\/wp-json\/wp\/v2\/pages\/17820\/"}],"collection":[{"href":"https:\/\/digitaljustice.uwr.edu.pl\/en\/wp-json\/wp\/v2\/pages\/"}],"about":[{"href":"https:\/\/digitaljustice.uwr.edu.pl\/en\/wp-json\/wp\/v2\/types\/page\/"}],"author":[{"embeddable":true,"href":"https:\/\/digitaljustice.uwr.edu.pl\/en\/wp-json\/wp\/v2\/users\/92\/"}],"replies":[{"embeddable":true,"href":"https:\/\/digitaljustice.uwr.edu.pl\/en\/wp-json\/wp\/v2\/comments\/?post=17820"}],"version-history":[{"count":3,"href":"https:\/\/digitaljustice.uwr.edu.pl\/en\/wp-json\/wp\/v2\/pages\/17820\/revisions\/"}],"predecessor-version":[{"id":17886,"href":"https:\/\/digitaljustice.uwr.edu.pl\/en\/wp-json\/wp\/v2\/pages\/17820\/revisions\/17886\/"}],"up":[{"embeddable":true,"href":"https:\/\/digitaljustice.uwr.edu.pl\/en\/wp-json\/wp\/v2\/pages\/16614\/"}],"wp:attachment":[{"href":"https:\/\/digitaljustice.uwr.edu.pl\/en\/wp-json\/wp\/v2\/media\/?parent=17820"}],"wp:term":[{"taxonomy":"category","embeddable":true,"href":"https:\/\/digitaljustice.uwr.edu.pl\/en\/wp-json\/wp\/v2\/categories\/?post=17820"},{"taxonomy":"post_tag","embeddable":true,"href":"https:\/\/digitaljustice.uwr.edu.pl\/en\/wp-json\/wp\/v2\/tags\/?post=17820"}],"curies":[{"name":"wp","href":"https:\/\/api.w.org\/{rel}","templated":true}]}}