{"id":14969,"date":"2022-04-13T00:39:00","date_gmt":"2022-04-12T22:39:00","guid":{"rendered":"https:\/\/digitaljustice.uwr.edu.pl\/?page_id=14969"},"modified":"2023-10-12T19:43:48","modified_gmt":"2023-10-12T17:43:48","slug":"grant-2","status":"publish","type":"page","link":"https:\/\/digitaljustice.uwr.edu.pl\/en\/projects\/grant-2\/","title":{"rendered":"Compensation for Wrongful Conviction (2018-2023)"},"content":{"rendered":"\n<div class=\"wp-block-ugb-container ugb-container ugb-8dda971 ugb-container--v2 ugb-container--design-plain ugb-main-block\"><div class=\"ugb-inner-block\"><div class=\"ugb-block-content\"><div class=\"ugb-container__wrapper ugb-8dda971-wrapper\"><div class=\"ugb-container__side\"><div class=\"ugb-container__content-wrapper ugb-8dda971-content-wrapper\">\n<div class=\"wp-block-columns bs-news-page is-layout-flex wp-block-columns-is-layout-flex\">\n<div class=\"wp-block-column bs-kontakt-photo is-layout-flow wp-block-column-is-layout-flow\">\n<figure class=\"wp-block-image size-large\"><img loading=\"lazy\" decoding=\"async\" width=\"1024\" height=\"683\" src=\"https:\/\/digitaljustice.uwr.edu.pl\/wp-content\/uploads\/sites\/21\/2022\/04\/1-162-of-195-1024x683.jpg\" alt=\"x\" class=\"wp-image-14970\" srcset=\"https:\/\/digitaljustice.uwr.edu.pl\/wp-content\/uploads\/sites\/21\/2022\/04\/1-162-of-195-1024x683.jpg 1024w, https:\/\/digitaljustice.uwr.edu.pl\/wp-content\/uploads\/sites\/21\/2022\/04\/1-162-of-195-300x200.jpg 300w, https:\/\/digitaljustice.uwr.edu.pl\/wp-content\/uploads\/sites\/21\/2022\/04\/1-162-of-195-768x512.jpg 768w, https:\/\/digitaljustice.uwr.edu.pl\/wp-content\/uploads\/sites\/21\/2022\/04\/1-162-of-195-1536x1024.jpg 1536w, https:\/\/digitaljustice.uwr.edu.pl\/wp-content\/uploads\/sites\/21\/2022\/04\/1-162-of-195-2048x1365.jpg 2048w, https:\/\/digitaljustice.uwr.edu.pl\/wp-content\/uploads\/sites\/21\/2022\/04\/1-162-of-195-1320x880.jpg 1320w, https:\/\/digitaljustice.uwr.edu.pl\/wp-content\/uploads\/sites\/21\/2022\/04\/1-162-of-195-24x16.jpg 24w, https:\/\/digitaljustice.uwr.edu.pl\/wp-content\/uploads\/sites\/21\/2022\/04\/1-162-of-195-36x24.jpg 36w, https:\/\/digitaljustice.uwr.edu.pl\/wp-content\/uploads\/sites\/21\/2022\/04\/1-162-of-195-48x32.jpg 48w\" sizes=\"auto, (max-width: 1024px) 100vw, 1024px\" \/><\/figure>\n<\/div>\n\n\n\n<div class=\"wp-block-column bs-contact-right-column is-layout-flow wp-block-column-is-layout-flow\">\n<div class=\"wp-block-bonasoft-modular-breadcrumbs-block\"><div class=\"bs_add_breadcrumb_trail\"><\/div><\/div>\n\n\n\n<hr class=\"wp-block-separator has-text-color has-black-color has-css-opacity has-black-background-color has-background is-style-wide bs-border-kontakt\"\/>\n\n\n\n<h1 class=\"wp-block-heading bs-naglowek-podstrony\"><strong>Compensation for wrongful conviction &#8211; theory and practice<\/strong><\/h1>\n\n\n\n<p>The project aims at establishing optimum legal regulation of state liability for wrongful deprivation of liberty and compensation procedure allowing to claim for damages. While wrongful convictions were subject of extensive studies, the compensation itself never attracted a similar amount of attention. It is surprising, because it is definitely one of the crucial remedies for the victims of wrongful convictions. However, what is equally important is the significance of compensation scheme for the criminal justice system itself. A mechanism allowing for elimination and compensation for judicial errors is a necessary condition to legitimise the criminal justice system. If the power to do justice as exercised by the state is to be respected by individuals, the mechanism of compensating damages resulting from a defective functioning of the criminal justice system should be adopted. If the system lacks such a mechanism, or if it remains ineffective, the social trust in criminal justice and the moral legitimacy of the state to investigate, prosecute, and punish are likely to erode.<\/p>\n\n\n\n<p>Three research methods are engaged in the project. First of all, Polish law relating to the compensation for wrongful deprivation of liberty is put under the scrutiny. Secondly, the project assumes the use of comparative method. The regulations concerning compensation mechanisms adopted in European countries and the USA are discussed to provide the comparative perspective on distinct models of compensation for wrongful deprivation of liberty. Finally, the study of practice is carried out through case file analysis and survey among Polish judges.<\/p>\n<\/div>\n<\/div>\n\n\n\n<div class=\"wp-block-ugb-container ugb-container bs-news-page-under ugb-f8694ce ugb-container--v2 ugb-container--design-plain ugb-main-block\"><div class=\"ugb-inner-block\"><div class=\"ugb-block-content\"><div class=\"ugb-container__wrapper ugb-f8694ce-wrapper\"><div class=\"ugb-container__side\"><div class=\"ugb-container__content-wrapper ugb-f8694ce-content-wrapper\">\n<p><strong>Information on project:<\/strong><\/p>\n\n\n\n<ul class=\"wp-block-list\">\n<li>Primary Investigator: Wojciech Jasi\u0144ski<\/li>\n\n\n\n<li>Team: Karolina Kremens, Dorota Czerwi\u0144ska, Artur Kowalczyk<\/li>\n\n\n\n<li>Project duration: 2018-2023<\/li>\n\n\n\n<li>Granting institution: National Science Center (NCN Sonata BIS 7)<\/li>\n\n\n\n<li>Project number: 2017\/26\/E\/HS5\/00382<\/li>\n\n\n\n<li>Amount: 440.370 PLN<\/li>\n<\/ul>\n\n\n\n<p><strong>List of most important publications:<\/strong><\/p>\n\n\n\n<ol class=\"wp-block-list\">\n<li>Wojciech Jasi\u0144ski, Karolina Kremens (eds.), <em><a href=\"https:\/\/www.taylorfrancis.com\/books\/oa-edit\/10.4324\/9781003229414\/compensation-wrongful-convictions-wojciech-jasi%C5%84ski-karolina-kremens?fbclid=IwAR2h3EIzLUeBHoYgeeA3MwB0-9Xz4kaq9m3x7OOrTrkETTKSWiJ0QQ8mpqE%5C\">Compensation for Wrongful Convictions: A Comparative Perspective<\/a><\/em>, Routledge, 2023.<\/li>\n\n\n\n<li>Wojciech Jasi\u0144ski, Karolina Kremens, <em><a href=\"https:\/\/www.taylorfrancis.com\/chapters\/oa-edit\/10.4324\/9781003229414-1\/introduction-wojciech-jasi%C5%84ski-karolina-kremens?context=ubx&amp;refId=6d080d00-3411-4f82-a80e-ac14e08cee6c\">Introduction<\/a><\/em>, in: <em><a href=\"https:\/\/www.taylorfrancis.com\/books\/oa-edit\/10.4324\/9781003229414\/compensation-wrongful-convictions-wojciech-jasi%C5%84ski-karolina-kremens?fbclid=IwAR2h3EIzLUeBHoYgeeA3MwB0-9Xz4kaq9m3x7OOrTrkETTKSWiJ0QQ8mpqE%5C\">Compensation for Wrongful Convictions: A Comparative Perspective<\/a><\/em>; eds. W. Jasi\u0144ski, K. Kremens; Routledge, 2023, 1-7.<\/li>\n\n\n\n<li>Dorota Czerwi\u0144ska, Artur Kowalczyk, <em><a href=\"https:\/\/www.taylorfrancis.com\/chapters\/oa-edit\/10.4324\/9781003229414-9\/compensation-wrongful-convictions-poland1-dorota-czerwi%C5%84ska-artur-kowalczyk?context=ubx&amp;refId=23f810d8-7889-4a96-a341-e639bb6d40a3\">Compensation for wrongful convictions in Poland<\/a><\/em>, in: <em><a href=\"https:\/\/www.taylorfrancis.com\/books\/oa-edit\/10.4324\/9781003229414\/compensation-wrongful-convictions-wojciech-jasi%C5%84ski-karolina-kremens?fbclid=IwAR2h3EIzLUeBHoYgeeA3MwB0-9Xz4kaq9m3x7OOrTrkETTKSWiJ0QQ8mpqE%5C\">Compensation for Wrongful Convictions: A Comparative Perspective<\/a><\/em>; eds. W. Jasi\u0144ski, K. Kremens; Routledge, 2023, pp. 137-160.<\/li>\n\n\n\n<li>Wojciech Jasi\u0144ski, Karolina Kremens, <em><a href=\"https:\/\/www.taylorfrancis.com\/chapters\/oa-edit\/10.4324\/9781003229414-12\/quest-optimum-model-compensating-wrongful-convictions1-wojciech-jasi%C5%84ski-karolina-kremens?context=ubx&amp;refId=f886e326-9b89-4624-8aac-9ccbd321f683\">In quest of the optimum model for compensating wrongful convictions<\/a><\/em>, in: <em><a href=\"https:\/\/www.taylorfrancis.com\/books\/oa-edit\/10.4324\/9781003229414\/compensation-wrongful-convictions-wojciech-jasi%C5%84ski-karolina-kremens?fbclid=IwAR2h3EIzLUeBHoYgeeA3MwB0-9Xz4kaq9m3x7OOrTrkETTKSWiJ0QQ8mpqE%5C\">Compensation for Wrongful Convictions: A Comparative Perspective<\/a><\/em>; eds. W. Jasi\u0144ski, K. Kremens; Routledge, 2023, pp. 200-233.<\/li>\n\n\n\n<li>Wojciech Jasi\u0144ski, Karolina Kremens, <em><a href=\"http:\/\/www.erasmuslawreview.nl\/tijdschrift\/ELR\/2020\/4\/ELR-D-20-00029\">The right to claim innocence in Poland<\/a><\/em>, Erasmus Law Review, 2020\/4, pp. 44-54.                                                                                                                                                <\/li>\n\n\n\n<li>Wojciech Jasi\u0144ski, Dorota Czerwi\u0144ska, Artur Kowalczyk, <em>The Optimum Model of Compensation for Wrongful Detention on Remand \u2013 A Comparative Perspective<\/em>, Osteuropa Recht 2019\/2, pp. 263-285.<\/li>\n\n\n\n<li>Dorota Czerwi\u0144ska, Artur Kowalczyk, <em>Kryteria ustalania zwi\u0105zku przyczynowego oraz rozmiaru szkody maj\u0105tkowej i krzywdy wynik\u0142ej z nies\u0142usznego pozbawienia wolno\u015bci w \u015bwietle bada\u0144 aktowych<\/em>, Przegl\u0105d S\u0105dowy, 2021\/11-12, pp. 148-166.<\/li>\n\n\n\n<li>Wojciech Jasi\u0144ski, Artur Kowalczyk, Czas trwania i sprawno\u015b\u0107 post\u0119powa\u0144 w przedmiocie odszkodowania za nies\u0142uszne skazanie, tymczasowe aresztowanie i zatrzymanie: w \u015bwietle bada\u0144 aktowych, <a href=\"https:\/\/forumprawnicze.eu\/wszystkie-numery\/95-2021\/numer-3-65\">Forum Prawnicze, 2021\/3<\/a>, pp. 70-86.                 <\/li>\n\n\n\n<li>Wojciech Jasi\u0144ski, <em>W kwestii zasadno\u015bci uregulowania katalogu stron post\u0119powania w przedmiocie odszkodowania za nies\u0142uszne pozbawienie wolno\u015bci, <a href=\"https:\/\/pressto.amu.edu.pl\/index.php\/rpeis\/issue\/view\/1702\">Ruch Prawniczy, Ekonomiczny i Socjologiczny, 2021\/1<\/a>, pp. 47-59.                                           <\/em><\/li>\n\n\n\n<li>Wojciech Jasi\u0144ski, Dorota Czerwi\u0144ska, <em>W kwestii optymalnego trybu kompensowania szk\u00f3d i krzywd wynikaj\u0105cych z nies\u0142usznego tymczasowego aresztowania<\/em>, in: <em>Ewolucja polskiego wymiaru sprawiedliwo\u015bci w latach 2013-2018 w \u015bwietle standard\u00f3w rzetelnego procesu<\/em>; eds. A. Sakowicz, C. Kulesza Wydawnictwo Temida 2, 2019, pp. 283-304.<\/li>\n<\/ol>\n<\/div><\/div><\/div><\/div><\/div><\/div>\n<\/div><\/div><\/div><\/div><\/div><\/div>\n","protected":false},"excerpt":{"rendered":"<p>Compensation for wrongful conviction &#8211; theory and practice The project aims at establishing optimum legal regulation of state liability for wrongful deprivation of liberty and compensation procedure allowing to claim for damages. While wrongful convictions were subject of extensive studies, the compensation itself never attracted a similar amount of attention. It is surprising, because it [&hellip;]<\/p>\n","protected":false},"author":92,"featured_media":0,"parent":13129,"menu_order":7,"comment_status":"closed","ping_status":"closed","template":"","meta":{"_acf_changed":false,"inline_featured_image":false,"site-sidebar-layout":"default","site-content-layout":"","ast-site-content-layout":"default","site-content-style":"default","site-sidebar-style":"default","ast-global-header-display":"","ast-banner-title-visibility":"","ast-main-header-display":"","ast-hfb-above-header-display":"","ast-hfb-below-header-display":"","ast-hfb-mobile-header-display":"","site-post-title":"","ast-breadcrumbs-content":"","ast-featured-img":"","footer-sml-layout":"","ast-disable-related-posts":"","theme-transparent-header-meta":"","adv-header-id-meta":"","stick-header-meta":"","header-above-stick-meta":"","header-main-stick-meta":"","header-below-stick-meta":"","astra-migrate-meta-layouts":"default","ast-page-background-enabled":"default","ast-page-background-meta":{"desktop":{"background-color":"","background-image":"","background-repeat":"repeat","background-position":"center center","background-size":"auto","background-attachment":"scroll","background-type":"","background-media":"","overlay-type":"","overlay-color":"","overlay-opacity":"","overlay-gradient":""},"tablet":{"background-color":"","background-image":"","background-repeat":"repeat","background-position":"center center","background-size":"auto","background-attachment":"scroll","background-type":"","background-media":"","overlay-type":"","overlay-color":"","overlay-opacity":"","overlay-gradient":""},"mobile":{"background-color":"","background-image":"","background-repeat":"repeat","background-position":"center center","background-size":"auto","background-attachment":"scroll","background-type":"","background-media":"","overlay-type":"","overlay-color":"","overlay-opacity":"","overlay-gradient":""}},"ast-content-background-meta":{"desktop":{"background-color":"var(--ast-global-color-5)","background-image":"","background-repeat":"repeat","background-position":"center center","background-size":"auto","background-attachment":"scroll","background-type":"","background-media":"","overlay-type":"","overlay-color":"","overlay-opacity":"","overlay-gradient":""},"tablet":{"background-color":"var(--ast-global-color-5)","background-image":"","background-repeat":"repeat","background-position":"center center","background-size":"auto","background-attachment":"scroll","background-type":"","background-media":"","overlay-type":"","overlay-color":"","overlay-opacity":"","overlay-gradient":""},"mobile":{"background-color":"var(--ast-global-color-5)","background-image":"","background-repeat":"repeat","background-position":"center center","background-size":"auto","background-attachment":"scroll","background-type":"","background-media":"","overlay-type":"","overlay-color":"","overlay-opacity":"","overlay-gradient":""}},"footnotes":""},"categories":[],"tags":[],"class_list":["post-14969","page","type-page","status-publish","hentry"],"featured_image_urls_v2":{"full":"","thumbnail":"","medium":"","medium_large":"","large":"","1536x1536":"","2048x2048":"","menu-24x24":"","menu-36x36":"","menu-48x48":""},"post_excerpt_stackable_v2":"<p>Compensation for wrongful conviction &#8211; theory and practice The project aims at establishing optimum legal regulation of state liability for wrongful deprivation of liberty and compensation procedure allowing to claim for damages. While wrongful convictions were subject of extensive studies, the compensation itself never attracted a similar amount of attention. It is surprising, because it is definitely one of the crucial remedies for the victims of wrongful convictions. However, what is equally important is the significance of compensation scheme for the criminal justice system itself. A mechanism allowing for elimination and compensation for judicial errors is a necessary condition to&hellip;<\/p>\n","category_list_v2":"Uncategorized","author_info_v2":{"name":"kamil.sobanski@uwr.edu.pl","url":"https:\/\/digitaljustice.uwr.edu.pl\/en\/author\/kamil-sobanskiuwr-edu-pl\/"},"comments_num_v2":"0 comments","acf":[],"yoast_head":"<!-- This site is optimized with the Yoast SEO plugin v27.1.1 - https:\/\/yoast.com\/product\/yoast-seo-wordpress\/ -->\n<title>Compensation for Wrongful Conviction (2018-2023) - Digital Justice Center<\/title>\n<meta name=\"description\" content=\"The Digital Justice Center was established as part of the \u201cExcellence Initiative \u2013 Research University\u201d program at the University of Wroclaw which is one of ten Research Universities in Poland.\" \/>\n<meta name=\"robots\" content=\"index, follow, max-snippet:-1, max-image-preview:large, max-video-preview:-1\" \/>\n<link rel=\"canonical\" href=\"https:\/\/digitaljustice.uwr.edu.pl\/en\/projects\/grant-2\/\" \/>\n<meta property=\"og:locale\" content=\"en_US\" \/>\n<meta property=\"og:type\" content=\"article\" \/>\n<meta property=\"og:title\" content=\"Compensation for Wrongful Conviction (2018-2023) - Digital Justice Center\" \/>\n<meta property=\"og:description\" content=\"The Digital Justice Center was established as part of the \u201cExcellence Initiative \u2013 Research University\u201d program at the University of Wroclaw which is one of ten Research Universities in Poland.\" \/>\n<meta property=\"og:url\" content=\"https:\/\/digitaljustice.uwr.edu.pl\/en\/projects\/grant-2\/\" \/>\n<meta property=\"og:site_name\" content=\"Digital Justice Center\" \/>\n<meta property=\"article:modified_time\" content=\"2023-10-12T17:43:48+00:00\" \/>\n<meta property=\"og:image\" content=\"https:\/\/digitaljustice.uwr.edu.pl\/wp-content\/uploads\/sites\/21\/2022\/04\/1-162-of-195-1024x683.jpg\" \/>\n<meta name=\"twitter:card\" content=\"summary_large_image\" \/>\n<meta name=\"twitter:label1\" content=\"Est. reading time\" \/>\n\t<meta name=\"twitter:data1\" content=\"3 minutes\" \/>\n<script type=\"application\/ld+json\" class=\"yoast-schema-graph\">{\"@context\":\"https:\/\/schema.org\",\"@graph\":[{\"@type\":\"WebPage\",\"@id\":\"https:\/\/digitaljustice.uwr.edu.pl\/en\/projects\/grant-2\/\",\"url\":\"https:\/\/digitaljustice.uwr.edu.pl\/en\/projects\/grant-2\/\",\"name\":\"Compensation for Wrongful Conviction (2018-2023) - Digital Justice Center\",\"isPartOf\":{\"@id\":\"https:\/\/digitaljustice.uwr.edu.pl\/en\/#website\"},\"primaryImageOfPage\":{\"@id\":\"https:\/\/digitaljustice.uwr.edu.pl\/en\/projects\/grant-2\/#primaryimage\"},\"image\":{\"@id\":\"https:\/\/digitaljustice.uwr.edu.pl\/en\/projects\/grant-2\/#primaryimage\"},\"thumbnailUrl\":\"https:\/\/digitaljustice.uwr.edu.pl\/wp-content\/uploads\/sites\/21\/2022\/04\/1-162-of-195-1024x683.jpg\",\"datePublished\":\"2022-04-12T22:39:00+00:00\",\"dateModified\":\"2023-10-12T17:43:48+00:00\",\"description\":\"The Digital Justice Center was established as part of the \u201cExcellence Initiative \u2013 Research University\u201d program at the University of Wroclaw which is one of ten Research Universities in Poland.\",\"breadcrumb\":{\"@id\":\"https:\/\/digitaljustice.uwr.edu.pl\/en\/projects\/grant-2\/#breadcrumb\"},\"inLanguage\":\"en-US\",\"potentialAction\":[{\"@type\":\"ReadAction\",\"target\":[\"https:\/\/digitaljustice.uwr.edu.pl\/en\/projects\/grant-2\/\"]}]},{\"@type\":\"ImageObject\",\"inLanguage\":\"en-US\",\"@id\":\"https:\/\/digitaljustice.uwr.edu.pl\/en\/projects\/grant-2\/#primaryimage\",\"url\":\"https:\/\/digitaljustice.uwr.edu.pl\/wp-content\/uploads\/sites\/21\/2022\/04\/1-162-of-195-1024x683.jpg\",\"contentUrl\":\"https:\/\/digitaljustice.uwr.edu.pl\/wp-content\/uploads\/sites\/21\/2022\/04\/1-162-of-195-1024x683.jpg\"},{\"@type\":\"BreadcrumbList\",\"@id\":\"https:\/\/digitaljustice.uwr.edu.pl\/en\/projects\/grant-2\/#breadcrumb\",\"itemListElement\":[{\"@type\":\"ListItem\",\"position\":1,\"name\":\"Main Page\",\"item\":\"https:\/\/digitaljustice.uwr.edu.pl\/en\/\"},{\"@type\":\"ListItem\",\"position\":2,\"name\":\"Projects\",\"item\":\"https:\/\/digitaljustice.uwr.edu.pl\/en\/projects\/\"},{\"@type\":\"ListItem\",\"position\":3,\"name\":\"Compensation for Wrongful Conviction (2018-2023)\"}]},{\"@type\":\"WebSite\",\"@id\":\"https:\/\/digitaljustice.uwr.edu.pl\/en\/#website\",\"url\":\"https:\/\/digitaljustice.uwr.edu.pl\/en\/\",\"name\":\"Digital Justice Center\",\"description\":\"Kolejna witryna sieci \u201eUWR Witryny\u201d\",\"publisher\":{\"@id\":\"https:\/\/digitaljustice.uwr.edu.pl\/en\/#organization\"},\"potentialAction\":[{\"@type\":\"SearchAction\",\"target\":{\"@type\":\"EntryPoint\",\"urlTemplate\":\"https:\/\/digitaljustice.uwr.edu.pl\/en\/?s={search_term_string}\"},\"query-input\":{\"@type\":\"PropertyValueSpecification\",\"valueRequired\":true,\"valueName\":\"search_term_string\"}}],\"inLanguage\":\"en-US\"},{\"@type\":\"Organization\",\"@id\":\"https:\/\/digitaljustice.uwr.edu.pl\/en\/#organization\",\"name\":\"Digital Justice Center\",\"url\":\"https:\/\/digitaljustice.uwr.edu.pl\/en\/\",\"logo\":{\"@type\":\"ImageObject\",\"inLanguage\":\"en-US\",\"@id\":\"https:\/\/digitaljustice.uwr.edu.pl\/en\/#\/schema\/logo\/image\/\",\"url\":\"https:\/\/digitaljustice.uwr.edu.pl\/wp-content\/uploads\/sites\/21\/2025\/10\/UWr-logotyp-2025.png\",\"contentUrl\":\"https:\/\/digitaljustice.uwr.edu.pl\/wp-content\/uploads\/sites\/21\/2025\/10\/UWr-logotyp-2025.png\",\"width\":764,\"height\":269,\"caption\":\"Digital Justice Center\"},\"image\":{\"@id\":\"https:\/\/digitaljustice.uwr.edu.pl\/en\/#\/schema\/logo\/image\/\"}}]}<\/script>\n<!-- \/ Yoast SEO plugin. -->","yoast_head_json":{"title":"Compensation for Wrongful Conviction (2018-2023) - Digital Justice Center","description":"The Digital Justice Center was established as part of the \u201cExcellence Initiative \u2013 Research University\u201d program at the University of Wroclaw which is one of ten Research Universities in Poland.","robots":{"index":"index","follow":"follow","max-snippet":"max-snippet:-1","max-image-preview":"max-image-preview:large","max-video-preview":"max-video-preview:-1"},"canonical":"https:\/\/digitaljustice.uwr.edu.pl\/en\/projects\/grant-2\/","og_locale":"en_US","og_type":"article","og_title":"Compensation for Wrongful Conviction (2018-2023) - Digital Justice Center","og_description":"The Digital Justice Center was established as part of the \u201cExcellence Initiative \u2013 Research University\u201d program at the University of Wroclaw which is one of ten Research Universities in Poland.","og_url":"https:\/\/digitaljustice.uwr.edu.pl\/en\/projects\/grant-2\/","og_site_name":"Digital Justice Center","article_modified_time":"2023-10-12T17:43:48+00:00","og_image":[{"url":"https:\/\/digitaljustice.uwr.edu.pl\/wp-content\/uploads\/sites\/21\/2022\/04\/1-162-of-195-1024x683.jpg","type":"","width":"","height":""}],"twitter_card":"summary_large_image","twitter_misc":{"Est. reading time":"3 minutes"},"schema":{"@context":"https:\/\/schema.org","@graph":[{"@type":"WebPage","@id":"https:\/\/digitaljustice.uwr.edu.pl\/en\/projects\/grant-2\/","url":"https:\/\/digitaljustice.uwr.edu.pl\/en\/projects\/grant-2\/","name":"Compensation for Wrongful Conviction (2018-2023) - Digital Justice Center","isPartOf":{"@id":"https:\/\/digitaljustice.uwr.edu.pl\/en\/#website"},"primaryImageOfPage":{"@id":"https:\/\/digitaljustice.uwr.edu.pl\/en\/projects\/grant-2\/#primaryimage"},"image":{"@id":"https:\/\/digitaljustice.uwr.edu.pl\/en\/projects\/grant-2\/#primaryimage"},"thumbnailUrl":"https:\/\/digitaljustice.uwr.edu.pl\/wp-content\/uploads\/sites\/21\/2022\/04\/1-162-of-195-1024x683.jpg","datePublished":"2022-04-12T22:39:00+00:00","dateModified":"2023-10-12T17:43:48+00:00","description":"The Digital Justice Center was established as part of the \u201cExcellence Initiative \u2013 Research University\u201d program at the University of Wroclaw which is one of ten Research Universities in Poland.","breadcrumb":{"@id":"https:\/\/digitaljustice.uwr.edu.pl\/en\/projects\/grant-2\/#breadcrumb"},"inLanguage":"en-US","potentialAction":[{"@type":"ReadAction","target":["https:\/\/digitaljustice.uwr.edu.pl\/en\/projects\/grant-2\/"]}]},{"@type":"ImageObject","inLanguage":"en-US","@id":"https:\/\/digitaljustice.uwr.edu.pl\/en\/projects\/grant-2\/#primaryimage","url":"https:\/\/digitaljustice.uwr.edu.pl\/wp-content\/uploads\/sites\/21\/2022\/04\/1-162-of-195-1024x683.jpg","contentUrl":"https:\/\/digitaljustice.uwr.edu.pl\/wp-content\/uploads\/sites\/21\/2022\/04\/1-162-of-195-1024x683.jpg"},{"@type":"BreadcrumbList","@id":"https:\/\/digitaljustice.uwr.edu.pl\/en\/projects\/grant-2\/#breadcrumb","itemListElement":[{"@type":"ListItem","position":1,"name":"Main Page","item":"https:\/\/digitaljustice.uwr.edu.pl\/en\/"},{"@type":"ListItem","position":2,"name":"Projects","item":"https:\/\/digitaljustice.uwr.edu.pl\/en\/projects\/"},{"@type":"ListItem","position":3,"name":"Compensation for Wrongful Conviction (2018-2023)"}]},{"@type":"WebSite","@id":"https:\/\/digitaljustice.uwr.edu.pl\/en\/#website","url":"https:\/\/digitaljustice.uwr.edu.pl\/en\/","name":"Digital Justice Center","description":"Kolejna witryna sieci \u201eUWR Witryny\u201d","publisher":{"@id":"https:\/\/digitaljustice.uwr.edu.pl\/en\/#organization"},"potentialAction":[{"@type":"SearchAction","target":{"@type":"EntryPoint","urlTemplate":"https:\/\/digitaljustice.uwr.edu.pl\/en\/?s={search_term_string}"},"query-input":{"@type":"PropertyValueSpecification","valueRequired":true,"valueName":"search_term_string"}}],"inLanguage":"en-US"},{"@type":"Organization","@id":"https:\/\/digitaljustice.uwr.edu.pl\/en\/#organization","name":"Digital Justice Center","url":"https:\/\/digitaljustice.uwr.edu.pl\/en\/","logo":{"@type":"ImageObject","inLanguage":"en-US","@id":"https:\/\/digitaljustice.uwr.edu.pl\/en\/#\/schema\/logo\/image\/","url":"https:\/\/digitaljustice.uwr.edu.pl\/wp-content\/uploads\/sites\/21\/2025\/10\/UWr-logotyp-2025.png","contentUrl":"https:\/\/digitaljustice.uwr.edu.pl\/wp-content\/uploads\/sites\/21\/2025\/10\/UWr-logotyp-2025.png","width":764,"height":269,"caption":"Digital Justice Center"},"image":{"@id":"https:\/\/digitaljustice.uwr.edu.pl\/en\/#\/schema\/logo\/image\/"}}]}},"publishpress_future_action":{"enabled":false,"date":"2026-05-09 07:55:29","action":"change-status","newStatus":"draft","terms":[],"taxonomy":"category","extraData":[]},"publishpress_future_workflow_manual_trigger":{"enabledWorkflows":[]},"_links":{"self":[{"href":"https:\/\/digitaljustice.uwr.edu.pl\/en\/wp-json\/wp\/v2\/pages\/14969\/"}],"collection":[{"href":"https:\/\/digitaljustice.uwr.edu.pl\/en\/wp-json\/wp\/v2\/pages\/"}],"about":[{"href":"https:\/\/digitaljustice.uwr.edu.pl\/en\/wp-json\/wp\/v2\/types\/page\/"}],"author":[{"embeddable":true,"href":"https:\/\/digitaljustice.uwr.edu.pl\/en\/wp-json\/wp\/v2\/users\/92\/"}],"replies":[{"embeddable":true,"href":"https:\/\/digitaljustice.uwr.edu.pl\/en\/wp-json\/wp\/v2\/comments\/?post=14969"}],"version-history":[{"count":13,"href":"https:\/\/digitaljustice.uwr.edu.pl\/en\/wp-json\/wp\/v2\/pages\/14969\/revisions\/"}],"predecessor-version":[{"id":18894,"href":"https:\/\/digitaljustice.uwr.edu.pl\/en\/wp-json\/wp\/v2\/pages\/14969\/revisions\/18894\/"}],"up":[{"embeddable":true,"href":"https:\/\/digitaljustice.uwr.edu.pl\/en\/wp-json\/wp\/v2\/pages\/13129\/"}],"wp:attachment":[{"href":"https:\/\/digitaljustice.uwr.edu.pl\/en\/wp-json\/wp\/v2\/media\/?parent=14969"}],"wp:term":[{"taxonomy":"category","embeddable":true,"href":"https:\/\/digitaljustice.uwr.edu.pl\/en\/wp-json\/wp\/v2\/categories\/?post=14969"},{"taxonomy":"post_tag","embeddable":true,"href":"https:\/\/digitaljustice.uwr.edu.pl\/en\/wp-json\/wp\/v2\/tags\/?post=14969"}],"curies":[{"name":"wp","href":"https:\/\/api.w.org\/{rel}","templated":true}]}}