{"id":13077,"date":"2022-02-16T11:42:37","date_gmt":"2022-02-16T10:42:37","guid":{"rendered":"https:\/\/digitaljustice.test.uwr.edu.pl\/?page_id=13077"},"modified":"2025-07-25T11:24:47","modified_gmt":"2025-07-25T09:24:47","slug":"michalina-marcia","status":"publish","type":"page","link":"https:\/\/digitaljustice.uwr.edu.pl\/en\/affiliated-researchers\/michalina-marcia\/","title":{"rendered":"Michalina Marcia"},"content":{"rendered":"\n<div class=\"wp-block-ugb-container ugb-container ugb-8dda971 ugb-container--v2 ugb-container--design-plain ugb-main-block\"><div class=\"ugb-inner-block\"><div class=\"ugb-block-content\"><div class=\"ugb-container__wrapper ugb-8dda971-wrapper\"><div class=\"ugb-container__side\"><div class=\"ugb-container__content-wrapper ugb-8dda971-content-wrapper\">\n<div class=\"wp-block-columns bs-news-page is-layout-flex wp-block-columns-is-layout-flex\">\n<div class=\"wp-block-column bs-kontakt-photo is-layout-flow wp-block-column-is-layout-flow\">\n<figure class=\"wp-block-image size-large\"><img loading=\"lazy\" decoding=\"async\" width=\"1024\" height=\"683\" src=\"https:\/\/digitaljustice.uwr.edu.pl\/wp-content\/uploads\/sites\/21\/2022\/04\/2022_DJ_fot.-DHull_-15-1024x683.jpg\" alt=\"x\" class=\"wp-image-15101\" srcset=\"https:\/\/digitaljustice.uwr.edu.pl\/wp-content\/uploads\/sites\/21\/2022\/04\/2022_DJ_fot.-DHull_-15-1024x683.jpg 1024w, https:\/\/digitaljustice.uwr.edu.pl\/wp-content\/uploads\/sites\/21\/2022\/04\/2022_DJ_fot.-DHull_-15-300x200.jpg 300w, https:\/\/digitaljustice.uwr.edu.pl\/wp-content\/uploads\/sites\/21\/2022\/04\/2022_DJ_fot.-DHull_-15-768x512.jpg 768w, https:\/\/digitaljustice.uwr.edu.pl\/wp-content\/uploads\/sites\/21\/2022\/04\/2022_DJ_fot.-DHull_-15-1536x1024.jpg 1536w, https:\/\/digitaljustice.uwr.edu.pl\/wp-content\/uploads\/sites\/21\/2022\/04\/2022_DJ_fot.-DHull_-15-2048x1365.jpg 2048w, https:\/\/digitaljustice.uwr.edu.pl\/wp-content\/uploads\/sites\/21\/2022\/04\/2022_DJ_fot.-DHull_-15-1320x880.jpg 1320w, https:\/\/digitaljustice.uwr.edu.pl\/wp-content\/uploads\/sites\/21\/2022\/04\/2022_DJ_fot.-DHull_-15-24x16.jpg 24w, https:\/\/digitaljustice.uwr.edu.pl\/wp-content\/uploads\/sites\/21\/2022\/04\/2022_DJ_fot.-DHull_-15-36x24.jpg 36w, https:\/\/digitaljustice.uwr.edu.pl\/wp-content\/uploads\/sites\/21\/2022\/04\/2022_DJ_fot.-DHull_-15-48x32.jpg 48w, https:\/\/digitaljustice.uwr.edu.pl\/wp-content\/uploads\/sites\/21\/2022\/04\/2022_DJ_fot.-DHull_-15.jpg 1600w\" sizes=\"auto, (max-width: 1024px) 100vw, 1024px\" \/><\/figure>\n<\/div>\n\n\n\n<div class=\"wp-block-column bs-contact-right-column is-layout-flow wp-block-column-is-layout-flow\">\n<div class=\"wp-block-bonasoft-modular-breadcrumbs-block\"><div class=\"bs_add_breadcrumb_trail\"><\/div><\/div>\n\n\n\n<hr class=\"wp-block-separator has-text-color has-black-color has-css-opacity has-black-background-color has-background is-style-wide bs-border-kontakt\"\/>\n\n\n\n<h1 class=\"wp-block-heading bs-naglowek-podstrony\"><strong>Michalina Marcia<\/strong><\/h1>\n\n\n\n<p>Michalina Marcia holds a PhD in law, which she earned at the Chair of Constitutional Law (Faculty of Law, Administration and Economics, University of Wroclaw). In April 2025, she defended her PhD thesis on the use of artificial intelligence (AI) in criminal proceedings in the context of defence rights.<\/p>\n\n\n\n<p>She has participated in several national and international research projects. In 2024, she contributed to the project 2023-IT-NET4FEU \u2013 New European Tools for the Financial Interests of the EU, funded by the European Commission and led by Serena Quattrocolo. Her work involved analysing existing Polish legal instruments, such as freezing orders, used to prevent financial offences. Since July 2024, she has been a stipend holder on the National Science Centre-funded project <a href=\"https:\/\/digitaljustice.uwr.edu.pl\/en\/projects\/right-not-to-incriminate-oneself-in-the-digital-era-can-new-challenges-help-us-find-common-foundations-2024-2028\/\">The Right Not to Incriminate Oneself in the Digital Era: Can New Challenges Help Us Find Common Foundations?<\/a> (no. 0201\/0261\/24), led by Wojciech Jasi\u0144ski. Her research in this project explores the potential impact of AI solutions on the privilege against self-incrimination.<\/p>\n\n\n\n<p>Currently, she leads her own National Science Centre project, <a href=\"https:\/\/digitaljustice.uwr.edu.pl\/en\/projects\/ai-and-defence-rights-friends-or-foes-2025-2028\/\">AI and Defence Rights \u2013 Friends or Foes?<\/a> (project no. 2024\/53\/N\/HS5\/01933). This project investigates how AI can be applied in criminal proceedings, whether such applications align with defence rights, and how specific measures can be introduced to ensure proportionality\u2014extending the standards laid out in the AI Act.<\/p>\n\n\n\n<p>She is a member of the Virtual Criminal Justice Network and has been a part of GRAI (Governmental Working Group on AI). During her PhD studies she took part in a number of courses and summer schools, including Arqus Summer School on Integrating Artificial Intelligence in Higher Education in Padova, the EDELNet+ PhD Seminar on Empirical Methods of Legal Research funded by the DAAD_IVAC Programme, and the Summer <a href=\"https:\/\/sicss.io\/\">School of Summer Institute in Computational Social Science<\/a>, where she gained foundational knowledge in R and signal detection theory. She has presented at numerous national and international conferences, including the International Conference on Artificial Intelligence and Law (ICAIL), and participated in events such as the 2024 Wolters Kluwer Legal Hackathon, where she worked on a group project regarding developing an app aiding travellers within the EU acquiring practical information about local legal provisions, differences between regulations in key sectors such as travel insurance, necessary documentation or transport law, making their journey safer.<\/p>\n\n\n\n<p>Her most recent publications include:<\/p>\n\n\n\n<ol start=\"1\" class=\"wp-block-list\">\n<li>Marcia M., <a href=\"https:\/\/brill.com\/display\/book\/9789004708389\/BP000003.xml\"><em>AI Surveillance and Human Rights \u2013 The Perlis and Promises of the AI Act<\/em><\/a><em>,\u00a0<\/em>in:\u00a0<a href=\"https:\/\/brill.com\/display\/title\/70917?language=en&amp;srsltid=AfmBOoq2fmSwEDqfRxYhIlGY-w2OK-6lYzguNPJ69hKq8a7qHqLUjtMc\"><em>European Yearbook on Human Rights<\/em><\/a><em>;\u00a0<\/em>eds. P. Czech, L.\u00a0Heschl, K.\u00a0Lukas, M.\u00a0Nowak, G. Oberleitner, Brill 2025, 38\u201365.\u00a0<\/li>\n\n\n\n<li>Marcia M.,\u00a0<em>Artificial Intelligence \u2013 Based Surveillance, Predictive Analytics and the Right to Information: In Pursuit of Ethical Security,\u00a0<\/em>in<a href=\"https:\/\/www.nomos-elibrary.de\/de\/10.5771\/9783748960546\/legal-challenges-of-disruptive-technologies\">:\u00a0<em>Legal Challenges of Disruptive Technologies<\/em><\/a><em>;<\/em>\u00a0eds. Roman Bieda, Anna Blechov\u00e1, Efrain Fandi\u00f1o L\u00f3pez, Rosalba Potenzano, Nomos, 2025, 55-74.\u00a0<\/li>\n<\/ol>\n\n\n\n<p>ORCID: <a href=\"https:\/\/orcid.org\/0000-0002-7872-8507\">https:\/\/orcid.org\/0000-0002-7872-8507<\/a><\/p>\n\n\n\n<p>Her research interests include the defence rights, access to a lawyer, the impact of emerging technologies on human rights, AI and cybersecurity.<\/p>\n\n\n\n<p>Outside of her academic work, Michalina is a fan of The Lord of the Rings, figure skating, opera, and horse riding.<\/p>\n<\/div>\n<\/div>\n<\/div><\/div><\/div><\/div><\/div><\/div>\n","protected":false},"excerpt":{"rendered":"<p>Michalina Marcia Michalina Marcia holds a PhD in law, which she earned at the Chair of Constitutional Law (Faculty of Law, Administration and Economics, University of Wroclaw). In April 2025, she defended her PhD thesis on the use of artificial intelligence (AI) in criminal proceedings in the context of defence rights. She has participated in [&hellip;]<\/p>\n","protected":false},"author":20,"featured_media":0,"parent":12986,"menu_order":-2,"comment_status":"closed","ping_status":"closed","template":"","meta":{"_acf_changed":false,"inline_featured_image":false,"site-sidebar-layout":"default","site-content-layout":"","ast-site-content-layout":"default","site-content-style":"default","site-sidebar-style":"default","ast-global-header-display":"","ast-banner-title-visibility":"","ast-main-header-display":"","ast-hfb-above-header-display":"","ast-hfb-below-header-display":"","ast-hfb-mobile-header-display":"","site-post-title":"","ast-breadcrumbs-content":"","ast-featured-img":"","footer-sml-layout":"","ast-disable-related-posts":"","theme-transparent-header-meta":"","adv-header-id-meta":"","stick-header-meta":"","header-above-stick-meta":"","header-main-stick-meta":"","header-below-stick-meta":"","astra-migrate-meta-layouts":"set","ast-page-background-enabled":"default","ast-page-background-meta":{"desktop":{"background-color":"","background-image":"","background-repeat":"repeat","background-position":"center center","background-size":"auto","background-attachment":"scroll","background-type":"","background-media":"","overlay-type":"","overlay-color":"","overlay-opacity":"","overlay-gradient":""},"tablet":{"background-color":"","background-image":"","background-repeat":"repeat","background-position":"center center","background-size":"auto","background-attachment":"scroll","background-type":"","background-media":"","overlay-type":"","overlay-color":"","overlay-opacity":"","overlay-gradient":""},"mobile":{"background-color":"","background-image":"","background-repeat":"repeat","background-position":"center center","background-size":"auto","background-attachment":"scroll","background-type":"","background-media":"","overlay-type":"","overlay-color":"","overlay-opacity":"","overlay-gradient":""}},"ast-content-background-meta":{"desktop":{"background-color":"var(--ast-global-color-5)","background-image":"","background-repeat":"repeat","background-position":"center center","background-size":"auto","background-attachment":"scroll","background-type":"","background-media":"","overlay-type":"","overlay-color":"","overlay-opacity":"","overlay-gradient":""},"tablet":{"background-color":"var(--ast-global-color-5)","background-image":"","background-repeat":"repeat","background-position":"center center","background-size":"auto","background-attachment":"scroll","background-type":"","background-media":"","overlay-type":"","overlay-color":"","overlay-opacity":"","overlay-gradient":""},"mobile":{"background-color":"var(--ast-global-color-5)","background-image":"","background-repeat":"repeat","background-position":"center center","background-size":"auto","background-attachment":"scroll","background-type":"","background-media":"","overlay-type":"","overlay-color":"","overlay-opacity":"","overlay-gradient":""}},"footnotes":""},"categories":[],"tags":[],"class_list":["post-13077","page","type-page","status-publish","hentry"],"featured_image_urls_v2":{"full":"","thumbnail":"","medium":"","medium_large":"","large":"","1536x1536":"","2048x2048":"","menu-24x24":"","menu-36x36":"","menu-48x48":""},"post_excerpt_stackable_v2":"<p>Michalina Marcia Michalina Marcia holds a PhD in law, which she earned at the Chair of Constitutional Law (Faculty of Law, Administration and Economics, University of Wroclaw). In April 2025, she defended her PhD thesis on the use of artificial intelligence (AI) in criminal proceedings in the context of defence rights. She has participated in several national and international research projects. In 2024, she contributed to the project 2023-IT-NET4FEU \u2013 New European Tools for the Financial Interests of the EU, funded by the European Commission and led by Serena Quattrocolo. Her work involved analysing existing Polish legal instruments, such as&hellip;<\/p>\n","category_list_v2":"Uncategorized","author_info_v2":{"name":"mmatlinski","url":"https:\/\/digitaljustice.uwr.edu.pl\/en\/author\/mmatlinski\/"},"comments_num_v2":"0 comments","acf":[],"yoast_head":"<!-- This site is optimized with the Yoast SEO plugin v27.1.1 - https:\/\/yoast.com\/product\/yoast-seo-wordpress\/ -->\n<title>Michalina Marcia - Digital Justice Center<\/title>\n<meta name=\"description\" content=\"The Digital Justice Center was established as part of the \u201cExcellence Initiative \u2013 Research University\u201d program at the University of Wroclaw which is one of ten Research Universities in Poland.\" \/>\n<meta name=\"robots\" content=\"index, follow, max-snippet:-1, max-image-preview:large, max-video-preview:-1\" \/>\n<link rel=\"canonical\" href=\"https:\/\/digitaljustice.uwr.edu.pl\/en\/affiliated-researchers\/michalina-marcia\/\" \/>\n<meta property=\"og:locale\" content=\"en_US\" \/>\n<meta property=\"og:type\" content=\"article\" \/>\n<meta property=\"og:title\" content=\"Michalina Marcia - Digital Justice Center\" \/>\n<meta property=\"og:description\" content=\"The Digital Justice Center was established as part of the \u201cExcellence Initiative \u2013 Research University\u201d program at the University of Wroclaw which is one of ten Research Universities in Poland.\" \/>\n<meta property=\"og:url\" content=\"https:\/\/digitaljustice.uwr.edu.pl\/en\/affiliated-researchers\/michalina-marcia\/\" \/>\n<meta property=\"og:site_name\" content=\"Digital Justice Center\" \/>\n<meta property=\"article:modified_time\" content=\"2025-07-25T09:24:47+00:00\" \/>\n<meta property=\"og:image\" content=\"https:\/\/digitaljustice.uwr.edu.pl\/wp-content\/uploads\/sites\/21\/2022\/04\/2022_DJ_fot.-DHull_-15.jpg\" \/>\n\t<meta property=\"og:image:width\" content=\"1600\" \/>\n\t<meta property=\"og:image:height\" content=\"1067\" \/>\n\t<meta property=\"og:image:type\" content=\"image\/jpeg\" \/>\n<meta name=\"twitter:card\" content=\"summary_large_image\" \/>\n<meta name=\"twitter:label1\" content=\"Est. reading time\" \/>\n\t<meta name=\"twitter:data1\" content=\"3 minutes\" \/>\n<script type=\"application\/ld+json\" class=\"yoast-schema-graph\">{\"@context\":\"https:\/\/schema.org\",\"@graph\":[{\"@type\":\"WebPage\",\"@id\":\"https:\/\/digitaljustice.uwr.edu.pl\/en\/affiliated-researchers\/michalina-marcia\/\",\"url\":\"https:\/\/digitaljustice.uwr.edu.pl\/en\/affiliated-researchers\/michalina-marcia\/\",\"name\":\"Michalina Marcia - Digital Justice Center\",\"isPartOf\":{\"@id\":\"https:\/\/digitaljustice.uwr.edu.pl\/en\/#website\"},\"primaryImageOfPage\":{\"@id\":\"https:\/\/digitaljustice.uwr.edu.pl\/en\/affiliated-researchers\/michalina-marcia\/#primaryimage\"},\"image\":{\"@id\":\"https:\/\/digitaljustice.uwr.edu.pl\/en\/affiliated-researchers\/michalina-marcia\/#primaryimage\"},\"thumbnailUrl\":\"https:\/\/digitaljustice.uwr.edu.pl\/wp-content\/uploads\/sites\/21\/2022\/04\/2022_DJ_fot.-DHull_-15-1024x683.jpg\",\"datePublished\":\"2022-02-16T10:42:37+00:00\",\"dateModified\":\"2025-07-25T09:24:47+00:00\",\"description\":\"The Digital Justice Center was established as part of the \u201cExcellence Initiative \u2013 Research University\u201d program at the University of Wroclaw which is one of ten Research Universities in Poland.\",\"breadcrumb\":{\"@id\":\"https:\/\/digitaljustice.uwr.edu.pl\/en\/affiliated-researchers\/michalina-marcia\/#breadcrumb\"},\"inLanguage\":\"en-US\",\"potentialAction\":[{\"@type\":\"ReadAction\",\"target\":[\"https:\/\/digitaljustice.uwr.edu.pl\/en\/affiliated-researchers\/michalina-marcia\/\"]}]},{\"@type\":\"ImageObject\",\"inLanguage\":\"en-US\",\"@id\":\"https:\/\/digitaljustice.uwr.edu.pl\/en\/affiliated-researchers\/michalina-marcia\/#primaryimage\",\"url\":\"https:\/\/digitaljustice.uwr.edu.pl\/wp-content\/uploads\/sites\/21\/2022\/04\/2022_DJ_fot.-DHull_-15-1024x683.jpg\",\"contentUrl\":\"https:\/\/digitaljustice.uwr.edu.pl\/wp-content\/uploads\/sites\/21\/2022\/04\/2022_DJ_fot.-DHull_-15-1024x683.jpg\"},{\"@type\":\"BreadcrumbList\",\"@id\":\"https:\/\/digitaljustice.uwr.edu.pl\/en\/affiliated-researchers\/michalina-marcia\/#breadcrumb\",\"itemListElement\":[{\"@type\":\"ListItem\",\"position\":1,\"name\":\"Main Page\",\"item\":\"https:\/\/digitaljustice.uwr.edu.pl\/en\/\"},{\"@type\":\"ListItem\",\"position\":2,\"name\":\"Affiliated Researchers\",\"item\":\"https:\/\/digitaljustice.uwr.edu.pl\/en\/affiliated-researchers\/\"},{\"@type\":\"ListItem\",\"position\":3,\"name\":\"Michalina Marcia\"}]},{\"@type\":\"WebSite\",\"@id\":\"https:\/\/digitaljustice.uwr.edu.pl\/en\/#website\",\"url\":\"https:\/\/digitaljustice.uwr.edu.pl\/en\/\",\"name\":\"Digital Justice Center\",\"description\":\"Kolejna witryna sieci \u201eUWR Witryny\u201d\",\"publisher\":{\"@id\":\"https:\/\/digitaljustice.uwr.edu.pl\/en\/#organization\"},\"potentialAction\":[{\"@type\":\"SearchAction\",\"target\":{\"@type\":\"EntryPoint\",\"urlTemplate\":\"https:\/\/digitaljustice.uwr.edu.pl\/en\/?s={search_term_string}\"},\"query-input\":{\"@type\":\"PropertyValueSpecification\",\"valueRequired\":true,\"valueName\":\"search_term_string\"}}],\"inLanguage\":\"en-US\"},{\"@type\":\"Organization\",\"@id\":\"https:\/\/digitaljustice.uwr.edu.pl\/en\/#organization\",\"name\":\"Digital Justice Center\",\"url\":\"https:\/\/digitaljustice.uwr.edu.pl\/en\/\",\"logo\":{\"@type\":\"ImageObject\",\"inLanguage\":\"en-US\",\"@id\":\"https:\/\/digitaljustice.uwr.edu.pl\/en\/#\/schema\/logo\/image\/\",\"url\":\"https:\/\/digitaljustice.uwr.edu.pl\/wp-content\/uploads\/sites\/21\/2025\/10\/UWr-logotyp-2025.png\",\"contentUrl\":\"https:\/\/digitaljustice.uwr.edu.pl\/wp-content\/uploads\/sites\/21\/2025\/10\/UWr-logotyp-2025.png\",\"width\":764,\"height\":269,\"caption\":\"Digital Justice Center\"},\"image\":{\"@id\":\"https:\/\/digitaljustice.uwr.edu.pl\/en\/#\/schema\/logo\/image\/\"}}]}<\/script>\n<!-- \/ Yoast SEO plugin. -->","yoast_head_json":{"title":"Michalina Marcia - Digital Justice Center","description":"The Digital Justice Center was established as part of the \u201cExcellence Initiative \u2013 Research University\u201d program at the University of Wroclaw which is one of ten Research Universities in Poland.","robots":{"index":"index","follow":"follow","max-snippet":"max-snippet:-1","max-image-preview":"max-image-preview:large","max-video-preview":"max-video-preview:-1"},"canonical":"https:\/\/digitaljustice.uwr.edu.pl\/en\/affiliated-researchers\/michalina-marcia\/","og_locale":"en_US","og_type":"article","og_title":"Michalina Marcia - Digital Justice Center","og_description":"The Digital Justice Center was established as part of the \u201cExcellence Initiative \u2013 Research University\u201d program at the University of Wroclaw which is one of ten Research Universities in Poland.","og_url":"https:\/\/digitaljustice.uwr.edu.pl\/en\/affiliated-researchers\/michalina-marcia\/","og_site_name":"Digital Justice Center","article_modified_time":"2025-07-25T09:24:47+00:00","og_image":[{"width":1600,"height":1067,"url":"https:\/\/digitaljustice.uwr.edu.pl\/wp-content\/uploads\/sites\/21\/2022\/04\/2022_DJ_fot.-DHull_-15.jpg","type":"image\/jpeg"}],"twitter_card":"summary_large_image","twitter_misc":{"Est. reading time":"3 minutes"},"schema":{"@context":"https:\/\/schema.org","@graph":[{"@type":"WebPage","@id":"https:\/\/digitaljustice.uwr.edu.pl\/en\/affiliated-researchers\/michalina-marcia\/","url":"https:\/\/digitaljustice.uwr.edu.pl\/en\/affiliated-researchers\/michalina-marcia\/","name":"Michalina Marcia - Digital Justice Center","isPartOf":{"@id":"https:\/\/digitaljustice.uwr.edu.pl\/en\/#website"},"primaryImageOfPage":{"@id":"https:\/\/digitaljustice.uwr.edu.pl\/en\/affiliated-researchers\/michalina-marcia\/#primaryimage"},"image":{"@id":"https:\/\/digitaljustice.uwr.edu.pl\/en\/affiliated-researchers\/michalina-marcia\/#primaryimage"},"thumbnailUrl":"https:\/\/digitaljustice.uwr.edu.pl\/wp-content\/uploads\/sites\/21\/2022\/04\/2022_DJ_fot.-DHull_-15-1024x683.jpg","datePublished":"2022-02-16T10:42:37+00:00","dateModified":"2025-07-25T09:24:47+00:00","description":"The Digital Justice Center was established as part of the \u201cExcellence Initiative \u2013 Research University\u201d program at the University of Wroclaw which is one of ten Research Universities in Poland.","breadcrumb":{"@id":"https:\/\/digitaljustice.uwr.edu.pl\/en\/affiliated-researchers\/michalina-marcia\/#breadcrumb"},"inLanguage":"en-US","potentialAction":[{"@type":"ReadAction","target":["https:\/\/digitaljustice.uwr.edu.pl\/en\/affiliated-researchers\/michalina-marcia\/"]}]},{"@type":"ImageObject","inLanguage":"en-US","@id":"https:\/\/digitaljustice.uwr.edu.pl\/en\/affiliated-researchers\/michalina-marcia\/#primaryimage","url":"https:\/\/digitaljustice.uwr.edu.pl\/wp-content\/uploads\/sites\/21\/2022\/04\/2022_DJ_fot.-DHull_-15-1024x683.jpg","contentUrl":"https:\/\/digitaljustice.uwr.edu.pl\/wp-content\/uploads\/sites\/21\/2022\/04\/2022_DJ_fot.-DHull_-15-1024x683.jpg"},{"@type":"BreadcrumbList","@id":"https:\/\/digitaljustice.uwr.edu.pl\/en\/affiliated-researchers\/michalina-marcia\/#breadcrumb","itemListElement":[{"@type":"ListItem","position":1,"name":"Main Page","item":"https:\/\/digitaljustice.uwr.edu.pl\/en\/"},{"@type":"ListItem","position":2,"name":"Affiliated Researchers","item":"https:\/\/digitaljustice.uwr.edu.pl\/en\/affiliated-researchers\/"},{"@type":"ListItem","position":3,"name":"Michalina Marcia"}]},{"@type":"WebSite","@id":"https:\/\/digitaljustice.uwr.edu.pl\/en\/#website","url":"https:\/\/digitaljustice.uwr.edu.pl\/en\/","name":"Digital Justice Center","description":"Kolejna witryna sieci \u201eUWR Witryny\u201d","publisher":{"@id":"https:\/\/digitaljustice.uwr.edu.pl\/en\/#organization"},"potentialAction":[{"@type":"SearchAction","target":{"@type":"EntryPoint","urlTemplate":"https:\/\/digitaljustice.uwr.edu.pl\/en\/?s={search_term_string}"},"query-input":{"@type":"PropertyValueSpecification","valueRequired":true,"valueName":"search_term_string"}}],"inLanguage":"en-US"},{"@type":"Organization","@id":"https:\/\/digitaljustice.uwr.edu.pl\/en\/#organization","name":"Digital Justice Center","url":"https:\/\/digitaljustice.uwr.edu.pl\/en\/","logo":{"@type":"ImageObject","inLanguage":"en-US","@id":"https:\/\/digitaljustice.uwr.edu.pl\/en\/#\/schema\/logo\/image\/","url":"https:\/\/digitaljustice.uwr.edu.pl\/wp-content\/uploads\/sites\/21\/2025\/10\/UWr-logotyp-2025.png","contentUrl":"https:\/\/digitaljustice.uwr.edu.pl\/wp-content\/uploads\/sites\/21\/2025\/10\/UWr-logotyp-2025.png","width":764,"height":269,"caption":"Digital Justice Center"},"image":{"@id":"https:\/\/digitaljustice.uwr.edu.pl\/en\/#\/schema\/logo\/image\/"}}]}},"publishpress_future_action":{"enabled":false,"date":"2026-04-30 05:00:40","action":"change-status","newStatus":"draft","terms":[],"taxonomy":"category","extraData":[]},"publishpress_future_workflow_manual_trigger":{"enabledWorkflows":[]},"_links":{"self":[{"href":"https:\/\/digitaljustice.uwr.edu.pl\/en\/wp-json\/wp\/v2\/pages\/13077\/"}],"collection":[{"href":"https:\/\/digitaljustice.uwr.edu.pl\/en\/wp-json\/wp\/v2\/pages\/"}],"about":[{"href":"https:\/\/digitaljustice.uwr.edu.pl\/en\/wp-json\/wp\/v2\/types\/page\/"}],"author":[{"embeddable":true,"href":"https:\/\/digitaljustice.uwr.edu.pl\/en\/wp-json\/wp\/v2\/users\/20\/"}],"replies":[{"embeddable":true,"href":"https:\/\/digitaljustice.uwr.edu.pl\/en\/wp-json\/wp\/v2\/comments\/?post=13077"}],"version-history":[{"count":3,"href":"https:\/\/digitaljustice.uwr.edu.pl\/en\/wp-json\/wp\/v2\/pages\/13077\/revisions\/"}],"predecessor-version":[{"id":22510,"href":"https:\/\/digitaljustice.uwr.edu.pl\/en\/wp-json\/wp\/v2\/pages\/13077\/revisions\/22510\/"}],"up":[{"embeddable":true,"href":"https:\/\/digitaljustice.uwr.edu.pl\/en\/wp-json\/wp\/v2\/pages\/12986\/"}],"wp:attachment":[{"href":"https:\/\/digitaljustice.uwr.edu.pl\/en\/wp-json\/wp\/v2\/media\/?parent=13077"}],"wp:term":[{"taxonomy":"category","embeddable":true,"href":"https:\/\/digitaljustice.uwr.edu.pl\/en\/wp-json\/wp\/v2\/categories\/?post=13077"},{"taxonomy":"post_tag","embeddable":true,"href":"https:\/\/digitaljustice.uwr.edu.pl\/en\/wp-json\/wp\/v2\/tags\/?post=13077"}],"curies":[{"name":"wp","href":"https:\/\/api.w.org\/{rel}","templated":true}]}}