{"id":13027,"date":"2022-02-16T11:30:48","date_gmt":"2022-02-16T10:30:48","guid":{"rendered":"https:\/\/digitaljustice.test.uwr.edu.pl\/?page_id=13027"},"modified":"2024-09-19T11:13:23","modified_gmt":"2024-09-19T09:13:23","slug":"wojciech-jasinski","status":"publish","type":"page","link":"https:\/\/digitaljustice.uwr.edu.pl\/en\/core-team\/wojciech-jasinski\/","title":{"rendered":"Wojciech Jasi\u0144ski"},"content":{"rendered":"\n<div class=\"wp-block-columns is-layout-flex wp-block-columns-is-layout-flex\">\n<div class=\"wp-block-column is-layout-flow wp-block-column-is-layout-flow\" style=\"flex-basis:100%\">\n<div class=\"wp-block-bonasoft-modular-breadcrumbs-block\"><div class=\"bs_add_breadcrumb_trail\"><\/div><\/div>\n<\/div>\n<\/div>\n\n\n\n<div class=\"wp-block-ugb-container ugb-container ugb-8dda971 ugb-container--v2 ugb-container--design-plain ugb-main-block\"><div class=\"ugb-inner-block\"><div class=\"ugb-block-content\"><div class=\"ugb-container__wrapper ugb-8dda971-wrapper\"><div class=\"ugb-container__side\"><div class=\"ugb-container__content-wrapper ugb-8dda971-content-wrapper\">\n<div class=\"wp-block-columns bs-news-page is-layout-flex wp-block-columns-is-layout-flex\">\n<div class=\"wp-block-column bs-kontakt-photo is-layout-flow wp-block-column-is-layout-flow\">\n<figure class=\"wp-block-image size-large\"><img loading=\"lazy\" decoding=\"async\" width=\"1024\" height=\"683\" src=\"https:\/\/digitaljustice.uwr.edu.pl\/wp-content\/uploads\/sites\/21\/2022\/06\/8.06.22_Digital-Justice_fot.-Dominika-Hull-29-1024x683.jpg\" alt=\"x\" class=\"wp-image-16114\" srcset=\"https:\/\/digitaljustice.uwr.edu.pl\/wp-content\/uploads\/sites\/21\/2022\/06\/8.06.22_Digital-Justice_fot.-Dominika-Hull-29-1024x683.jpg 1024w, https:\/\/digitaljustice.uwr.edu.pl\/wp-content\/uploads\/sites\/21\/2022\/06\/8.06.22_Digital-Justice_fot.-Dominika-Hull-29-300x200.jpg 300w, https:\/\/digitaljustice.uwr.edu.pl\/wp-content\/uploads\/sites\/21\/2022\/06\/8.06.22_Digital-Justice_fot.-Dominika-Hull-29-768x512.jpg 768w, https:\/\/digitaljustice.uwr.edu.pl\/wp-content\/uploads\/sites\/21\/2022\/06\/8.06.22_Digital-Justice_fot.-Dominika-Hull-29-1536x1024.jpg 1536w, https:\/\/digitaljustice.uwr.edu.pl\/wp-content\/uploads\/sites\/21\/2022\/06\/8.06.22_Digital-Justice_fot.-Dominika-Hull-29-2048x1365.jpg 2048w, https:\/\/digitaljustice.uwr.edu.pl\/wp-content\/uploads\/sites\/21\/2022\/06\/8.06.22_Digital-Justice_fot.-Dominika-Hull-29-1320x880.jpg 1320w, https:\/\/digitaljustice.uwr.edu.pl\/wp-content\/uploads\/sites\/21\/2022\/06\/8.06.22_Digital-Justice_fot.-Dominika-Hull-29-24x16.jpg 24w, https:\/\/digitaljustice.uwr.edu.pl\/wp-content\/uploads\/sites\/21\/2022\/06\/8.06.22_Digital-Justice_fot.-Dominika-Hull-29-36x24.jpg 36w, https:\/\/digitaljustice.uwr.edu.pl\/wp-content\/uploads\/sites\/21\/2022\/06\/8.06.22_Digital-Justice_fot.-Dominika-Hull-29-48x32.jpg 48w, https:\/\/digitaljustice.uwr.edu.pl\/wp-content\/uploads\/sites\/21\/2022\/06\/8.06.22_Digital-Justice_fot.-Dominika-Hull-29.jpg 1600w\" sizes=\"auto, (max-width: 1024px) 100vw, 1024px\" \/><\/figure>\n<\/div>\n\n\n\n<div class=\"wp-block-column bs-contact-right-column is-layout-flow wp-block-column-is-layout-flow\">\n<hr class=\"wp-block-separator has-text-color has-black-color has-css-opacity has-black-background-color has-background is-style-wide bs-border-kontakt\"\/>\n\n\n\n<h1 class=\"wp-block-heading bs-naglowek-podstrony\" id=\"wojciech-jasinski\"><strong>Wojciech Jasi\u0144ski<\/strong><\/h1>\n\n\n\n<p><strong>Wojciech Jasi\u0144ski<\/strong>, Ph.D. habilitation in law, works as an Assistant Professor at the Digital Justice Center at the University of Wroc\u0142aw (Poland) and as a Member of the Research and Analyses Bureau of the Polish Supreme Court. He is also a Member of the Legal Expert Group of Stefan Batory Foundation, one of the leading Polish NGOs.<\/p>\n\n\n\n<p>Wojciech Jasi\u0144ski was awarded a French Government Scholarship (Universit\u00e9 Paris 1 Panth\u00e9on-Sorbonne) and a Minister of Science and Higher Education Scholarship for Outstanding Young Researchers. He participated both as a leader and a member of research team in several national and international scientific projects including \u2018Compensation for Wrongful Deprivation of Liberty. Theory and Practice\u2019 funded by the Polish National Science Centre and \u201cKnowledge, Advisory and Capacity Building Information Tool for Criminal Procedural Rights in Judicial Cooperation\u201d (CROSSJUSTICE) funded by the EU.<\/p>\n\n\n\n<p>Wojciech publishes in Polish and English on various aspects of criminal procedure, law of evidence and human rights in criminal proceedings. His habilitation book regarding illegally obtained evidence in criminal proceedings was awarded first prize in the Competition for the most useful law book for the judicial system\u2019s practice in 2019 organized by Wolters Kluwer Poland.<\/p>\n\n\n\n<p>Apart from being a researcher and an academic teacher Wojciech is also an enthusiast of basketball, black metal, cinema, travel and Asian cuisine.<\/p>\n\n\n\n<p>ORCID: <a href=\"https:\/\/orcid.org\/0000-0002-7427-1474\" target=\"_blank\" rel=\"noreferrer noopener\">orcid.org\/0000-0002-7427-1474<\/a><\/p>\n\n\n\n<p>List of top 5 publications:<\/p>\n\n\n\n<ol class=\"wp-block-list\">\n<li>Jasi\u0144ski Wojciech, Fazekas J\u00e1nos, Lasagni Giulia, Lennon Genevieve, <em><a href=\"https:\/\/link.springer.com\/chapter\/10.1007\/978-3-031-41363-6_6\">Legal Remedies for Victims of Unlawful Police Stops: European and Domestic Contexts<\/a> <\/em>in: <em>Governing Police Stops Across Europe<\/em> \/ eds. Elizabeth Aston, Sofie De Kimpe, J\u00e1nos Fazekas, Genevieve Lennon, Mike Rowe Palgrave Macmillan, Cham, 2024, pp. 159\u2013195. ISBN 978-3-031-41362-9.<\/li>\n\n\n\n<li>Jasi\u0144ski Wojciech, Kremens Karolina (eds.) <em>Compensation for wrongful convictions: a comparative perspective,<\/em> Routledge, London, 2023, pp. 260. ISBN 9781003229414 <a href=\"https:\/\/doi.org\/10.4324\/9781003229414\">https:\/\/doi.org\/10.4324\/9781003229414<\/a>.<\/li>\n\n\n\n<li>Jasi\u0144ski Wojciech,<em> <\/em><a href=\"https:\/\/opil.ouplaw.com\/display\/10.1093\/law-mpeipro\/e3875.013.3875\/law-mpeipro-e3875\"><em>Illegally Obtained Evidence: International Criminal Courts and Tribunals<\/em> <\/a>in: <em>Max Planck Encyclopedia of International Procedural Law<\/em> \/ ed. H\u00e9l\u00e8ne Ruiz Fabri, Oxford University Press, Oxford, 2022, online ISBN 9780191872549.<\/li>\n\n\n\n<li>Jasi\u0144ski Wojciech, <em>Defining Rape: In Quest of the Optimal Solution<\/em> in: Consent and Sexual Offenses: Comparative Perspectives \/ eds. Elisa Hoven, Thomas Weigend Nomos Verlagsgesellschaft mbH &amp; Co. KG, Baden-Baden, 2022, pp. 11-24. ISBN 978-3-8487-8653-4. [<a href=\"https:\/\/www.nomos-elibrary.de\/10.5771\/9783748930242-11\/defining-rape-in-quest-of-the-optimal-solution?page=3\">open access<\/a>]<\/li>\n\n\n\n<li>Jasi\u0144ski Wojciech, <em><a href=\"https:\/\/brill.com\/view\/journals\/eccl\/29\/2\/article-p127_127.xml?ebody=Abstract%2FExcerpt\">Admissibility of evidence obtained by torture and inhuman or degrading treatment: does the European Court of Human Rights offer a coherent and convincing approach?<\/a><\/em>, European Journal of Crime, Criminal Law and Criminal Justice, 2021, vol. 29(2), pp. 127\u2013153. ISSN 0928-9569.<\/li>\n<\/ol>\n\n\n\n<p><\/p>\n<\/div>\n<\/div>\n\n\n\n<div class=\"wp-block-ugb-container ugb-container bs-news-page-under ugb-f8694ce ugb-container--v2 ugb-container--design-plain ugb-main-block\"><div class=\"ugb-inner-block\"><div class=\"ugb-block-content\"><div class=\"ugb-container__wrapper ugb-f8694ce-wrapper\"><div class=\"ugb-container__side\"><div class=\"ugb-container__content-wrapper ugb-f8694ce-content-wrapper\">\n<p><\/p>\n\n\n\n<p><\/p>\n\n\n\n<p><\/p>\n\n\n\n<p><\/p>\n<\/div><\/div><\/div><\/div><\/div><\/div>\n<\/div><\/div><\/div><\/div><\/div><\/div>\n","protected":false},"excerpt":{"rendered":"<p>Wojciech Jasi\u0144ski Wojciech Jasi\u0144ski, Ph.D. habilitation in law, works as an Assistant Professor at the Digital Justice Center at the University of Wroc\u0142aw (Poland) and as a Member of the Research and Analyses Bureau of the Polish Supreme Court. He is also a Member of the Legal Expert Group of Stefan Batory Foundation, one of [&hellip;]<\/p>\n","protected":false},"author":20,"featured_media":0,"parent":14269,"menu_order":2,"comment_status":"closed","ping_status":"closed","template":"","meta":{"_acf_changed":false,"inline_featured_image":false,"site-sidebar-layout":"default","site-content-layout":"","ast-site-content-layout":"default","site-content-style":"default","site-sidebar-style":"default","ast-global-header-display":"","ast-banner-title-visibility":"","ast-main-header-display":"","ast-hfb-above-header-display":"","ast-hfb-below-header-display":"","ast-hfb-mobile-header-display":"","site-post-title":"","ast-breadcrumbs-content":"","ast-featured-img":"","footer-sml-layout":"","ast-disable-related-posts":"","theme-transparent-header-meta":"","adv-header-id-meta":"","stick-header-meta":"","header-above-stick-meta":"","header-main-stick-meta":"","header-below-stick-meta":"","astra-migrate-meta-layouts":"set","ast-page-background-enabled":"default","ast-page-background-meta":{"desktop":{"background-color":"","background-image":"","background-repeat":"repeat","background-position":"center center","background-size":"auto","background-attachment":"scroll","background-type":"","background-media":"","overlay-type":"","overlay-color":"","overlay-opacity":"","overlay-gradient":""},"tablet":{"background-color":"","background-image":"","background-repeat":"repeat","background-position":"center center","background-size":"auto","background-attachment":"scroll","background-type":"","background-media":"","overlay-type":"","overlay-color":"","overlay-opacity":"","overlay-gradient":""},"mobile":{"background-color":"","background-image":"","background-repeat":"repeat","background-position":"center center","background-size":"auto","background-attachment":"scroll","background-type":"","background-media":"","overlay-type":"","overlay-color":"","overlay-opacity":"","overlay-gradient":""}},"ast-content-background-meta":{"desktop":{"background-color":"var(--ast-global-color-5)","background-image":"","background-repeat":"repeat","background-position":"center center","background-size":"auto","background-attachment":"scroll","background-type":"","background-media":"","overlay-type":"","overlay-color":"","overlay-opacity":"","overlay-gradient":""},"tablet":{"background-color":"var(--ast-global-color-5)","background-image":"","background-repeat":"repeat","background-position":"center center","background-size":"auto","background-attachment":"scroll","background-type":"","background-media":"","overlay-type":"","overlay-color":"","overlay-opacity":"","overlay-gradient":""},"mobile":{"background-color":"var(--ast-global-color-5)","background-image":"","background-repeat":"repeat","background-position":"center center","background-size":"auto","background-attachment":"scroll","background-type":"","background-media":"","overlay-type":"","overlay-color":"","overlay-opacity":"","overlay-gradient":""}},"footnotes":""},"categories":[],"tags":[],"class_list":["post-13027","page","type-page","status-publish","hentry"],"featured_image_urls_v2":{"full":"","thumbnail":"","medium":"","medium_large":"","large":"","1536x1536":"","2048x2048":"","menu-24x24":"","menu-36x36":"","menu-48x48":""},"post_excerpt_stackable_v2":"<p>Wojciech Jasi\u0144ski Wojciech Jasi\u0144ski, Ph.D. habilitation in law, works as an Assistant Professor at the Digital Justice Center at the University of Wroc\u0142aw (Poland) and as a Member of the Research and Analyses Bureau of the Polish Supreme Court. He is also a Member of the Legal Expert Group of Stefan Batory Foundation, one of the leading Polish NGOs. Wojciech Jasi\u0144ski was awarded a French Government Scholarship (Universit\u00e9 Paris 1 Panth\u00e9on-Sorbonne) and a Minister of Science and Higher Education Scholarship for Outstanding Young Researchers. He participated both as a leader and a member of research team in several national and&hellip;<\/p>\n","category_list_v2":"Uncategorized","author_info_v2":{"name":"mmatlinski","url":"https:\/\/digitaljustice.uwr.edu.pl\/en\/author\/mmatlinski\/"},"comments_num_v2":"0 comments","acf":[],"yoast_head":"<!-- This site is optimized with the Yoast SEO plugin v27.1.1 - https:\/\/yoast.com\/product\/yoast-seo-wordpress\/ -->\n<title>Wojciech Jasi\u0144ski - Digital Justice Center<\/title>\n<meta name=\"description\" content=\"The Digital Justice Center was established as part of the \u201cExcellence Initiative \u2013 Research University\u201d program at the University of Wroclaw which is one of ten Research Universities in Poland.\" \/>\n<meta name=\"robots\" content=\"index, follow, max-snippet:-1, max-image-preview:large, max-video-preview:-1\" \/>\n<link rel=\"canonical\" href=\"https:\/\/digitaljustice.uwr.edu.pl\/en\/core-team\/wojciech-jasinski\/\" \/>\n<meta property=\"og:locale\" content=\"en_US\" \/>\n<meta property=\"og:type\" content=\"article\" \/>\n<meta property=\"og:title\" content=\"Wojciech Jasi\u0144ski - Digital Justice Center\" \/>\n<meta property=\"og:description\" content=\"The Digital Justice Center was established as part of the \u201cExcellence Initiative \u2013 Research University\u201d program at the University of Wroclaw which is one of ten Research Universities in Poland.\" \/>\n<meta property=\"og:url\" content=\"https:\/\/digitaljustice.uwr.edu.pl\/en\/core-team\/wojciech-jasinski\/\" \/>\n<meta property=\"og:site_name\" content=\"Digital Justice Center\" \/>\n<meta property=\"article:modified_time\" content=\"2024-09-19T09:13:23+00:00\" \/>\n<meta property=\"og:image\" content=\"https:\/\/digitaljustice.uwr.edu.pl\/wp-content\/uploads\/sites\/21\/2022\/06\/8.06.22_Digital-Justice_fot.-Dominika-Hull-29-1024x683.jpg\" \/>\n<meta name=\"twitter:card\" content=\"summary_large_image\" \/>\n<meta name=\"twitter:label1\" content=\"Est. reading time\" \/>\n\t<meta name=\"twitter:data1\" content=\"2 minutes\" \/>\n<script type=\"application\/ld+json\" class=\"yoast-schema-graph\">{\"@context\":\"https:\/\/schema.org\",\"@graph\":[{\"@type\":\"WebPage\",\"@id\":\"https:\/\/digitaljustice.uwr.edu.pl\/en\/core-team\/wojciech-jasinski\/\",\"url\":\"https:\/\/digitaljustice.uwr.edu.pl\/en\/core-team\/wojciech-jasinski\/\",\"name\":\"Wojciech Jasi\u0144ski - Digital Justice Center\",\"isPartOf\":{\"@id\":\"https:\/\/digitaljustice.uwr.edu.pl\/en\/#website\"},\"primaryImageOfPage\":{\"@id\":\"https:\/\/digitaljustice.uwr.edu.pl\/en\/core-team\/wojciech-jasinski\/#primaryimage\"},\"image\":{\"@id\":\"https:\/\/digitaljustice.uwr.edu.pl\/en\/core-team\/wojciech-jasinski\/#primaryimage\"},\"thumbnailUrl\":\"https:\/\/digitaljustice.uwr.edu.pl\/wp-content\/uploads\/sites\/21\/2022\/06\/8.06.22_Digital-Justice_fot.-Dominika-Hull-29-1024x683.jpg\",\"datePublished\":\"2022-02-16T10:30:48+00:00\",\"dateModified\":\"2024-09-19T09:13:23+00:00\",\"description\":\"The Digital Justice Center was established as part of the \u201cExcellence Initiative \u2013 Research University\u201d program at the University of Wroclaw which is one of ten Research Universities in Poland.\",\"breadcrumb\":{\"@id\":\"https:\/\/digitaljustice.uwr.edu.pl\/en\/core-team\/wojciech-jasinski\/#breadcrumb\"},\"inLanguage\":\"en-US\",\"potentialAction\":[{\"@type\":\"ReadAction\",\"target\":[\"https:\/\/digitaljustice.uwr.edu.pl\/en\/core-team\/wojciech-jasinski\/\"]}]},{\"@type\":\"ImageObject\",\"inLanguage\":\"en-US\",\"@id\":\"https:\/\/digitaljustice.uwr.edu.pl\/en\/core-team\/wojciech-jasinski\/#primaryimage\",\"url\":\"https:\/\/digitaljustice.uwr.edu.pl\/wp-content\/uploads\/sites\/21\/2022\/06\/8.06.22_Digital-Justice_fot.-Dominika-Hull-29-1024x683.jpg\",\"contentUrl\":\"https:\/\/digitaljustice.uwr.edu.pl\/wp-content\/uploads\/sites\/21\/2022\/06\/8.06.22_Digital-Justice_fot.-Dominika-Hull-29-1024x683.jpg\"},{\"@type\":\"BreadcrumbList\",\"@id\":\"https:\/\/digitaljustice.uwr.edu.pl\/en\/core-team\/wojciech-jasinski\/#breadcrumb\",\"itemListElement\":[{\"@type\":\"ListItem\",\"position\":1,\"name\":\"Main Page\",\"item\":\"https:\/\/digitaljustice.uwr.edu.pl\/en\/\"},{\"@type\":\"ListItem\",\"position\":2,\"name\":\"Core Team\",\"item\":\"https:\/\/digitaljustice.uwr.edu.pl\/en\/core-team\/\"},{\"@type\":\"ListItem\",\"position\":3,\"name\":\"Wojciech Jasi\u0144ski\"}]},{\"@type\":\"WebSite\",\"@id\":\"https:\/\/digitaljustice.uwr.edu.pl\/en\/#website\",\"url\":\"https:\/\/digitaljustice.uwr.edu.pl\/en\/\",\"name\":\"Digital Justice Center\",\"description\":\"Kolejna witryna sieci \u201eUWR Witryny\u201d\",\"publisher\":{\"@id\":\"https:\/\/digitaljustice.uwr.edu.pl\/en\/#organization\"},\"potentialAction\":[{\"@type\":\"SearchAction\",\"target\":{\"@type\":\"EntryPoint\",\"urlTemplate\":\"https:\/\/digitaljustice.uwr.edu.pl\/en\/?s={search_term_string}\"},\"query-input\":{\"@type\":\"PropertyValueSpecification\",\"valueRequired\":true,\"valueName\":\"search_term_string\"}}],\"inLanguage\":\"en-US\"},{\"@type\":\"Organization\",\"@id\":\"https:\/\/digitaljustice.uwr.edu.pl\/en\/#organization\",\"name\":\"Digital Justice Center\",\"url\":\"https:\/\/digitaljustice.uwr.edu.pl\/en\/\",\"logo\":{\"@type\":\"ImageObject\",\"inLanguage\":\"en-US\",\"@id\":\"https:\/\/digitaljustice.uwr.edu.pl\/en\/#\/schema\/logo\/image\/\",\"url\":\"https:\/\/digitaljustice.uwr.edu.pl\/wp-content\/uploads\/sites\/21\/2025\/10\/UWr-logotyp-2025.png\",\"contentUrl\":\"https:\/\/digitaljustice.uwr.edu.pl\/wp-content\/uploads\/sites\/21\/2025\/10\/UWr-logotyp-2025.png\",\"width\":764,\"height\":269,\"caption\":\"Digital Justice Center\"},\"image\":{\"@id\":\"https:\/\/digitaljustice.uwr.edu.pl\/en\/#\/schema\/logo\/image\/\"}}]}<\/script>\n<!-- \/ Yoast SEO plugin. -->","yoast_head_json":{"title":"Wojciech Jasi\u0144ski - Digital Justice Center","description":"The Digital Justice Center was established as part of the \u201cExcellence Initiative \u2013 Research University\u201d program at the University of Wroclaw which is one of ten Research Universities in Poland.","robots":{"index":"index","follow":"follow","max-snippet":"max-snippet:-1","max-image-preview":"max-image-preview:large","max-video-preview":"max-video-preview:-1"},"canonical":"https:\/\/digitaljustice.uwr.edu.pl\/en\/core-team\/wojciech-jasinski\/","og_locale":"en_US","og_type":"article","og_title":"Wojciech Jasi\u0144ski - Digital Justice Center","og_description":"The Digital Justice Center was established as part of the \u201cExcellence Initiative \u2013 Research University\u201d program at the University of Wroclaw which is one of ten Research Universities in Poland.","og_url":"https:\/\/digitaljustice.uwr.edu.pl\/en\/core-team\/wojciech-jasinski\/","og_site_name":"Digital Justice Center","article_modified_time":"2024-09-19T09:13:23+00:00","og_image":[{"url":"https:\/\/digitaljustice.uwr.edu.pl\/wp-content\/uploads\/sites\/21\/2022\/06\/8.06.22_Digital-Justice_fot.-Dominika-Hull-29-1024x683.jpg","type":"","width":"","height":""}],"twitter_card":"summary_large_image","twitter_misc":{"Est. reading time":"2 minutes"},"schema":{"@context":"https:\/\/schema.org","@graph":[{"@type":"WebPage","@id":"https:\/\/digitaljustice.uwr.edu.pl\/en\/core-team\/wojciech-jasinski\/","url":"https:\/\/digitaljustice.uwr.edu.pl\/en\/core-team\/wojciech-jasinski\/","name":"Wojciech Jasi\u0144ski - Digital Justice Center","isPartOf":{"@id":"https:\/\/digitaljustice.uwr.edu.pl\/en\/#website"},"primaryImageOfPage":{"@id":"https:\/\/digitaljustice.uwr.edu.pl\/en\/core-team\/wojciech-jasinski\/#primaryimage"},"image":{"@id":"https:\/\/digitaljustice.uwr.edu.pl\/en\/core-team\/wojciech-jasinski\/#primaryimage"},"thumbnailUrl":"https:\/\/digitaljustice.uwr.edu.pl\/wp-content\/uploads\/sites\/21\/2022\/06\/8.06.22_Digital-Justice_fot.-Dominika-Hull-29-1024x683.jpg","datePublished":"2022-02-16T10:30:48+00:00","dateModified":"2024-09-19T09:13:23+00:00","description":"The Digital Justice Center was established as part of the \u201cExcellence Initiative \u2013 Research University\u201d program at the University of Wroclaw which is one of ten Research Universities in Poland.","breadcrumb":{"@id":"https:\/\/digitaljustice.uwr.edu.pl\/en\/core-team\/wojciech-jasinski\/#breadcrumb"},"inLanguage":"en-US","potentialAction":[{"@type":"ReadAction","target":["https:\/\/digitaljustice.uwr.edu.pl\/en\/core-team\/wojciech-jasinski\/"]}]},{"@type":"ImageObject","inLanguage":"en-US","@id":"https:\/\/digitaljustice.uwr.edu.pl\/en\/core-team\/wojciech-jasinski\/#primaryimage","url":"https:\/\/digitaljustice.uwr.edu.pl\/wp-content\/uploads\/sites\/21\/2022\/06\/8.06.22_Digital-Justice_fot.-Dominika-Hull-29-1024x683.jpg","contentUrl":"https:\/\/digitaljustice.uwr.edu.pl\/wp-content\/uploads\/sites\/21\/2022\/06\/8.06.22_Digital-Justice_fot.-Dominika-Hull-29-1024x683.jpg"},{"@type":"BreadcrumbList","@id":"https:\/\/digitaljustice.uwr.edu.pl\/en\/core-team\/wojciech-jasinski\/#breadcrumb","itemListElement":[{"@type":"ListItem","position":1,"name":"Main Page","item":"https:\/\/digitaljustice.uwr.edu.pl\/en\/"},{"@type":"ListItem","position":2,"name":"Core Team","item":"https:\/\/digitaljustice.uwr.edu.pl\/en\/core-team\/"},{"@type":"ListItem","position":3,"name":"Wojciech Jasi\u0144ski"}]},{"@type":"WebSite","@id":"https:\/\/digitaljustice.uwr.edu.pl\/en\/#website","url":"https:\/\/digitaljustice.uwr.edu.pl\/en\/","name":"Digital Justice Center","description":"Kolejna witryna sieci \u201eUWR Witryny\u201d","publisher":{"@id":"https:\/\/digitaljustice.uwr.edu.pl\/en\/#organization"},"potentialAction":[{"@type":"SearchAction","target":{"@type":"EntryPoint","urlTemplate":"https:\/\/digitaljustice.uwr.edu.pl\/en\/?s={search_term_string}"},"query-input":{"@type":"PropertyValueSpecification","valueRequired":true,"valueName":"search_term_string"}}],"inLanguage":"en-US"},{"@type":"Organization","@id":"https:\/\/digitaljustice.uwr.edu.pl\/en\/#organization","name":"Digital Justice Center","url":"https:\/\/digitaljustice.uwr.edu.pl\/en\/","logo":{"@type":"ImageObject","inLanguage":"en-US","@id":"https:\/\/digitaljustice.uwr.edu.pl\/en\/#\/schema\/logo\/image\/","url":"https:\/\/digitaljustice.uwr.edu.pl\/wp-content\/uploads\/sites\/21\/2025\/10\/UWr-logotyp-2025.png","contentUrl":"https:\/\/digitaljustice.uwr.edu.pl\/wp-content\/uploads\/sites\/21\/2025\/10\/UWr-logotyp-2025.png","width":764,"height":269,"caption":"Digital Justice Center"},"image":{"@id":"https:\/\/digitaljustice.uwr.edu.pl\/en\/#\/schema\/logo\/image\/"}}]}},"publishpress_future_action":{"enabled":false,"date":"2026-04-23 10:18:43","action":"change-status","newStatus":"draft","terms":[],"taxonomy":"category","extraData":[]},"publishpress_future_workflow_manual_trigger":{"enabledWorkflows":[]},"_links":{"self":[{"href":"https:\/\/digitaljustice.uwr.edu.pl\/en\/wp-json\/wp\/v2\/pages\/13027\/"}],"collection":[{"href":"https:\/\/digitaljustice.uwr.edu.pl\/en\/wp-json\/wp\/v2\/pages\/"}],"about":[{"href":"https:\/\/digitaljustice.uwr.edu.pl\/en\/wp-json\/wp\/v2\/types\/page\/"}],"author":[{"embeddable":true,"href":"https:\/\/digitaljustice.uwr.edu.pl\/en\/wp-json\/wp\/v2\/users\/20\/"}],"replies":[{"embeddable":true,"href":"https:\/\/digitaljustice.uwr.edu.pl\/en\/wp-json\/wp\/v2\/comments\/?post=13027"}],"version-history":[{"count":11,"href":"https:\/\/digitaljustice.uwr.edu.pl\/en\/wp-json\/wp\/v2\/pages\/13027\/revisions\/"}],"predecessor-version":[{"id":20438,"href":"https:\/\/digitaljustice.uwr.edu.pl\/en\/wp-json\/wp\/v2\/pages\/13027\/revisions\/20438\/"}],"up":[{"embeddable":true,"href":"https:\/\/digitaljustice.uwr.edu.pl\/en\/wp-json\/wp\/v2\/pages\/14269\/"}],"wp:attachment":[{"href":"https:\/\/digitaljustice.uwr.edu.pl\/en\/wp-json\/wp\/v2\/media\/?parent=13027"}],"wp:term":[{"taxonomy":"category","embeddable":true,"href":"https:\/\/digitaljustice.uwr.edu.pl\/en\/wp-json\/wp\/v2\/categories\/?post=13027"},{"taxonomy":"post_tag","embeddable":true,"href":"https:\/\/digitaljustice.uwr.edu.pl\/en\/wp-json\/wp\/v2\/tags\/?post=13027"}],"curies":[{"name":"wp","href":"https:\/\/api.w.org\/{rel}","templated":true}]}}